{"id":1048,"date":"2013-05-20T14:25:16","date_gmt":"2013-05-20T12:25:16","guid":{"rendered":"http:\/\/merkezzekeriyakoy.com\/?page_id=1048"},"modified":"2013-06-12T14:34:05","modified_gmt":"2013-06-12T12:34:05","slug":"zekeriyakoy-spor-tesisleri","status":"publish","type":"page","link":"https:\/\/merkezzekeriyakoy.com\/en\/merkezde-yasam\/zekeriyakoy-spor-tesisleri\/","title":{"rendered":"Zekeriyak\u00f6y Sport Club"},"content":{"rendered":"<p><strong>Zekeriyak\u00f6y is at the centre of the sports&#8230;<\/strong><\/p>\n<p>You could live the enjoyment of tennis playing to the full at the Zekeriyak\u00f6y Sports\u00a0Club situated right next to the Merkez Zekeriyak\u00f6y in which three open tennis courts\u00a0as two of these have flood lights, one covered tennis court and a balloon court that\u00a0is used in winter times are available.<\/p>\n","protected":false},"excerpt":{"rendered":"<p>Zekeriyak\u00f6y is at the centre of the sports&#8230; You could live the enjoyment of tennis playing to the full at the Zekeriyak\u00f6y Sports\u00a0Club situated right next to the Merkez Zekeriyak\u00f6y in which three open tennis courts\u00a0as two of these have flood lights, one covered tennis court and a balloon court&#8230; <br \/><a class=\"rm-link excerpt-rm-link\" href=\"https:\/\/merkezzekeriyakoy.com\/en\/merkezde-yasam\/zekeriyakoy-spor-tesisleri\/\">Read More<\/a><\/p>\n","protected":false},"author":1,"featured_media":0,"parent":12,"menu_order":2,"comment_status":"open","ping_status":"closed","template":"","meta":[],"yoast_head":"<!-- This site is optimized with the Yoast SEO plugin v20.2.1 - https:\/\/yoast.com\/wordpress\/plugins\/seo\/ -->\n<title>Zekeriyak\u00f6y Sport Club &laquo; Merkez Zekeriyak\u00f6y<\/title>\n<meta name=\"robots\" content=\"index, follow, max-snippet:-1, max-image-preview:large, max-video-preview:-1\" \/>\n<link rel=\"canonical\" href=\"https:\/\/merkezzekeriyakoy.com\/merkezde-yasam\/zekeriyakoy-spor-tesisleri\/\" \/>\n<meta property=\"og:locale\" content=\"en_US\" \/>\n<meta property=\"og:type\" content=\"article\" \/>\n<meta property=\"og:title\" content=\"Zekeriyak\u00f6y Spor TesisleriZekeriyak\u00f6y Sport Club &laquo; Merkez Zekeriyak\u00f6y\" \/>\n<meta property=\"og:description\" content=\"Zekeriyak\u00f6y is at the centre of the sports&#8230; You could live the enjoyment of tennis playing to the full at the Zekeriyak\u00f6y Sports\u00a0Club situated right next to the Merkez Zekeriyak\u00f6y in which three open tennis courts\u00a0as two of these have flood lights, one covered tennis court and a balloon court... Read More\" \/>\n<meta property=\"og:url\" content=\"https:\/\/merkezzekeriyakoy.com\/merkezde-yasam\/zekeriyakoy-spor-tesisleri\/\" \/>\n<meta property=\"og:site_name\" content=\"Merkez Zekeriyak\u00f6y\" \/>\n<meta property=\"article:modified_time\" content=\"2013-06-12T12:34:05+00:00\" \/>\n<meta name=\"twitter:label1\" content=\"Est. reading time\" \/>\n\t<meta name=\"twitter:data1\" content=\"1 minute\" \/>\n<script type=\"application\/ld+json\" class=\"yoast-schema-graph\">{\"@context\":\"https:\/\/schema.org\",\"@graph\":[{\"@type\":\"WebPage\",\"@id\":\"https:\/\/merkezzekeriyakoy.com\/merkezde-yasam\/zekeriyakoy-spor-tesisleri\/\",\"url\":\"https:\/\/merkezzekeriyakoy.com\/merkezde-yasam\/zekeriyakoy-spor-tesisleri\/\",\"name\":\"Zekeriyak\u00f6y Spor TesisleriZekeriyak\u00f6y Sport Club &laquo; Merkez Zekeriyak\u00f6y\",\"isPartOf\":{\"@id\":\"https:\/\/merkezzekeriyakoy.com\/#website\"},\"datePublished\":\"2013-05-20T12:25:16+00:00\",\"dateModified\":\"2013-06-12T12:34:05+00:00\",\"breadcrumb\":{\"@id\":\"https:\/\/merkezzekeriyakoy.com\/merkezde-yasam\/zekeriyakoy-spor-tesisleri\/#breadcrumb\"},\"inLanguage\":\"en-US\",\"potentialAction\":[{\"@type\":\"ReadAction\",\"target\":[\"https:\/\/merkezzekeriyakoy.com\/merkezde-yasam\/zekeriyakoy-spor-tesisleri\/\"]}]},{\"@type\":\"BreadcrumbList\",\"@id\":\"https:\/\/merkezzekeriyakoy.com\/merkezde-yasam\/zekeriyakoy-spor-tesisleri\/#breadcrumb\",\"itemListElement\":[{\"@type\":\"ListItem\",\"position\":1,\"name\":\"Home\",\"item\":\"https:\/\/merkezzekeriyakoy.com\/\"},{\"@type\":\"ListItem\",\"position\":2,\"name\":\"MERKEZDE YA\u015eAM\",\"item\":\"https:\/\/merkezzekeriyakoy.com\/merkezde-yasam\/\"},{\"@type\":\"ListItem\",\"position\":3,\"name\":\"Zekeriyak\u00f6y Spor Tesisleri\"}]},{\"@type\":\"WebSite\",\"@id\":\"https:\/\/merkezzekeriyakoy.com\/#website\",\"url\":\"https:\/\/merkezzekeriyakoy.com\/\",\"name\":\"Merkez Zekeriyak\u00f6y\",\"description\":\"Merkez Zekeriyak\u00f6y\u2019de ya\u015famak, \u0130stanbul gibi tempolu bir \u015fehirde ya\u015faman\u0131n ger\u00e7ek \u00f6d\u00fcl\u00fc\",\"potentialAction\":[{\"@type\":\"SearchAction\",\"target\":{\"@type\":\"EntryPoint\",\"urlTemplate\":\"https:\/\/merkezzekeriyakoy.com\/?s={search_term_string}\"},\"query-input\":\"required name=search_term_string\"}],\"inLanguage\":\"en-US\"}]}<\/script>\n<!-- \/ Yoast SEO plugin. -->","yoast_head_json":{"title":"Zekeriyak\u00f6y Sport Club &laquo; Merkez Zekeriyak\u00f6y","robots":{"index":"index","follow":"follow","max-snippet":"max-snippet:-1","max-image-preview":"max-image-preview:large","max-video-preview":"max-video-preview:-1"},"canonical":"https:\/\/merkezzekeriyakoy.com\/merkezde-yasam\/zekeriyakoy-spor-tesisleri\/","og_locale":"en_US","og_type":"article","og_title":"Zekeriyak\u00f6y Spor TesisleriZekeriyak\u00f6y Sport Club &laquo; Merkez Zekeriyak\u00f6y","og_description":"Zekeriyak\u00f6y is at the centre of the sports&#8230; You could live the enjoyment of tennis playing to the full at the Zekeriyak\u00f6y Sports\u00a0Club situated right next to the Merkez Zekeriyak\u00f6y in which three open tennis courts\u00a0as two of these have flood lights, one covered tennis court and a balloon court... Read More","og_url":"https:\/\/merkezzekeriyakoy.com\/merkezde-yasam\/zekeriyakoy-spor-tesisleri\/","og_site_name":"Merkez Zekeriyak\u00f6y","article_modified_time":"2013-06-12T12:34:05+00:00","twitter_misc":{"Est. reading time":"1 minute"},"schema":{"@context":"https:\/\/schema.org","@graph":[{"@type":"WebPage","@id":"https:\/\/merkezzekeriyakoy.com\/merkezde-yasam\/zekeriyakoy-spor-tesisleri\/","url":"https:\/\/merkezzekeriyakoy.com\/merkezde-yasam\/zekeriyakoy-spor-tesisleri\/","name":"Zekeriyak\u00f6y Spor TesisleriZekeriyak\u00f6y Sport Club &laquo; Merkez Zekeriyak\u00f6y","isPartOf":{"@id":"https:\/\/merkezzekeriyakoy.com\/#website"},"datePublished":"2013-05-20T12:25:16+00:00","dateModified":"2013-06-12T12:34:05+00:00","breadcrumb":{"@id":"https:\/\/merkezzekeriyakoy.com\/merkezde-yasam\/zekeriyakoy-spor-tesisleri\/#breadcrumb"},"inLanguage":"en-US","potentialAction":[{"@type":"ReadAction","target":["https:\/\/merkezzekeriyakoy.com\/merkezde-yasam\/zekeriyakoy-spor-tesisleri\/"]}]},{"@type":"BreadcrumbList","@id":"https:\/\/merkezzekeriyakoy.com\/merkezde-yasam\/zekeriyakoy-spor-tesisleri\/#breadcrumb","itemListElement":[{"@type":"ListItem","position":1,"name":"Home","item":"https:\/\/merkezzekeriyakoy.com\/"},{"@type":"ListItem","position":2,"name":"MERKEZDE YA\u015eAM","item":"https:\/\/merkezzekeriyakoy.com\/merkezde-yasam\/"},{"@type":"ListItem","position":3,"name":"Zekeriyak\u00f6y Spor Tesisleri"}]},{"@type":"WebSite","@id":"https:\/\/merkezzekeriyakoy.com\/#website","url":"https:\/\/merkezzekeriyakoy.com\/","name":"Merkez Zekeriyak\u00f6y","description":"Merkez Zekeriyak\u00f6y\u2019de ya\u015famak, \u0130stanbul gibi tempolu bir \u015fehirde ya\u015faman\u0131n ger\u00e7ek \u00f6d\u00fcl\u00fc","potentialAction":[{"@type":"SearchAction","target":{"@type":"EntryPoint","urlTemplate":"https:\/\/merkezzekeriyakoy.com\/?s={search_term_string}"},"query-input":"required name=search_term_string"}],"inLanguage":"en-US"}]}},"_links":{"self":[{"href":"https:\/\/merkezzekeriyakoy.com\/en\/wp-json\/wp\/v2\/pages\/1048"}],"collection":[{"href":"https:\/\/merkezzekeriyakoy.com\/en\/wp-json\/wp\/v2\/pages"}],"about":[{"href":"https:\/\/merkezzekeriyakoy.com\/en\/wp-json\/wp\/v2\/types\/page"}],"author":[{"embeddable":true,"href":"https:\/\/merkezzekeriyakoy.com\/en\/wp-json\/wp\/v2\/users\/1"}],"replies":[{"embeddable":true,"href":"https:\/\/merkezzekeriyakoy.com\/en\/wp-json\/wp\/v2\/comments?post=1048"}],"version-history":[{"count":8,"href":"https:\/\/merkezzekeriyakoy.com\/en\/wp-json\/wp\/v2\/pages\/1048\/revisions"}],"predecessor-version":[{"id":1650,"href":"https:\/\/merkezzekeriyakoy.com\/en\/wp-json\/wp\/v2\/pages\/1048\/revisions\/1650"}],"up":[{"embeddable":true,"href":"https:\/\/merkezzekeriyakoy.com\/en\/wp-json\/wp\/v2\/pages\/12"}],"wp:attachment":[{"href":"https:\/\/merkezzekeriyakoy.com\/en\/wp-json\/wp\/v2\/media?parent=1048"}],"curies":[{"name":"wp","href":"https:\/\/api.w.org\/{rel}","templated":true}]}}