{"id":1050,"date":"2013-05-20T14:32:48","date_gmt":"2013-05-20T12:32:48","guid":{"rendered":"http:\/\/merkezzekeriyakoy.com\/?page_id=1050"},"modified":"2013-05-22T09:57:00","modified_gmt":"2013-05-22T07:57:00","slug":"merkez-fitness-center","status":"publish","type":"page","link":"https:\/\/merkezzekeriyakoy.com\/en\/merkezde-yasam\/merkez-fitness-center\/","title":{"rendered":"Merkez Fitness Center"},"content":{"rendered":"<p><strong>Spoil yourself&#8230;<\/strong><\/p>\n<p>Numerous facilities are available all together here where you<br \/>\ncould get rid of the burden of the day and feel relaxed.<br \/>\nYou would have everything to keep your form<br \/>\nand keep fit all the time.<\/p>\n<p>Merkez Fitness Club, Merkez Pilates Lounge, Sauna<\/p>\n","protected":false},"excerpt":{"rendered":"<p>Spoil yourself&#8230; Numerous facilities are available all together here where you could get rid of the burden of the day and feel relaxed. You would have everything to keep your form and keep fit all the time. Merkez Fitness Club, Merkez Pilates Lounge, Sauna<\/p>\n","protected":false},"author":1,"featured_media":0,"parent":12,"menu_order":9,"comment_status":"open","ping_status":"closed","template":"","meta":[],"yoast_head":"<!-- This site is optimized with the Yoast SEO plugin v20.2.1 - https:\/\/yoast.com\/wordpress\/plugins\/seo\/ -->\n<title>Merkez Fitness Center &laquo; Merkez Zekeriyak\u00f6y<\/title>\n<meta name=\"robots\" content=\"index, follow, max-snippet:-1, max-image-preview:large, max-video-preview:-1\" \/>\n<link rel=\"canonical\" href=\"https:\/\/merkezzekeriyakoy.com\/merkezde-yasam\/merkez-fitness-center\/\" \/>\n<meta property=\"og:locale\" content=\"en_US\" \/>\n<meta property=\"og:type\" content=\"article\" \/>\n<meta property=\"og:title\" content=\"Merkez Fitness CenterMerkez Fitness Center &laquo; Merkez Zekeriyak\u00f6y\" \/>\n<meta property=\"og:description\" content=\"Spoil yourself&#8230; Numerous facilities are available all together here where you could get rid of the burden of the day and feel relaxed. You would have everything to keep your form and keep fit all the time. Merkez Fitness Club, Merkez Pilates Lounge, Sauna\" \/>\n<meta property=\"og:url\" content=\"https:\/\/merkezzekeriyakoy.com\/merkezde-yasam\/merkez-fitness-center\/\" \/>\n<meta property=\"og:site_name\" content=\"Merkez Zekeriyak\u00f6y\" \/>\n<meta property=\"article:modified_time\" content=\"2013-05-22T07:57:00+00:00\" \/>\n<script type=\"application\/ld+json\" class=\"yoast-schema-graph\">{\"@context\":\"https:\/\/schema.org\",\"@graph\":[{\"@type\":\"WebPage\",\"@id\":\"https:\/\/merkezzekeriyakoy.com\/merkezde-yasam\/merkez-fitness-center\/\",\"url\":\"https:\/\/merkezzekeriyakoy.com\/merkezde-yasam\/merkez-fitness-center\/\",\"name\":\"Merkez Fitness CenterMerkez Fitness Center &laquo; Merkez Zekeriyak\u00f6y\",\"isPartOf\":{\"@id\":\"https:\/\/merkezzekeriyakoy.com\/#website\"},\"datePublished\":\"2013-05-20T12:32:48+00:00\",\"dateModified\":\"2013-05-22T07:57:00+00:00\",\"breadcrumb\":{\"@id\":\"https:\/\/merkezzekeriyakoy.com\/merkezde-yasam\/merkez-fitness-center\/#breadcrumb\"},\"inLanguage\":\"en-US\",\"potentialAction\":[{\"@type\":\"ReadAction\",\"target\":[\"https:\/\/merkezzekeriyakoy.com\/merkezde-yasam\/merkez-fitness-center\/\"]}]},{\"@type\":\"BreadcrumbList\",\"@id\":\"https:\/\/merkezzekeriyakoy.com\/merkezde-yasam\/merkez-fitness-center\/#breadcrumb\",\"itemListElement\":[{\"@type\":\"ListItem\",\"position\":1,\"name\":\"Home\",\"item\":\"https:\/\/merkezzekeriyakoy.com\/\"},{\"@type\":\"ListItem\",\"position\":2,\"name\":\"MERKEZDE YA\u015eAM\",\"item\":\"https:\/\/merkezzekeriyakoy.com\/merkezde-yasam\/\"},{\"@type\":\"ListItem\",\"position\":3,\"name\":\"Merkez Fitness Center\"}]},{\"@type\":\"WebSite\",\"@id\":\"https:\/\/merkezzekeriyakoy.com\/#website\",\"url\":\"https:\/\/merkezzekeriyakoy.com\/\",\"name\":\"Merkez Zekeriyak\u00f6y\",\"description\":\"Merkez Zekeriyak\u00f6y\u2019de ya\u015famak, \u0130stanbul gibi tempolu bir \u015fehirde ya\u015faman\u0131n ger\u00e7ek \u00f6d\u00fcl\u00fc\",\"potentialAction\":[{\"@type\":\"SearchAction\",\"target\":{\"@type\":\"EntryPoint\",\"urlTemplate\":\"https:\/\/merkezzekeriyakoy.com\/?s={search_term_string}\"},\"query-input\":\"required name=search_term_string\"}],\"inLanguage\":\"en-US\"}]}<\/script>\n<!-- \/ Yoast SEO plugin. -->","yoast_head_json":{"title":"Merkez Fitness Center &laquo; Merkez Zekeriyak\u00f6y","robots":{"index":"index","follow":"follow","max-snippet":"max-snippet:-1","max-image-preview":"max-image-preview:large","max-video-preview":"max-video-preview:-1"},"canonical":"https:\/\/merkezzekeriyakoy.com\/merkezde-yasam\/merkez-fitness-center\/","og_locale":"en_US","og_type":"article","og_title":"Merkez Fitness CenterMerkez Fitness Center &laquo; Merkez Zekeriyak\u00f6y","og_description":"Spoil yourself&#8230; Numerous facilities are available all together here where you could get rid of the burden of the day and feel relaxed. You would have everything to keep your form and keep fit all the time. Merkez Fitness Club, Merkez Pilates Lounge, Sauna","og_url":"https:\/\/merkezzekeriyakoy.com\/merkezde-yasam\/merkez-fitness-center\/","og_site_name":"Merkez Zekeriyak\u00f6y","article_modified_time":"2013-05-22T07:57:00+00:00","schema":{"@context":"https:\/\/schema.org","@graph":[{"@type":"WebPage","@id":"https:\/\/merkezzekeriyakoy.com\/merkezde-yasam\/merkez-fitness-center\/","url":"https:\/\/merkezzekeriyakoy.com\/merkezde-yasam\/merkez-fitness-center\/","name":"Merkez Fitness CenterMerkez Fitness Center &laquo; Merkez Zekeriyak\u00f6y","isPartOf":{"@id":"https:\/\/merkezzekeriyakoy.com\/#website"},"datePublished":"2013-05-20T12:32:48+00:00","dateModified":"2013-05-22T07:57:00+00:00","breadcrumb":{"@id":"https:\/\/merkezzekeriyakoy.com\/merkezde-yasam\/merkez-fitness-center\/#breadcrumb"},"inLanguage":"en-US","potentialAction":[{"@type":"ReadAction","target":["https:\/\/merkezzekeriyakoy.com\/merkezde-yasam\/merkez-fitness-center\/"]}]},{"@type":"BreadcrumbList","@id":"https:\/\/merkezzekeriyakoy.com\/merkezde-yasam\/merkez-fitness-center\/#breadcrumb","itemListElement":[{"@type":"ListItem","position":1,"name":"Home","item":"https:\/\/merkezzekeriyakoy.com\/"},{"@type":"ListItem","position":2,"name":"MERKEZDE YA\u015eAM","item":"https:\/\/merkezzekeriyakoy.com\/merkezde-yasam\/"},{"@type":"ListItem","position":3,"name":"Merkez Fitness Center"}]},{"@type":"WebSite","@id":"https:\/\/merkezzekeriyakoy.com\/#website","url":"https:\/\/merkezzekeriyakoy.com\/","name":"Merkez Zekeriyak\u00f6y","description":"Merkez Zekeriyak\u00f6y\u2019de ya\u015famak, \u0130stanbul gibi tempolu bir \u015fehirde ya\u015faman\u0131n ger\u00e7ek \u00f6d\u00fcl\u00fc","potentialAction":[{"@type":"SearchAction","target":{"@type":"EntryPoint","urlTemplate":"https:\/\/merkezzekeriyakoy.com\/?s={search_term_string}"},"query-input":"required name=search_term_string"}],"inLanguage":"en-US"}]}},"_links":{"self":[{"href":"https:\/\/merkezzekeriyakoy.com\/en\/wp-json\/wp\/v2\/pages\/1050"}],"collection":[{"href":"https:\/\/merkezzekeriyakoy.com\/en\/wp-json\/wp\/v2\/pages"}],"about":[{"href":"https:\/\/merkezzekeriyakoy.com\/en\/wp-json\/wp\/v2\/types\/page"}],"author":[{"embeddable":true,"href":"https:\/\/merkezzekeriyakoy.com\/en\/wp-json\/wp\/v2\/users\/1"}],"replies":[{"embeddable":true,"href":"https:\/\/merkezzekeriyakoy.com\/en\/wp-json\/wp\/v2\/comments?post=1050"}],"version-history":[{"count":3,"href":"https:\/\/merkezzekeriyakoy.com\/en\/wp-json\/wp\/v2\/pages\/1050\/revisions"}],"predecessor-version":[{"id":1241,"href":"https:\/\/merkezzekeriyakoy.com\/en\/wp-json\/wp\/v2\/pages\/1050\/revisions\/1241"}],"up":[{"embeddable":true,"href":"https:\/\/merkezzekeriyakoy.com\/en\/wp-json\/wp\/v2\/pages\/12"}],"wp:attachment":[{"href":"https:\/\/merkezzekeriyakoy.com\/en\/wp-json\/wp\/v2\/media?parent=1050"}],"curies":[{"name":"wp","href":"https:\/\/api.w.org\/{rel}","templated":true}]}}