{"id":1051,"date":"2013-05-20T14:45:54","date_gmt":"2013-05-20T12:45:54","guid":{"rendered":"http:\/\/merkezzekeriyakoy.com\/?page_id=1051"},"modified":"2013-07-26T20:33:59","modified_gmt":"2013-07-26T18:33:59","slug":"egitimin-merkezindesiniz","status":"publish","type":"page","link":"https:\/\/merkezzekeriyakoy.com\/en\/merkezde-siz\/egitimin-merkezindesiniz\/","title":{"rendered":"At the centre of the Education"},"content":{"rendered":"<p><strong><\/strong>Every type of education opportunity is available for the children and for the youth at numerous day nurseries, preschools, primary schools, high schools and universities nearby.<\/p>\n<p><strong>University<\/strong><\/p>\n<p>\u2022 Bo\u011fazi\u00e7i University, Sar\u0131tepe Campus<br \/>\n\u2022 Istanbul University, Faculty of Forestry and Forestry High School<br \/>\n\u2022 Ko\u00e7 University, Rumelifeneri, Istinye, Zekeriyak\u00f6y West Campus<br \/>\n\u2022 Istanbul Technical University, Maslak Campus<br \/>\n\u2022 I\u015f\u0131k University, Maslak Campus<\/p>\n<p><strong>Primary \/ High School<\/strong><\/p>\n<p>\u2022 A\u00e7\u0131 Schools (preschool, primary school, secondary school,<br \/>\nhigh school and school of music)<br \/>\n\u2022 The British International School (preschool, primary school, secondary school)<br \/>\n\u2022 Do\u011fa Schools (preschool, primary school, secondary school, high school)<br \/>\n\u2022 Dar\u00fc\u015f\u015fafaka Schools<br \/>\n\u2022 FMV Private Ayaza\u011fa I\u015f\u0131k Schools (preschool, primary school, high school)<br \/>\n\u2022 Enka Schools<\/p>\n<p><strong>Preschools<\/strong><\/p>\n<p>\u2022 La Fontaine Fairy Tale Home<br \/>\n\u2022 Mini Campus Preschool<br \/>\n\u2022 Renkli Cocuklar Skill Development and Play World<br \/>\n\u2022 Bon Bon Kids Preschool<br \/>\n\u2022 Joyfull House<br \/>\n\u2022 Zekeriyak\u00f6y Kemer Kid\u2019s Garden<\/p>\n<p><strong>Language \/ Art Schools<\/strong><\/p>\n<p>\u2022 Ef Language School<br \/>\n\u2022 T\u00fclay Uyar Music and Stage Arts Academy<\/p>\n","protected":false},"excerpt":{"rendered":"<p>Every type of education opportunity is available for the children and for the youth at numerous day nurseries, preschools, primary schools, high schools and universities nearby. University \u2022 Bo\u011fazi\u00e7i University, Sar\u0131tepe Campus \u2022 Istanbul University, Faculty of Forestry and Forestry High School \u2022 Ko\u00e7 University, Rumelifeneri, Istinye, Zekeriyak\u00f6y West Campus&#8230; <br \/><a class=\"rm-link excerpt-rm-link\" href=\"https:\/\/merkezzekeriyakoy.com\/en\/merkezde-siz\/egitimin-merkezindesiniz\/\">Read More<\/a><\/p>\n","protected":false},"author":1,"featured_media":0,"parent":137,"menu_order":1,"comment_status":"open","ping_status":"closed","template":"","meta":[],"yoast_head":"<!-- This site is optimized with the Yoast SEO plugin v20.2.1 - https:\/\/yoast.com\/wordpress\/plugins\/seo\/ -->\n<title>At the centre of the Education &laquo; Merkez Zekeriyak\u00f6y<\/title>\n<meta name=\"robots\" content=\"index, follow, max-snippet:-1, max-image-preview:large, max-video-preview:-1\" \/>\n<link rel=\"canonical\" href=\"https:\/\/merkezzekeriyakoy.com\/merkezde-siz\/egitimin-merkezindesiniz\/\" \/>\n<meta property=\"og:locale\" content=\"en_US\" \/>\n<meta property=\"og:type\" content=\"article\" \/>\n<meta property=\"og:title\" content=\"E\u011fitimin MerkezindesinizAt the centre of the Education &laquo; Merkez Zekeriyak\u00f6y\" \/>\n<meta property=\"og:description\" content=\"Every type of education opportunity is available for the children and for the youth at numerous day nurseries, preschools, primary schools, high schools and universities nearby. University \u2022 Bo\u011fazi\u00e7i University, Sar\u0131tepe Campus \u2022 Istanbul University, Faculty of Forestry and Forestry High School \u2022 Ko\u00e7 University, Rumelifeneri, Istinye, Zekeriyak\u00f6y West Campus... Read More\" \/>\n<meta property=\"og:url\" content=\"https:\/\/merkezzekeriyakoy.com\/merkezde-siz\/egitimin-merkezindesiniz\/\" \/>\n<meta property=\"og:site_name\" content=\"Merkez Zekeriyak\u00f6y\" \/>\n<meta property=\"article:modified_time\" content=\"2013-07-26T18:33:59+00:00\" \/>\n<meta name=\"twitter:label1\" content=\"Est. reading time\" \/>\n\t<meta name=\"twitter:data1\" content=\"2 minutes\" \/>\n<script type=\"application\/ld+json\" class=\"yoast-schema-graph\">{\"@context\":\"https:\/\/schema.org\",\"@graph\":[{\"@type\":\"WebPage\",\"@id\":\"https:\/\/merkezzekeriyakoy.com\/merkezde-siz\/egitimin-merkezindesiniz\/\",\"url\":\"https:\/\/merkezzekeriyakoy.com\/merkezde-siz\/egitimin-merkezindesiniz\/\",\"name\":\"E\u011fitimin MerkezindesinizAt the centre of the Education &laquo; Merkez Zekeriyak\u00f6y\",\"isPartOf\":{\"@id\":\"https:\/\/merkezzekeriyakoy.com\/#website\"},\"datePublished\":\"2013-05-20T12:45:54+00:00\",\"dateModified\":\"2013-07-26T18:33:59+00:00\",\"breadcrumb\":{\"@id\":\"https:\/\/merkezzekeriyakoy.com\/merkezde-siz\/egitimin-merkezindesiniz\/#breadcrumb\"},\"inLanguage\":\"en-US\",\"potentialAction\":[{\"@type\":\"ReadAction\",\"target\":[\"https:\/\/merkezzekeriyakoy.com\/merkezde-siz\/egitimin-merkezindesiniz\/\"]}]},{\"@type\":\"BreadcrumbList\",\"@id\":\"https:\/\/merkezzekeriyakoy.com\/merkezde-siz\/egitimin-merkezindesiniz\/#breadcrumb\",\"itemListElement\":[{\"@type\":\"ListItem\",\"position\":1,\"name\":\"Home\",\"item\":\"https:\/\/merkezzekeriyakoy.com\/\"},{\"@type\":\"ListItem\",\"position\":2,\"name\":\"Merkezde Siz\",\"item\":\"https:\/\/merkezzekeriyakoy.com\/merkezde-siz\/\"},{\"@type\":\"ListItem\",\"position\":3,\"name\":\"E\u011fitimin Merkezindesiniz\"}]},{\"@type\":\"WebSite\",\"@id\":\"https:\/\/merkezzekeriyakoy.com\/#website\",\"url\":\"https:\/\/merkezzekeriyakoy.com\/\",\"name\":\"Merkez Zekeriyak\u00f6y\",\"description\":\"Merkez Zekeriyak\u00f6y\u2019de ya\u015famak, \u0130stanbul gibi tempolu bir \u015fehirde ya\u015faman\u0131n ger\u00e7ek \u00f6d\u00fcl\u00fc\",\"potentialAction\":[{\"@type\":\"SearchAction\",\"target\":{\"@type\":\"EntryPoint\",\"urlTemplate\":\"https:\/\/merkezzekeriyakoy.com\/?s={search_term_string}\"},\"query-input\":\"required name=search_term_string\"}],\"inLanguage\":\"en-US\"}]}<\/script>\n<!-- \/ Yoast SEO plugin. -->","yoast_head_json":{"title":"At the centre of the Education &laquo; Merkez Zekeriyak\u00f6y","robots":{"index":"index","follow":"follow","max-snippet":"max-snippet:-1","max-image-preview":"max-image-preview:large","max-video-preview":"max-video-preview:-1"},"canonical":"https:\/\/merkezzekeriyakoy.com\/merkezde-siz\/egitimin-merkezindesiniz\/","og_locale":"en_US","og_type":"article","og_title":"E\u011fitimin MerkezindesinizAt the centre of the Education &laquo; Merkez Zekeriyak\u00f6y","og_description":"Every type of education opportunity is available for the children and for the youth at numerous day nurseries, preschools, primary schools, high schools and universities nearby. University \u2022 Bo\u011fazi\u00e7i University, Sar\u0131tepe Campus \u2022 Istanbul University, Faculty of Forestry and Forestry High School \u2022 Ko\u00e7 University, Rumelifeneri, Istinye, Zekeriyak\u00f6y West Campus... Read More","og_url":"https:\/\/merkezzekeriyakoy.com\/merkezde-siz\/egitimin-merkezindesiniz\/","og_site_name":"Merkez Zekeriyak\u00f6y","article_modified_time":"2013-07-26T18:33:59+00:00","twitter_misc":{"Est. reading time":"2 minutes"},"schema":{"@context":"https:\/\/schema.org","@graph":[{"@type":"WebPage","@id":"https:\/\/merkezzekeriyakoy.com\/merkezde-siz\/egitimin-merkezindesiniz\/","url":"https:\/\/merkezzekeriyakoy.com\/merkezde-siz\/egitimin-merkezindesiniz\/","name":"E\u011fitimin MerkezindesinizAt the centre of the Education &laquo; Merkez Zekeriyak\u00f6y","isPartOf":{"@id":"https:\/\/merkezzekeriyakoy.com\/#website"},"datePublished":"2013-05-20T12:45:54+00:00","dateModified":"2013-07-26T18:33:59+00:00","breadcrumb":{"@id":"https:\/\/merkezzekeriyakoy.com\/merkezde-siz\/egitimin-merkezindesiniz\/#breadcrumb"},"inLanguage":"en-US","potentialAction":[{"@type":"ReadAction","target":["https:\/\/merkezzekeriyakoy.com\/merkezde-siz\/egitimin-merkezindesiniz\/"]}]},{"@type":"BreadcrumbList","@id":"https:\/\/merkezzekeriyakoy.com\/merkezde-siz\/egitimin-merkezindesiniz\/#breadcrumb","itemListElement":[{"@type":"ListItem","position":1,"name":"Home","item":"https:\/\/merkezzekeriyakoy.com\/"},{"@type":"ListItem","position":2,"name":"Merkezde Siz","item":"https:\/\/merkezzekeriyakoy.com\/merkezde-siz\/"},{"@type":"ListItem","position":3,"name":"E\u011fitimin Merkezindesiniz"}]},{"@type":"WebSite","@id":"https:\/\/merkezzekeriyakoy.com\/#website","url":"https:\/\/merkezzekeriyakoy.com\/","name":"Merkez Zekeriyak\u00f6y","description":"Merkez Zekeriyak\u00f6y\u2019de ya\u015famak, \u0130stanbul gibi tempolu bir \u015fehirde ya\u015faman\u0131n ger\u00e7ek \u00f6d\u00fcl\u00fc","potentialAction":[{"@type":"SearchAction","target":{"@type":"EntryPoint","urlTemplate":"https:\/\/merkezzekeriyakoy.com\/?s={search_term_string}"},"query-input":"required name=search_term_string"}],"inLanguage":"en-US"}]}},"_links":{"self":[{"href":"https:\/\/merkezzekeriyakoy.com\/en\/wp-json\/wp\/v2\/pages\/1051"}],"collection":[{"href":"https:\/\/merkezzekeriyakoy.com\/en\/wp-json\/wp\/v2\/pages"}],"about":[{"href":"https:\/\/merkezzekeriyakoy.com\/en\/wp-json\/wp\/v2\/types\/page"}],"author":[{"embeddable":true,"href":"https:\/\/merkezzekeriyakoy.com\/en\/wp-json\/wp\/v2\/users\/1"}],"replies":[{"embeddable":true,"href":"https:\/\/merkezzekeriyakoy.com\/en\/wp-json\/wp\/v2\/comments?post=1051"}],"version-history":[{"count":12,"href":"https:\/\/merkezzekeriyakoy.com\/en\/wp-json\/wp\/v2\/pages\/1051\/revisions"}],"predecessor-version":[{"id":1809,"href":"https:\/\/merkezzekeriyakoy.com\/en\/wp-json\/wp\/v2\/pages\/1051\/revisions\/1809"}],"up":[{"embeddable":true,"href":"https:\/\/merkezzekeriyakoy.com\/en\/wp-json\/wp\/v2\/pages\/137"}],"wp:attachment":[{"href":"https:\/\/merkezzekeriyakoy.com\/en\/wp-json\/wp\/v2\/media?parent=1051"}],"curies":[{"name":"wp","href":"https:\/\/api.w.org\/{rel}","templated":true}]}}