{"id":1058,"date":"2013-05-20T15:13:56","date_gmt":"2013-05-20T13:13:56","guid":{"rendered":"http:\/\/merkezzekeriyakoy.com\/?page_id=1058"},"modified":"2013-06-12T13:34:17","modified_gmt":"2013-06-12T11:34:17","slug":"finansin-merkezindesiniz","status":"publish","type":"page","link":"https:\/\/merkezzekeriyakoy.com\/en\/merkezde-siz\/finansin-merkezindesiniz\/","title":{"rendered":"At the center of the Finance"},"content":{"rendered":"<p><strong>Finance and Business World<\/strong><\/p>\n<p>Numerous bank branches, which would\u00a0cater for your requirements in terms of the\u00a0finance are under your hands.<\/p>\n<p>The fact\u00a0that Zekeriyak\u00f6y is located near to Maslak\u00a0and to the Stock Exchange of Istanbul,\u00a0as these areas are the most developed\u00a0finance centers of Istanbul, is rather\u00a0important issue for the people who work\u00a0there and live at Zekeriyak\u00f6y.<\/p>\n","protected":false},"excerpt":{"rendered":"<p>Finance and Business World Numerous bank branches, which would\u00a0cater for your requirements in terms of the\u00a0finance are under your hands. The fact\u00a0that Zekeriyak\u00f6y is located near to Maslak\u00a0and to the Stock Exchange of Istanbul,\u00a0as these areas are the most developed\u00a0finance centers of Istanbul, is rather\u00a0important issue for the people who&#8230; <br \/><a class=\"rm-link excerpt-rm-link\" href=\"https:\/\/merkezzekeriyakoy.com\/en\/merkezde-siz\/finansin-merkezindesiniz\/\">Read More<\/a><\/p>\n","protected":false},"author":1,"featured_media":0,"parent":137,"menu_order":3,"comment_status":"open","ping_status":"closed","template":"","meta":[],"yoast_head":"<!-- This site is optimized with the Yoast SEO plugin v20.2.1 - https:\/\/yoast.com\/wordpress\/plugins\/seo\/ -->\n<title>At the center of the Finance &laquo; Merkez Zekeriyak\u00f6y<\/title>\n<meta name=\"robots\" content=\"index, follow, max-snippet:-1, max-image-preview:large, max-video-preview:-1\" \/>\n<link rel=\"canonical\" href=\"https:\/\/merkezzekeriyakoy.com\/merkezde-siz\/finansin-merkezindesiniz\/\" \/>\n<meta property=\"og:locale\" content=\"en_US\" \/>\n<meta property=\"og:type\" content=\"article\" \/>\n<meta property=\"og:title\" content=\"Finans\u0131n MerkezindesinizAt the center of the Finance &laquo; Merkez Zekeriyak\u00f6y\" \/>\n<meta property=\"og:description\" content=\"Finance and Business World Numerous bank branches, which would\u00a0cater for your requirements in terms of the\u00a0finance are under your hands. The fact\u00a0that Zekeriyak\u00f6y is located near to Maslak\u00a0and to the Stock Exchange of Istanbul,\u00a0as these areas are the most developed\u00a0finance centers of Istanbul, is rather\u00a0important issue for the people who... Read More\" \/>\n<meta property=\"og:url\" content=\"https:\/\/merkezzekeriyakoy.com\/merkezde-siz\/finansin-merkezindesiniz\/\" \/>\n<meta property=\"og:site_name\" content=\"Merkez Zekeriyak\u00f6y\" \/>\n<meta property=\"article:modified_time\" content=\"2013-06-12T11:34:17+00:00\" \/>\n<meta name=\"twitter:label1\" content=\"Est. reading time\" \/>\n\t<meta name=\"twitter:data1\" content=\"1 minute\" \/>\n<script type=\"application\/ld+json\" class=\"yoast-schema-graph\">{\"@context\":\"https:\/\/schema.org\",\"@graph\":[{\"@type\":\"WebPage\",\"@id\":\"https:\/\/merkezzekeriyakoy.com\/merkezde-siz\/finansin-merkezindesiniz\/\",\"url\":\"https:\/\/merkezzekeriyakoy.com\/merkezde-siz\/finansin-merkezindesiniz\/\",\"name\":\"Finans\u0131n MerkezindesinizAt the center of the Finance &laquo; Merkez Zekeriyak\u00f6y\",\"isPartOf\":{\"@id\":\"https:\/\/merkezzekeriyakoy.com\/#website\"},\"datePublished\":\"2013-05-20T13:13:56+00:00\",\"dateModified\":\"2013-06-12T11:34:17+00:00\",\"breadcrumb\":{\"@id\":\"https:\/\/merkezzekeriyakoy.com\/merkezde-siz\/finansin-merkezindesiniz\/#breadcrumb\"},\"inLanguage\":\"en-US\",\"potentialAction\":[{\"@type\":\"ReadAction\",\"target\":[\"https:\/\/merkezzekeriyakoy.com\/merkezde-siz\/finansin-merkezindesiniz\/\"]}]},{\"@type\":\"BreadcrumbList\",\"@id\":\"https:\/\/merkezzekeriyakoy.com\/merkezde-siz\/finansin-merkezindesiniz\/#breadcrumb\",\"itemListElement\":[{\"@type\":\"ListItem\",\"position\":1,\"name\":\"Home\",\"item\":\"https:\/\/merkezzekeriyakoy.com\/\"},{\"@type\":\"ListItem\",\"position\":2,\"name\":\"Merkezde Siz\",\"item\":\"https:\/\/merkezzekeriyakoy.com\/merkezde-siz\/\"},{\"@type\":\"ListItem\",\"position\":3,\"name\":\"Finans\u0131n Merkezindesiniz\"}]},{\"@type\":\"WebSite\",\"@id\":\"https:\/\/merkezzekeriyakoy.com\/#website\",\"url\":\"https:\/\/merkezzekeriyakoy.com\/\",\"name\":\"Merkez Zekeriyak\u00f6y\",\"description\":\"Merkez Zekeriyak\u00f6y\u2019de ya\u015famak, \u0130stanbul gibi tempolu bir \u015fehirde ya\u015faman\u0131n ger\u00e7ek \u00f6d\u00fcl\u00fc\",\"potentialAction\":[{\"@type\":\"SearchAction\",\"target\":{\"@type\":\"EntryPoint\",\"urlTemplate\":\"https:\/\/merkezzekeriyakoy.com\/?s={search_term_string}\"},\"query-input\":\"required name=search_term_string\"}],\"inLanguage\":\"en-US\"}]}<\/script>\n<!-- \/ Yoast SEO plugin. -->","yoast_head_json":{"title":"At the center of the Finance &laquo; Merkez Zekeriyak\u00f6y","robots":{"index":"index","follow":"follow","max-snippet":"max-snippet:-1","max-image-preview":"max-image-preview:large","max-video-preview":"max-video-preview:-1"},"canonical":"https:\/\/merkezzekeriyakoy.com\/merkezde-siz\/finansin-merkezindesiniz\/","og_locale":"en_US","og_type":"article","og_title":"Finans\u0131n MerkezindesinizAt the center of the Finance &laquo; Merkez Zekeriyak\u00f6y","og_description":"Finance and Business World Numerous bank branches, which would\u00a0cater for your requirements in terms of the\u00a0finance are under your hands. The fact\u00a0that Zekeriyak\u00f6y is located near to Maslak\u00a0and to the Stock Exchange of Istanbul,\u00a0as these areas are the most developed\u00a0finance centers of Istanbul, is rather\u00a0important issue for the people who... Read More","og_url":"https:\/\/merkezzekeriyakoy.com\/merkezde-siz\/finansin-merkezindesiniz\/","og_site_name":"Merkez Zekeriyak\u00f6y","article_modified_time":"2013-06-12T11:34:17+00:00","twitter_misc":{"Est. reading time":"1 minute"},"schema":{"@context":"https:\/\/schema.org","@graph":[{"@type":"WebPage","@id":"https:\/\/merkezzekeriyakoy.com\/merkezde-siz\/finansin-merkezindesiniz\/","url":"https:\/\/merkezzekeriyakoy.com\/merkezde-siz\/finansin-merkezindesiniz\/","name":"Finans\u0131n MerkezindesinizAt the center of the Finance &laquo; Merkez Zekeriyak\u00f6y","isPartOf":{"@id":"https:\/\/merkezzekeriyakoy.com\/#website"},"datePublished":"2013-05-20T13:13:56+00:00","dateModified":"2013-06-12T11:34:17+00:00","breadcrumb":{"@id":"https:\/\/merkezzekeriyakoy.com\/merkezde-siz\/finansin-merkezindesiniz\/#breadcrumb"},"inLanguage":"en-US","potentialAction":[{"@type":"ReadAction","target":["https:\/\/merkezzekeriyakoy.com\/merkezde-siz\/finansin-merkezindesiniz\/"]}]},{"@type":"BreadcrumbList","@id":"https:\/\/merkezzekeriyakoy.com\/merkezde-siz\/finansin-merkezindesiniz\/#breadcrumb","itemListElement":[{"@type":"ListItem","position":1,"name":"Home","item":"https:\/\/merkezzekeriyakoy.com\/"},{"@type":"ListItem","position":2,"name":"Merkezde Siz","item":"https:\/\/merkezzekeriyakoy.com\/merkezde-siz\/"},{"@type":"ListItem","position":3,"name":"Finans\u0131n Merkezindesiniz"}]},{"@type":"WebSite","@id":"https:\/\/merkezzekeriyakoy.com\/#website","url":"https:\/\/merkezzekeriyakoy.com\/","name":"Merkez Zekeriyak\u00f6y","description":"Merkez Zekeriyak\u00f6y\u2019de ya\u015famak, \u0130stanbul gibi tempolu bir \u015fehirde ya\u015faman\u0131n ger\u00e7ek \u00f6d\u00fcl\u00fc","potentialAction":[{"@type":"SearchAction","target":{"@type":"EntryPoint","urlTemplate":"https:\/\/merkezzekeriyakoy.com\/?s={search_term_string}"},"query-input":"required name=search_term_string"}],"inLanguage":"en-US"}]}},"_links":{"self":[{"href":"https:\/\/merkezzekeriyakoy.com\/en\/wp-json\/wp\/v2\/pages\/1058"}],"collection":[{"href":"https:\/\/merkezzekeriyakoy.com\/en\/wp-json\/wp\/v2\/pages"}],"about":[{"href":"https:\/\/merkezzekeriyakoy.com\/en\/wp-json\/wp\/v2\/types\/page"}],"author":[{"embeddable":true,"href":"https:\/\/merkezzekeriyakoy.com\/en\/wp-json\/wp\/v2\/users\/1"}],"replies":[{"embeddable":true,"href":"https:\/\/merkezzekeriyakoy.com\/en\/wp-json\/wp\/v2\/comments?post=1058"}],"version-history":[{"count":7,"href":"https:\/\/merkezzekeriyakoy.com\/en\/wp-json\/wp\/v2\/pages\/1058\/revisions"}],"predecessor-version":[{"id":1632,"href":"https:\/\/merkezzekeriyakoy.com\/en\/wp-json\/wp\/v2\/pages\/1058\/revisions\/1632"}],"up":[{"embeddable":true,"href":"https:\/\/merkezzekeriyakoy.com\/en\/wp-json\/wp\/v2\/pages\/137"}],"wp:attachment":[{"href":"https:\/\/merkezzekeriyakoy.com\/en\/wp-json\/wp\/v2\/media?parent=1058"}],"curies":[{"name":"wp","href":"https:\/\/api.w.org\/{rel}","templated":true}]}}