{"id":1059,"date":"2013-05-20T15:18:00","date_gmt":"2013-05-20T13:18:00","guid":{"rendered":"http:\/\/merkezzekeriyakoy.com\/?page_id=1059"},"modified":"2015-05-27T12:56:35","modified_gmt":"2015-05-27T10:56:35","slug":"sagligin-merkezindesiniz","status":"publish","type":"page","link":"https:\/\/merkezzekeriyakoy.com\/en\/merkezde-siz\/sagligin-merkezindesiniz\/","title":{"rendered":"At the centre of the Health"},"content":{"rendered":"<p>Acibadem Zekeriyak\u00f6y Medical Center, Villa Medica Clinic at Zekeriyak\u00f6y, Ac\u0131badem Maslak Hospital, Istinye Public Hospital and Sar\u0131yer Ismail Akg\u00fcn Public Hospital in\u00a0minutes in case of any health needings.<\/p>\n<p>Besides, it is planned that Sariyer Cayirbasi State and Research Hospital will be completed in 2015 that will have 370 bed capacity and will provide its services through 134 polyclinics as its foundations have been laid.<\/p>\n<p>Zekeriyak\u00f6y also includes many health and care centres for pets as they are close friends of us.<\/p>\n","protected":false},"excerpt":{"rendered":"<p>Acibadem Zekeriyak\u00f6y Medical Center, Villa Medica Clinic at Zekeriyak\u00f6y, Ac\u0131badem Maslak Hospital, Istinye Public Hospital and Sar\u0131yer Ismail Akg\u00fcn Public Hospital in\u00a0minutes in case of any health needings. Besides, it is planned that Sariyer Cayirbasi State and Research Hospital will be completed in 2015 that will have 370 bed capacity&#8230; <br \/><a class=\"rm-link excerpt-rm-link\" href=\"https:\/\/merkezzekeriyakoy.com\/en\/merkezde-siz\/sagligin-merkezindesiniz\/\">Read More<\/a><\/p>\n","protected":false},"author":1,"featured_media":0,"parent":137,"menu_order":4,"comment_status":"open","ping_status":"closed","template":"","meta":[],"yoast_head":"<!-- This site is optimized with the Yoast SEO plugin v20.2.1 - https:\/\/yoast.com\/wordpress\/plugins\/seo\/ -->\n<title>At the centre of the Health &laquo; Merkez Zekeriyak\u00f6y<\/title>\n<meta name=\"robots\" content=\"index, follow, max-snippet:-1, max-image-preview:large, max-video-preview:-1\" \/>\n<link rel=\"canonical\" href=\"https:\/\/merkezzekeriyakoy.com\/merkezde-siz\/sagligin-merkezindesiniz\/\" \/>\n<meta property=\"og:locale\" content=\"en_US\" \/>\n<meta property=\"og:type\" content=\"article\" \/>\n<meta property=\"og:title\" content=\"Sa\u011fl\u0131\u011f\u0131n MerkezindesinizAt the centre of the Health &laquo; Merkez Zekeriyak\u00f6y\" \/>\n<meta property=\"og:description\" content=\"Acibadem Zekeriyak\u00f6y Medical Center, Villa Medica Clinic at Zekeriyak\u00f6y, Ac\u0131badem Maslak Hospital, Istinye Public Hospital and Sar\u0131yer Ismail Akg\u00fcn Public Hospital in\u00a0minutes in case of any health needings. Besides, it is planned that Sariyer Cayirbasi State and Research Hospital will be completed in 2015 that will have 370 bed capacity... Read More\" \/>\n<meta property=\"og:url\" content=\"https:\/\/merkezzekeriyakoy.com\/merkezde-siz\/sagligin-merkezindesiniz\/\" \/>\n<meta property=\"og:site_name\" content=\"Merkez Zekeriyak\u00f6y\" \/>\n<meta property=\"article:modified_time\" content=\"2015-05-27T10:56:35+00:00\" \/>\n<meta name=\"twitter:label1\" content=\"Est. reading time\" \/>\n\t<meta name=\"twitter:data1\" content=\"1 minute\" \/>\n<script type=\"application\/ld+json\" class=\"yoast-schema-graph\">{\"@context\":\"https:\/\/schema.org\",\"@graph\":[{\"@type\":\"WebPage\",\"@id\":\"https:\/\/merkezzekeriyakoy.com\/merkezde-siz\/sagligin-merkezindesiniz\/\",\"url\":\"https:\/\/merkezzekeriyakoy.com\/merkezde-siz\/sagligin-merkezindesiniz\/\",\"name\":\"Sa\u011fl\u0131\u011f\u0131n MerkezindesinizAt the centre of the Health &laquo; Merkez Zekeriyak\u00f6y\",\"isPartOf\":{\"@id\":\"https:\/\/merkezzekeriyakoy.com\/#website\"},\"datePublished\":\"2013-05-20T13:18:00+00:00\",\"dateModified\":\"2015-05-27T10:56:35+00:00\",\"breadcrumb\":{\"@id\":\"https:\/\/merkezzekeriyakoy.com\/merkezde-siz\/sagligin-merkezindesiniz\/#breadcrumb\"},\"inLanguage\":\"en-US\",\"potentialAction\":[{\"@type\":\"ReadAction\",\"target\":[\"https:\/\/merkezzekeriyakoy.com\/merkezde-siz\/sagligin-merkezindesiniz\/\"]}]},{\"@type\":\"BreadcrumbList\",\"@id\":\"https:\/\/merkezzekeriyakoy.com\/merkezde-siz\/sagligin-merkezindesiniz\/#breadcrumb\",\"itemListElement\":[{\"@type\":\"ListItem\",\"position\":1,\"name\":\"Home\",\"item\":\"https:\/\/merkezzekeriyakoy.com\/\"},{\"@type\":\"ListItem\",\"position\":2,\"name\":\"Merkezde Siz\",\"item\":\"https:\/\/merkezzekeriyakoy.com\/merkezde-siz\/\"},{\"@type\":\"ListItem\",\"position\":3,\"name\":\"Sa\u011fl\u0131\u011f\u0131n Merkezindesiniz\"}]},{\"@type\":\"WebSite\",\"@id\":\"https:\/\/merkezzekeriyakoy.com\/#website\",\"url\":\"https:\/\/merkezzekeriyakoy.com\/\",\"name\":\"Merkez Zekeriyak\u00f6y\",\"description\":\"Merkez Zekeriyak\u00f6y\u2019de ya\u015famak, \u0130stanbul gibi tempolu bir \u015fehirde ya\u015faman\u0131n ger\u00e7ek \u00f6d\u00fcl\u00fc\",\"potentialAction\":[{\"@type\":\"SearchAction\",\"target\":{\"@type\":\"EntryPoint\",\"urlTemplate\":\"https:\/\/merkezzekeriyakoy.com\/?s={search_term_string}\"},\"query-input\":\"required name=search_term_string\"}],\"inLanguage\":\"en-US\"}]}<\/script>\n<!-- \/ Yoast SEO plugin. -->","yoast_head_json":{"title":"At the centre of the Health &laquo; Merkez Zekeriyak\u00f6y","robots":{"index":"index","follow":"follow","max-snippet":"max-snippet:-1","max-image-preview":"max-image-preview:large","max-video-preview":"max-video-preview:-1"},"canonical":"https:\/\/merkezzekeriyakoy.com\/merkezde-siz\/sagligin-merkezindesiniz\/","og_locale":"en_US","og_type":"article","og_title":"Sa\u011fl\u0131\u011f\u0131n MerkezindesinizAt the centre of the Health &laquo; Merkez Zekeriyak\u00f6y","og_description":"Acibadem Zekeriyak\u00f6y Medical Center, Villa Medica Clinic at Zekeriyak\u00f6y, Ac\u0131badem Maslak Hospital, Istinye Public Hospital and Sar\u0131yer Ismail Akg\u00fcn Public Hospital in\u00a0minutes in case of any health needings. Besides, it is planned that Sariyer Cayirbasi State and Research Hospital will be completed in 2015 that will have 370 bed capacity... Read More","og_url":"https:\/\/merkezzekeriyakoy.com\/merkezde-siz\/sagligin-merkezindesiniz\/","og_site_name":"Merkez Zekeriyak\u00f6y","article_modified_time":"2015-05-27T10:56:35+00:00","twitter_misc":{"Est. reading time":"1 minute"},"schema":{"@context":"https:\/\/schema.org","@graph":[{"@type":"WebPage","@id":"https:\/\/merkezzekeriyakoy.com\/merkezde-siz\/sagligin-merkezindesiniz\/","url":"https:\/\/merkezzekeriyakoy.com\/merkezde-siz\/sagligin-merkezindesiniz\/","name":"Sa\u011fl\u0131\u011f\u0131n MerkezindesinizAt the centre of the Health &laquo; Merkez Zekeriyak\u00f6y","isPartOf":{"@id":"https:\/\/merkezzekeriyakoy.com\/#website"},"datePublished":"2013-05-20T13:18:00+00:00","dateModified":"2015-05-27T10:56:35+00:00","breadcrumb":{"@id":"https:\/\/merkezzekeriyakoy.com\/merkezde-siz\/sagligin-merkezindesiniz\/#breadcrumb"},"inLanguage":"en-US","potentialAction":[{"@type":"ReadAction","target":["https:\/\/merkezzekeriyakoy.com\/merkezde-siz\/sagligin-merkezindesiniz\/"]}]},{"@type":"BreadcrumbList","@id":"https:\/\/merkezzekeriyakoy.com\/merkezde-siz\/sagligin-merkezindesiniz\/#breadcrumb","itemListElement":[{"@type":"ListItem","position":1,"name":"Home","item":"https:\/\/merkezzekeriyakoy.com\/"},{"@type":"ListItem","position":2,"name":"Merkezde Siz","item":"https:\/\/merkezzekeriyakoy.com\/merkezde-siz\/"},{"@type":"ListItem","position":3,"name":"Sa\u011fl\u0131\u011f\u0131n Merkezindesiniz"}]},{"@type":"WebSite","@id":"https:\/\/merkezzekeriyakoy.com\/#website","url":"https:\/\/merkezzekeriyakoy.com\/","name":"Merkez Zekeriyak\u00f6y","description":"Merkez Zekeriyak\u00f6y\u2019de ya\u015famak, \u0130stanbul gibi tempolu bir \u015fehirde ya\u015faman\u0131n ger\u00e7ek \u00f6d\u00fcl\u00fc","potentialAction":[{"@type":"SearchAction","target":{"@type":"EntryPoint","urlTemplate":"https:\/\/merkezzekeriyakoy.com\/?s={search_term_string}"},"query-input":"required name=search_term_string"}],"inLanguage":"en-US"}]}},"_links":{"self":[{"href":"https:\/\/merkezzekeriyakoy.com\/en\/wp-json\/wp\/v2\/pages\/1059"}],"collection":[{"href":"https:\/\/merkezzekeriyakoy.com\/en\/wp-json\/wp\/v2\/pages"}],"about":[{"href":"https:\/\/merkezzekeriyakoy.com\/en\/wp-json\/wp\/v2\/types\/page"}],"author":[{"embeddable":true,"href":"https:\/\/merkezzekeriyakoy.com\/en\/wp-json\/wp\/v2\/users\/1"}],"replies":[{"embeddable":true,"href":"https:\/\/merkezzekeriyakoy.com\/en\/wp-json\/wp\/v2\/comments?post=1059"}],"version-history":[{"count":15,"href":"https:\/\/merkezzekeriyakoy.com\/en\/wp-json\/wp\/v2\/pages\/1059\/revisions"}],"predecessor-version":[{"id":2476,"href":"https:\/\/merkezzekeriyakoy.com\/en\/wp-json\/wp\/v2\/pages\/1059\/revisions\/2476"}],"up":[{"embeddable":true,"href":"https:\/\/merkezzekeriyakoy.com\/en\/wp-json\/wp\/v2\/pages\/137"}],"wp:attachment":[{"href":"https:\/\/merkezzekeriyakoy.com\/en\/wp-json\/wp\/v2\/media?parent=1059"}],"curies":[{"name":"wp","href":"https:\/\/api.w.org\/{rel}","templated":true}]}}