{"id":1060,"date":"2013-05-20T15:36:41","date_gmt":"2013-05-20T13:36:41","guid":{"rendered":"http:\/\/merkezzekeriyakoy.com\/?page_id=1060"},"modified":"2013-06-12T13:42:46","modified_gmt":"2013-06-12T11:42:46","slug":"ulasimin-merkezindesin","status":"publish","type":"page","link":"https:\/\/merkezzekeriyakoy.com\/en\/merkezde-siz\/ulasimin-merkezindesin\/","title":{"rendered":"At the centre of the Transport"},"content":{"rendered":"<p><strong><\/strong>Zekeriyak\u00f6y is the only settlement in Istanbul with it\u2019s easiest access to areas that have\u00a0the most business and social life activities such as Taksim and Mecidiyek\u00f6y, also which\u00a0is located within the nature and near to the sea.<\/p>\n<p>Zekeriyak\u00f6y &#8211; Hac\u0131osman 11 min.<br \/>\nZekeriyak\u00f6y &#8211; Maslak 15 min.<br \/>\nZekeriyak\u00f6y &#8211; Sar\u0131yer coast 10 min.<\/p>\n<p><strong>Sar\u0131yer &#8211; \u00c7ay\u0131rba\u015f\u0131 Tunnel:<\/strong><\/p>\n<p>The time to travel between Hac\u0131osman Street and and Sar\u0131yer \u00c7\u0131r\u00e7\u0131r Suyu region has been\u00a0reduced from 45 minutes down to 5 minutes with the opening of the Sar\u0131yer &#8211; \u00c7ay\u0131rba\u015f\u0131 Tunnel.<br \/>\n<strong><\/strong><\/p>\n<p><strong>Connection of the 3rd Bosphorus Bridge and the 3rd Airport through<\/strong> <strong>the North Marmara Motorway:<\/strong><\/p>\n<p>You would be able to travel both to the 3rd Bosphorus Bridge that will be constructed across Sar\u0131yer &#8211; Garip\u00e7e\u00a0and Beykoz &#8211; Poyrazk\u00f6y and to the 3rd Airport that will be constructed at Arnavutk\u00f6y, Tayakad\u0131n in minutes with\u00a0the use of the North Marmara Motorway, which will pass over a point that is very near to Zekeriyak\u00f6y.<br \/>\n<strong><\/strong><\/p>\n<p><strong>Sea Transport:<\/strong><\/p>\n<p>Since Zekeriyak\u00f6y is situated only 10 minutes\u2019 drive from Sar\u0131yer IDO, this provides the opportunity for you to\u00a0travel easily to Beykoz, Istinye, Be\u015fikta\u015f, Kabata\u015f and to Kad\u0131k\u00f6y by using sea busses.<\/p>\n","protected":false},"excerpt":{"rendered":"<p>Zekeriyak\u00f6y is the only settlement in Istanbul with it\u2019s easiest access to areas that have\u00a0the most business and social life activities such as Taksim and Mecidiyek\u00f6y, also which\u00a0is located within the nature and near to the sea. Zekeriyak\u00f6y &#8211; Hac\u0131osman 11 min. Zekeriyak\u00f6y &#8211; Maslak 15 min. Zekeriyak\u00f6y &#8211; Sar\u0131yer&#8230; <br \/><a class=\"rm-link excerpt-rm-link\" href=\"https:\/\/merkezzekeriyakoy.com\/en\/merkezde-siz\/ulasimin-merkezindesin\/\">Read More<\/a><\/p>\n","protected":false},"author":1,"featured_media":0,"parent":137,"menu_order":6,"comment_status":"open","ping_status":"closed","template":"","meta":[],"yoast_head":"<!-- This site is optimized with the Yoast SEO plugin v20.2.1 - https:\/\/yoast.com\/wordpress\/plugins\/seo\/ -->\n<title>At the centre of the Transport &laquo; Merkez Zekeriyak\u00f6y<\/title>\n<meta name=\"robots\" content=\"index, follow, max-snippet:-1, max-image-preview:large, max-video-preview:-1\" \/>\n<link rel=\"canonical\" href=\"https:\/\/merkezzekeriyakoy.com\/merkezde-siz\/ulasimin-merkezindesin\/\" \/>\n<meta property=\"og:locale\" content=\"en_US\" \/>\n<meta property=\"og:type\" content=\"article\" \/>\n<meta property=\"og:title\" content=\"Ula\u015f\u0131m\u0131n MerkezindesinAt the centre of the Transport &laquo; Merkez Zekeriyak\u00f6y\" \/>\n<meta property=\"og:description\" content=\"Zekeriyak\u00f6y is the only settlement in Istanbul with it\u2019s easiest access to areas that have\u00a0the most business and social life activities such as Taksim and Mecidiyek\u00f6y, also which\u00a0is located within the nature and near to the sea. Zekeriyak\u00f6y &#8211; Hac\u0131osman 11 min. Zekeriyak\u00f6y &#8211; Maslak 15 min. Zekeriyak\u00f6y &#8211; Sar\u0131yer... Read More\" \/>\n<meta property=\"og:url\" content=\"https:\/\/merkezzekeriyakoy.com\/merkezde-siz\/ulasimin-merkezindesin\/\" \/>\n<meta property=\"og:site_name\" content=\"Merkez Zekeriyak\u00f6y\" \/>\n<meta property=\"article:modified_time\" content=\"2013-06-12T11:42:46+00:00\" \/>\n<meta name=\"twitter:label1\" content=\"Est. reading time\" \/>\n\t<meta name=\"twitter:data1\" content=\"2 minutes\" \/>\n<script type=\"application\/ld+json\" class=\"yoast-schema-graph\">{\"@context\":\"https:\/\/schema.org\",\"@graph\":[{\"@type\":\"WebPage\",\"@id\":\"https:\/\/merkezzekeriyakoy.com\/merkezde-siz\/ulasimin-merkezindesin\/\",\"url\":\"https:\/\/merkezzekeriyakoy.com\/merkezde-siz\/ulasimin-merkezindesin\/\",\"name\":\"Ula\u015f\u0131m\u0131n MerkezindesinAt the centre of the Transport &laquo; Merkez Zekeriyak\u00f6y\",\"isPartOf\":{\"@id\":\"https:\/\/merkezzekeriyakoy.com\/#website\"},\"datePublished\":\"2013-05-20T13:36:41+00:00\",\"dateModified\":\"2013-06-12T11:42:46+00:00\",\"breadcrumb\":{\"@id\":\"https:\/\/merkezzekeriyakoy.com\/merkezde-siz\/ulasimin-merkezindesin\/#breadcrumb\"},\"inLanguage\":\"en-US\",\"potentialAction\":[{\"@type\":\"ReadAction\",\"target\":[\"https:\/\/merkezzekeriyakoy.com\/merkezde-siz\/ulasimin-merkezindesin\/\"]}]},{\"@type\":\"BreadcrumbList\",\"@id\":\"https:\/\/merkezzekeriyakoy.com\/merkezde-siz\/ulasimin-merkezindesin\/#breadcrumb\",\"itemListElement\":[{\"@type\":\"ListItem\",\"position\":1,\"name\":\"Home\",\"item\":\"https:\/\/merkezzekeriyakoy.com\/\"},{\"@type\":\"ListItem\",\"position\":2,\"name\":\"Merkezde Siz\",\"item\":\"https:\/\/merkezzekeriyakoy.com\/merkezde-siz\/\"},{\"@type\":\"ListItem\",\"position\":3,\"name\":\"Ula\u015f\u0131m\u0131n Merkezindesin\"}]},{\"@type\":\"WebSite\",\"@id\":\"https:\/\/merkezzekeriyakoy.com\/#website\",\"url\":\"https:\/\/merkezzekeriyakoy.com\/\",\"name\":\"Merkez Zekeriyak\u00f6y\",\"description\":\"Merkez Zekeriyak\u00f6y\u2019de ya\u015famak, \u0130stanbul gibi tempolu bir \u015fehirde ya\u015faman\u0131n ger\u00e7ek \u00f6d\u00fcl\u00fc\",\"potentialAction\":[{\"@type\":\"SearchAction\",\"target\":{\"@type\":\"EntryPoint\",\"urlTemplate\":\"https:\/\/merkezzekeriyakoy.com\/?s={search_term_string}\"},\"query-input\":\"required name=search_term_string\"}],\"inLanguage\":\"en-US\"}]}<\/script>\n<!-- \/ Yoast SEO plugin. -->","yoast_head_json":{"title":"At the centre of the Transport &laquo; Merkez Zekeriyak\u00f6y","robots":{"index":"index","follow":"follow","max-snippet":"max-snippet:-1","max-image-preview":"max-image-preview:large","max-video-preview":"max-video-preview:-1"},"canonical":"https:\/\/merkezzekeriyakoy.com\/merkezde-siz\/ulasimin-merkezindesin\/","og_locale":"en_US","og_type":"article","og_title":"Ula\u015f\u0131m\u0131n MerkezindesinAt the centre of the Transport &laquo; Merkez Zekeriyak\u00f6y","og_description":"Zekeriyak\u00f6y is the only settlement in Istanbul with it\u2019s easiest access to areas that have\u00a0the most business and social life activities such as Taksim and Mecidiyek\u00f6y, also which\u00a0is located within the nature and near to the sea. Zekeriyak\u00f6y &#8211; Hac\u0131osman 11 min. Zekeriyak\u00f6y &#8211; Maslak 15 min. Zekeriyak\u00f6y &#8211; Sar\u0131yer... Read More","og_url":"https:\/\/merkezzekeriyakoy.com\/merkezde-siz\/ulasimin-merkezindesin\/","og_site_name":"Merkez Zekeriyak\u00f6y","article_modified_time":"2013-06-12T11:42:46+00:00","twitter_misc":{"Est. reading time":"2 minutes"},"schema":{"@context":"https:\/\/schema.org","@graph":[{"@type":"WebPage","@id":"https:\/\/merkezzekeriyakoy.com\/merkezde-siz\/ulasimin-merkezindesin\/","url":"https:\/\/merkezzekeriyakoy.com\/merkezde-siz\/ulasimin-merkezindesin\/","name":"Ula\u015f\u0131m\u0131n MerkezindesinAt the centre of the Transport &laquo; Merkez Zekeriyak\u00f6y","isPartOf":{"@id":"https:\/\/merkezzekeriyakoy.com\/#website"},"datePublished":"2013-05-20T13:36:41+00:00","dateModified":"2013-06-12T11:42:46+00:00","breadcrumb":{"@id":"https:\/\/merkezzekeriyakoy.com\/merkezde-siz\/ulasimin-merkezindesin\/#breadcrumb"},"inLanguage":"en-US","potentialAction":[{"@type":"ReadAction","target":["https:\/\/merkezzekeriyakoy.com\/merkezde-siz\/ulasimin-merkezindesin\/"]}]},{"@type":"BreadcrumbList","@id":"https:\/\/merkezzekeriyakoy.com\/merkezde-siz\/ulasimin-merkezindesin\/#breadcrumb","itemListElement":[{"@type":"ListItem","position":1,"name":"Home","item":"https:\/\/merkezzekeriyakoy.com\/"},{"@type":"ListItem","position":2,"name":"Merkezde Siz","item":"https:\/\/merkezzekeriyakoy.com\/merkezde-siz\/"},{"@type":"ListItem","position":3,"name":"Ula\u015f\u0131m\u0131n Merkezindesin"}]},{"@type":"WebSite","@id":"https:\/\/merkezzekeriyakoy.com\/#website","url":"https:\/\/merkezzekeriyakoy.com\/","name":"Merkez Zekeriyak\u00f6y","description":"Merkez Zekeriyak\u00f6y\u2019de ya\u015famak, \u0130stanbul gibi tempolu bir \u015fehirde ya\u015faman\u0131n ger\u00e7ek \u00f6d\u00fcl\u00fc","potentialAction":[{"@type":"SearchAction","target":{"@type":"EntryPoint","urlTemplate":"https:\/\/merkezzekeriyakoy.com\/?s={search_term_string}"},"query-input":"required name=search_term_string"}],"inLanguage":"en-US"}]}},"_links":{"self":[{"href":"https:\/\/merkezzekeriyakoy.com\/en\/wp-json\/wp\/v2\/pages\/1060"}],"collection":[{"href":"https:\/\/merkezzekeriyakoy.com\/en\/wp-json\/wp\/v2\/pages"}],"about":[{"href":"https:\/\/merkezzekeriyakoy.com\/en\/wp-json\/wp\/v2\/types\/page"}],"author":[{"embeddable":true,"href":"https:\/\/merkezzekeriyakoy.com\/en\/wp-json\/wp\/v2\/users\/1"}],"replies":[{"embeddable":true,"href":"https:\/\/merkezzekeriyakoy.com\/en\/wp-json\/wp\/v2\/comments?post=1060"}],"version-history":[{"count":10,"href":"https:\/\/merkezzekeriyakoy.com\/en\/wp-json\/wp\/v2\/pages\/1060\/revisions"}],"predecessor-version":[{"id":1634,"href":"https:\/\/merkezzekeriyakoy.com\/en\/wp-json\/wp\/v2\/pages\/1060\/revisions\/1634"}],"up":[{"embeddable":true,"href":"https:\/\/merkezzekeriyakoy.com\/en\/wp-json\/wp\/v2\/pages\/137"}],"wp:attachment":[{"href":"https:\/\/merkezzekeriyakoy.com\/en\/wp-json\/wp\/v2\/media?parent=1060"}],"curies":[{"name":"wp","href":"https:\/\/api.w.org\/{rel}","templated":true}]}}