{"id":1062,"date":"2013-05-20T15:50:17","date_gmt":"2013-05-20T13:50:17","guid":{"rendered":"http:\/\/merkezzekeriyakoy.com\/?page_id=1062"},"modified":"2013-06-17T19:43:00","modified_gmt":"2013-06-17T17:43:00","slug":"degerini-bilin","status":"publish","type":"page","link":"https:\/\/merkezzekeriyakoy.com\/en\/farkinda-misiniz\/degerini-bilin\/","title":{"rendered":"Appreciate the value of it"},"content":{"rendered":"<p>Merkez Zekeriyak\u00f6y, which is situated at the centre of Zekeriyak\u00f6y and\u00a0on one of the main artery streets, is right at the middle of the important\u00a0developments like the 3rd airport, 3rd Bosphorus bridge and the North\u00a0Marmara Motorway.<\/p>\n<p>Merkez Zekeriyak\u00f6y, is one of the most correct property investment\u00a0to be made in Zekeriyak\u00f6y, which has the bright future and included\u00a0amongst the most valuable regions of Istanbul.<\/p>\n<p><a href=\"http:\/\/merkezzekeriyakoy.com\/wp-content\/uploads\/mz-harita-visual.pdf\" target=\"_blank\"><img decoding=\"async\" loading=\"lazy\" alt=\"harita_gorunum-Web_tn2\" src=\"http:\/\/merkezzekeriyakoy.com\/wp-content\/uploads\/harita_gorunum-Web_tn2-260x300.jpg\" width=\"208\" height=\"240\" \/><\/a><\/p>\n","protected":false},"excerpt":{"rendered":"<p>Merkez Zekeriyak\u00f6y, which is situated at the centre of Zekeriyak\u00f6y and\u00a0on one of the main artery streets, is right at the middle of the important\u00a0developments like the 3rd airport, 3rd Bosphorus bridge and the North\u00a0Marmara Motorway. Merkez Zekeriyak\u00f6y, is one of the most correct property investment\u00a0to be made in Zekeriyak\u00f6y,&#8230; <br \/><a class=\"rm-link excerpt-rm-link\" href=\"https:\/\/merkezzekeriyakoy.com\/en\/farkinda-misiniz\/degerini-bilin\/\">Read More<\/a><\/p>\n","protected":false},"author":1,"featured_media":0,"parent":11,"menu_order":1,"comment_status":"open","ping_status":"closed","template":"","meta":[],"yoast_head":"<!-- This site is optimized with the Yoast SEO plugin v20.2.1 - https:\/\/yoast.com\/wordpress\/plugins\/seo\/ -->\n<title>Appreciate the value of it &laquo; Merkez Zekeriyak\u00f6y<\/title>\n<meta name=\"robots\" content=\"index, follow, max-snippet:-1, max-image-preview:large, max-video-preview:-1\" \/>\n<link rel=\"canonical\" href=\"https:\/\/merkezzekeriyakoy.com\/en\/farkinda-misiniz\/degerini-bilin\/\" \/>\n<meta property=\"og:locale\" content=\"en_US\" \/>\n<meta property=\"og:type\" content=\"article\" \/>\n<meta property=\"og:title\" content=\"De\u011ferini BilinAppreciate the value of it &laquo; Merkez Zekeriyak\u00f6y\" \/>\n<meta property=\"og:description\" content=\"Merkez Zekeriyak\u00f6y, which is situated at the centre of Zekeriyak\u00f6y and\u00a0on one of the main artery streets, is right at the middle of the important\u00a0developments like the 3rd airport, 3rd Bosphorus bridge and the North\u00a0Marmara Motorway. Merkez Zekeriyak\u00f6y, is one of the most correct property investment\u00a0to be made in Zekeriyak\u00f6y,... Read More\" \/>\n<meta property=\"og:url\" content=\"https:\/\/merkezzekeriyakoy.com\/en\/farkinda-misiniz\/degerini-bilin\/\" \/>\n<meta property=\"og:site_name\" content=\"Merkez Zekeriyak\u00f6y\" \/>\n<meta property=\"article:modified_time\" content=\"2013-06-17T17:43:00+00:00\" \/>\n<meta property=\"og:image\" content=\"http:\/\/merkezzekeriyakoy.com\/wp-content\/uploads\/harita_gorunum-Web_tn2-260x300.jpg\" \/>\n<meta name=\"twitter:label1\" content=\"Est. reading time\" \/>\n\t<meta name=\"twitter:data1\" content=\"1 minute\" \/>\n<script type=\"application\/ld+json\" class=\"yoast-schema-graph\">{\"@context\":\"https:\/\/schema.org\",\"@graph\":[{\"@type\":\"WebPage\",\"@id\":\"https:\/\/merkezzekeriyakoy.com\/en\/farkinda-misiniz\/degerini-bilin\/\",\"url\":\"https:\/\/merkezzekeriyakoy.com\/en\/farkinda-misiniz\/degerini-bilin\/\",\"name\":\"De\u011ferini BilinAppreciate the value of it &laquo; Merkez Zekeriyak\u00f6y\",\"isPartOf\":{\"@id\":\"https:\/\/merkezzekeriyakoy.com\/#website\"},\"datePublished\":\"2013-05-20T13:50:17+00:00\",\"dateModified\":\"2013-06-17T17:43:00+00:00\",\"breadcrumb\":{\"@id\":\"https:\/\/merkezzekeriyakoy.com\/en\/farkinda-misiniz\/degerini-bilin\/#breadcrumb\"},\"inLanguage\":\"en-US\",\"potentialAction\":[{\"@type\":\"ReadAction\",\"target\":[\"https:\/\/merkezzekeriyakoy.com\/en\/farkinda-misiniz\/degerini-bilin\/\"]}]},{\"@type\":\"BreadcrumbList\",\"@id\":\"https:\/\/merkezzekeriyakoy.com\/en\/farkinda-misiniz\/degerini-bilin\/#breadcrumb\",\"itemListElement\":[{\"@type\":\"ListItem\",\"position\":1,\"name\":\"Home\",\"item\":\"https:\/\/merkezzekeriyakoy.com\/\"},{\"@type\":\"ListItem\",\"position\":2,\"name\":\"FARKINDA MISINIZ?\",\"item\":\"https:\/\/merkezzekeriyakoy.com\/farkinda-misiniz\/\"},{\"@type\":\"ListItem\",\"position\":3,\"name\":\"Appreciate the value of it\"}]},{\"@type\":\"WebSite\",\"@id\":\"https:\/\/merkezzekeriyakoy.com\/#website\",\"url\":\"https:\/\/merkezzekeriyakoy.com\/\",\"name\":\"Merkez Zekeriyak\u00f6y\",\"description\":\"Merkez Zekeriyak\u00f6y\u2019de ya\u015famak, \u0130stanbul gibi tempolu bir \u015fehirde ya\u015faman\u0131n ger\u00e7ek \u00f6d\u00fcl\u00fc\",\"potentialAction\":[{\"@type\":\"SearchAction\",\"target\":{\"@type\":\"EntryPoint\",\"urlTemplate\":\"https:\/\/merkezzekeriyakoy.com\/?s={search_term_string}\"},\"query-input\":\"required name=search_term_string\"}],\"inLanguage\":\"en-US\"}]}<\/script>\n<!-- \/ Yoast SEO plugin. -->","yoast_head_json":{"title":"Appreciate the value of it &laquo; Merkez Zekeriyak\u00f6y","robots":{"index":"index","follow":"follow","max-snippet":"max-snippet:-1","max-image-preview":"max-image-preview:large","max-video-preview":"max-video-preview:-1"},"canonical":"https:\/\/merkezzekeriyakoy.com\/en\/farkinda-misiniz\/degerini-bilin\/","og_locale":"en_US","og_type":"article","og_title":"De\u011ferini BilinAppreciate the value of it &laquo; Merkez Zekeriyak\u00f6y","og_description":"Merkez Zekeriyak\u00f6y, which is situated at the centre of Zekeriyak\u00f6y and\u00a0on one of the main artery streets, is right at the middle of the important\u00a0developments like the 3rd airport, 3rd Bosphorus bridge and the North\u00a0Marmara Motorway. Merkez Zekeriyak\u00f6y, is one of the most correct property investment\u00a0to be made in Zekeriyak\u00f6y,... Read More","og_url":"https:\/\/merkezzekeriyakoy.com\/en\/farkinda-misiniz\/degerini-bilin\/","og_site_name":"Merkez Zekeriyak\u00f6y","article_modified_time":"2013-06-17T17:43:00+00:00","og_image":[{"url":"http:\/\/merkezzekeriyakoy.com\/wp-content\/uploads\/harita_gorunum-Web_tn2-260x300.jpg"}],"twitter_misc":{"Est. reading time":"1 minute"},"schema":{"@context":"https:\/\/schema.org","@graph":[{"@type":"WebPage","@id":"https:\/\/merkezzekeriyakoy.com\/en\/farkinda-misiniz\/degerini-bilin\/","url":"https:\/\/merkezzekeriyakoy.com\/en\/farkinda-misiniz\/degerini-bilin\/","name":"De\u011ferini BilinAppreciate the value of it &laquo; Merkez Zekeriyak\u00f6y","isPartOf":{"@id":"https:\/\/merkezzekeriyakoy.com\/#website"},"datePublished":"2013-05-20T13:50:17+00:00","dateModified":"2013-06-17T17:43:00+00:00","breadcrumb":{"@id":"https:\/\/merkezzekeriyakoy.com\/en\/farkinda-misiniz\/degerini-bilin\/#breadcrumb"},"inLanguage":"en-US","potentialAction":[{"@type":"ReadAction","target":["https:\/\/merkezzekeriyakoy.com\/en\/farkinda-misiniz\/degerini-bilin\/"]}]},{"@type":"BreadcrumbList","@id":"https:\/\/merkezzekeriyakoy.com\/en\/farkinda-misiniz\/degerini-bilin\/#breadcrumb","itemListElement":[{"@type":"ListItem","position":1,"name":"Home","item":"https:\/\/merkezzekeriyakoy.com\/"},{"@type":"ListItem","position":2,"name":"FARKINDA MISINIZ?","item":"https:\/\/merkezzekeriyakoy.com\/farkinda-misiniz\/"},{"@type":"ListItem","position":3,"name":"Appreciate the value of it"}]},{"@type":"WebSite","@id":"https:\/\/merkezzekeriyakoy.com\/#website","url":"https:\/\/merkezzekeriyakoy.com\/","name":"Merkez Zekeriyak\u00f6y","description":"Merkez Zekeriyak\u00f6y\u2019de ya\u015famak, \u0130stanbul gibi tempolu bir \u015fehirde ya\u015faman\u0131n ger\u00e7ek \u00f6d\u00fcl\u00fc","potentialAction":[{"@type":"SearchAction","target":{"@type":"EntryPoint","urlTemplate":"https:\/\/merkezzekeriyakoy.com\/?s={search_term_string}"},"query-input":"required name=search_term_string"}],"inLanguage":"en-US"}]}},"_links":{"self":[{"href":"https:\/\/merkezzekeriyakoy.com\/en\/wp-json\/wp\/v2\/pages\/1062"}],"collection":[{"href":"https:\/\/merkezzekeriyakoy.com\/en\/wp-json\/wp\/v2\/pages"}],"about":[{"href":"https:\/\/merkezzekeriyakoy.com\/en\/wp-json\/wp\/v2\/types\/page"}],"author":[{"embeddable":true,"href":"https:\/\/merkezzekeriyakoy.com\/en\/wp-json\/wp\/v2\/users\/1"}],"replies":[{"embeddable":true,"href":"https:\/\/merkezzekeriyakoy.com\/en\/wp-json\/wp\/v2\/comments?post=1062"}],"version-history":[{"count":18,"href":"https:\/\/merkezzekeriyakoy.com\/en\/wp-json\/wp\/v2\/pages\/1062\/revisions"}],"predecessor-version":[{"id":1677,"href":"https:\/\/merkezzekeriyakoy.com\/en\/wp-json\/wp\/v2\/pages\/1062\/revisions\/1677"}],"up":[{"embeddable":true,"href":"https:\/\/merkezzekeriyakoy.com\/en\/wp-json\/wp\/v2\/pages\/11"}],"wp:attachment":[{"href":"https:\/\/merkezzekeriyakoy.com\/en\/wp-json\/wp\/v2\/media?parent=1062"}],"curies":[{"name":"wp","href":"https:\/\/api.w.org\/{rel}","templated":true}]}}