{"id":1073,"date":"2013-05-20T16:13:24","date_gmt":"2013-05-20T14:13:24","guid":{"rendered":"http:\/\/merkezzekeriyakoy.com\/?page_id=1073"},"modified":"2013-06-12T14:23:31","modified_gmt":"2013-06-12T12:23:31","slug":"ormanlar-ve-piknik","status":"publish","type":"page","link":"https:\/\/merkezzekeriyakoy.com\/en\/farkinda-misiniz\/ormanlar-ve-piknik\/","title":{"rendered":"Forests and Picnic"},"content":{"rendered":"<p><strong>At the centre of the forest&#8230;<\/strong><\/p>\n<p>Zekeriyak\u00f6y provides the opportunity for out of the ordinary\u00a0activities through its natural environment.<\/p>\n<p>You would be able to do your morning jogging for healthy life in\u00a0Belgrad and Fatih forests that are only 5 minutes away, you could be able to see hundreds of trees together at the Atat\u00fcrk Arboretum\u00a0(Alive Forest Museum) or enjoy the time together with your family in\u00a0picnic and recreation areas available around the region.<\/p>\n","protected":false},"excerpt":{"rendered":"<p>At the centre of the forest&#8230; Zekeriyak\u00f6y provides the opportunity for out of the ordinary\u00a0activities through its natural environment. You would be able to do your morning jogging for healthy life in\u00a0Belgrad and Fatih forests that are only 5 minutes away, you could be able to see hundreds of trees&#8230; <br \/><a class=\"rm-link excerpt-rm-link\" href=\"https:\/\/merkezzekeriyakoy.com\/en\/farkinda-misiniz\/ormanlar-ve-piknik\/\">Read More<\/a><\/p>\n","protected":false},"author":1,"featured_media":0,"parent":11,"menu_order":3,"comment_status":"open","ping_status":"closed","template":"","meta":[],"yoast_head":"<!-- This site is optimized with the Yoast SEO plugin v20.2.1 - https:\/\/yoast.com\/wordpress\/plugins\/seo\/ -->\n<title>Forests and Picnic &laquo; Merkez Zekeriyak\u00f6y<\/title>\n<meta name=\"robots\" content=\"index, follow, max-snippet:-1, max-image-preview:large, max-video-preview:-1\" \/>\n<link rel=\"canonical\" href=\"https:\/\/merkezzekeriyakoy.com\/farkinda-misiniz\/ormanlar-ve-piknik\/\" \/>\n<meta property=\"og:locale\" content=\"en_US\" \/>\n<meta property=\"og:type\" content=\"article\" \/>\n<meta property=\"og:title\" content=\"Ormanlar ve PiknikForests and Picnic &laquo; Merkez Zekeriyak\u00f6y\" \/>\n<meta property=\"og:description\" content=\"At the centre of the forest&#8230; Zekeriyak\u00f6y provides the opportunity for out of the ordinary\u00a0activities through its natural environment. You would be able to do your morning jogging for healthy life in\u00a0Belgrad and Fatih forests that are only 5 minutes away, you could be able to see hundreds of trees... Read More\" \/>\n<meta property=\"og:url\" content=\"https:\/\/merkezzekeriyakoy.com\/farkinda-misiniz\/ormanlar-ve-piknik\/\" \/>\n<meta property=\"og:site_name\" content=\"Merkez Zekeriyak\u00f6y\" \/>\n<meta property=\"article:modified_time\" content=\"2013-06-12T12:23:31+00:00\" \/>\n<meta name=\"twitter:label1\" content=\"Est. reading time\" \/>\n\t<meta name=\"twitter:data1\" content=\"1 minute\" \/>\n<script type=\"application\/ld+json\" class=\"yoast-schema-graph\">{\"@context\":\"https:\/\/schema.org\",\"@graph\":[{\"@type\":\"WebPage\",\"@id\":\"https:\/\/merkezzekeriyakoy.com\/farkinda-misiniz\/ormanlar-ve-piknik\/\",\"url\":\"https:\/\/merkezzekeriyakoy.com\/farkinda-misiniz\/ormanlar-ve-piknik\/\",\"name\":\"Ormanlar ve PiknikForests and Picnic &laquo; Merkez Zekeriyak\u00f6y\",\"isPartOf\":{\"@id\":\"https:\/\/merkezzekeriyakoy.com\/#website\"},\"datePublished\":\"2013-05-20T14:13:24+00:00\",\"dateModified\":\"2013-06-12T12:23:31+00:00\",\"breadcrumb\":{\"@id\":\"https:\/\/merkezzekeriyakoy.com\/farkinda-misiniz\/ormanlar-ve-piknik\/#breadcrumb\"},\"inLanguage\":\"en-US\",\"potentialAction\":[{\"@type\":\"ReadAction\",\"target\":[\"https:\/\/merkezzekeriyakoy.com\/farkinda-misiniz\/ormanlar-ve-piknik\/\"]}]},{\"@type\":\"BreadcrumbList\",\"@id\":\"https:\/\/merkezzekeriyakoy.com\/farkinda-misiniz\/ormanlar-ve-piknik\/#breadcrumb\",\"itemListElement\":[{\"@type\":\"ListItem\",\"position\":1,\"name\":\"Home\",\"item\":\"https:\/\/merkezzekeriyakoy.com\/\"},{\"@type\":\"ListItem\",\"position\":2,\"name\":\"FARKINDA MISINIZ?\",\"item\":\"https:\/\/merkezzekeriyakoy.com\/farkinda-misiniz\/\"},{\"@type\":\"ListItem\",\"position\":3,\"name\":\"Ormanlar ve Piknik\"}]},{\"@type\":\"WebSite\",\"@id\":\"https:\/\/merkezzekeriyakoy.com\/#website\",\"url\":\"https:\/\/merkezzekeriyakoy.com\/\",\"name\":\"Merkez Zekeriyak\u00f6y\",\"description\":\"Merkez Zekeriyak\u00f6y\u2019de ya\u015famak, \u0130stanbul gibi tempolu bir \u015fehirde ya\u015faman\u0131n ger\u00e7ek \u00f6d\u00fcl\u00fc\",\"potentialAction\":[{\"@type\":\"SearchAction\",\"target\":{\"@type\":\"EntryPoint\",\"urlTemplate\":\"https:\/\/merkezzekeriyakoy.com\/?s={search_term_string}\"},\"query-input\":\"required name=search_term_string\"}],\"inLanguage\":\"en-US\"}]}<\/script>\n<!-- \/ Yoast SEO plugin. -->","yoast_head_json":{"title":"Forests and Picnic &laquo; Merkez Zekeriyak\u00f6y","robots":{"index":"index","follow":"follow","max-snippet":"max-snippet:-1","max-image-preview":"max-image-preview:large","max-video-preview":"max-video-preview:-1"},"canonical":"https:\/\/merkezzekeriyakoy.com\/farkinda-misiniz\/ormanlar-ve-piknik\/","og_locale":"en_US","og_type":"article","og_title":"Ormanlar ve PiknikForests and Picnic &laquo; Merkez Zekeriyak\u00f6y","og_description":"At the centre of the forest&#8230; Zekeriyak\u00f6y provides the opportunity for out of the ordinary\u00a0activities through its natural environment. You would be able to do your morning jogging for healthy life in\u00a0Belgrad and Fatih forests that are only 5 minutes away, you could be able to see hundreds of trees... Read More","og_url":"https:\/\/merkezzekeriyakoy.com\/farkinda-misiniz\/ormanlar-ve-piknik\/","og_site_name":"Merkez Zekeriyak\u00f6y","article_modified_time":"2013-06-12T12:23:31+00:00","twitter_misc":{"Est. reading time":"1 minute"},"schema":{"@context":"https:\/\/schema.org","@graph":[{"@type":"WebPage","@id":"https:\/\/merkezzekeriyakoy.com\/farkinda-misiniz\/ormanlar-ve-piknik\/","url":"https:\/\/merkezzekeriyakoy.com\/farkinda-misiniz\/ormanlar-ve-piknik\/","name":"Ormanlar ve PiknikForests and Picnic &laquo; Merkez Zekeriyak\u00f6y","isPartOf":{"@id":"https:\/\/merkezzekeriyakoy.com\/#website"},"datePublished":"2013-05-20T14:13:24+00:00","dateModified":"2013-06-12T12:23:31+00:00","breadcrumb":{"@id":"https:\/\/merkezzekeriyakoy.com\/farkinda-misiniz\/ormanlar-ve-piknik\/#breadcrumb"},"inLanguage":"en-US","potentialAction":[{"@type":"ReadAction","target":["https:\/\/merkezzekeriyakoy.com\/farkinda-misiniz\/ormanlar-ve-piknik\/"]}]},{"@type":"BreadcrumbList","@id":"https:\/\/merkezzekeriyakoy.com\/farkinda-misiniz\/ormanlar-ve-piknik\/#breadcrumb","itemListElement":[{"@type":"ListItem","position":1,"name":"Home","item":"https:\/\/merkezzekeriyakoy.com\/"},{"@type":"ListItem","position":2,"name":"FARKINDA MISINIZ?","item":"https:\/\/merkezzekeriyakoy.com\/farkinda-misiniz\/"},{"@type":"ListItem","position":3,"name":"Ormanlar ve Piknik"}]},{"@type":"WebSite","@id":"https:\/\/merkezzekeriyakoy.com\/#website","url":"https:\/\/merkezzekeriyakoy.com\/","name":"Merkez Zekeriyak\u00f6y","description":"Merkez Zekeriyak\u00f6y\u2019de ya\u015famak, \u0130stanbul gibi tempolu bir \u015fehirde ya\u015faman\u0131n ger\u00e7ek \u00f6d\u00fcl\u00fc","potentialAction":[{"@type":"SearchAction","target":{"@type":"EntryPoint","urlTemplate":"https:\/\/merkezzekeriyakoy.com\/?s={search_term_string}"},"query-input":"required name=search_term_string"}],"inLanguage":"en-US"}]}},"_links":{"self":[{"href":"https:\/\/merkezzekeriyakoy.com\/en\/wp-json\/wp\/v2\/pages\/1073"}],"collection":[{"href":"https:\/\/merkezzekeriyakoy.com\/en\/wp-json\/wp\/v2\/pages"}],"about":[{"href":"https:\/\/merkezzekeriyakoy.com\/en\/wp-json\/wp\/v2\/types\/page"}],"author":[{"embeddable":true,"href":"https:\/\/merkezzekeriyakoy.com\/en\/wp-json\/wp\/v2\/users\/1"}],"replies":[{"embeddable":true,"href":"https:\/\/merkezzekeriyakoy.com\/en\/wp-json\/wp\/v2\/comments?post=1073"}],"version-history":[{"count":4,"href":"https:\/\/merkezzekeriyakoy.com\/en\/wp-json\/wp\/v2\/pages\/1073\/revisions"}],"predecessor-version":[{"id":1644,"href":"https:\/\/merkezzekeriyakoy.com\/en\/wp-json\/wp\/v2\/pages\/1073\/revisions\/1644"}],"up":[{"embeddable":true,"href":"https:\/\/merkezzekeriyakoy.com\/en\/wp-json\/wp\/v2\/pages\/11"}],"wp:attachment":[{"href":"https:\/\/merkezzekeriyakoy.com\/en\/wp-json\/wp\/v2\/media?parent=1073"}],"curies":[{"name":"wp","href":"https:\/\/api.w.org\/{rel}","templated":true}]}}