{"id":1074,"date":"2013-05-20T16:18:08","date_gmt":"2013-05-20T14:18:08","guid":{"rendered":"http:\/\/merkezzekeriyakoy.com\/?page_id=1074"},"modified":"2013-06-12T14:26:21","modified_gmt":"2013-06-12T12:26:21","slug":"komsuluk-iliskileri","status":"publish","type":"page","link":"https:\/\/merkezzekeriyakoy.com\/en\/farkinda-misiniz\/komsuluk-iliskileri\/","title":{"rendered":"Neighbourhood"},"content":{"rendered":"<p><strong>You would definitely salute\u00a0<\/strong><strong>your neighbours&#8230;<\/strong><\/p>\n<p>You would not have the chance of \u201cnot knowing your\u00a0next door neighbour\u201d as would be case for the high\u00a0rise housing estates in which hundreds of homes\u00a0are available in the Merkez Zekeriyak\u00f6y, where the\u00a0horizontal life is made possible and which contains\u00a0few numbers of homes.<\/p>\n","protected":false},"excerpt":{"rendered":"<p>You would definitely salute\u00a0your neighbours&#8230; You would not have the chance of \u201cnot knowing your\u00a0next door neighbour\u201d as would be case for the high\u00a0rise housing estates in which hundreds of homes\u00a0are available in the Merkez Zekeriyak\u00f6y, where the\u00a0horizontal life is made possible and which contains\u00a0few numbers of homes.<\/p>\n","protected":false},"author":1,"featured_media":0,"parent":11,"menu_order":4,"comment_status":"open","ping_status":"closed","template":"","meta":[],"yoast_head":"<!-- This site is optimized with the Yoast SEO plugin v20.2.1 - https:\/\/yoast.com\/wordpress\/plugins\/seo\/ -->\n<title>Neighbourhood &laquo; Merkez Zekeriyak\u00f6y<\/title>\n<meta name=\"robots\" content=\"index, follow, max-snippet:-1, max-image-preview:large, max-video-preview:-1\" \/>\n<link rel=\"canonical\" href=\"https:\/\/merkezzekeriyakoy.com\/en\/farkinda-misiniz\/komsuluk-iliskileri\/\" \/>\n<meta property=\"og:locale\" content=\"en_US\" \/>\n<meta property=\"og:type\" content=\"article\" \/>\n<meta property=\"og:title\" content=\"Kom\u015fuluk \u0130li\u015fkileriNeighbourhood &laquo; Merkez Zekeriyak\u00f6y\" \/>\n<meta property=\"og:description\" content=\"You would definitely salute\u00a0your neighbours&#8230; You would not have the chance of \u201cnot knowing your\u00a0next door neighbour\u201d as would be case for the high\u00a0rise housing estates in which hundreds of homes\u00a0are available in the Merkez Zekeriyak\u00f6y, where the\u00a0horizontal life is made possible and which contains\u00a0few numbers of homes.\" \/>\n<meta property=\"og:url\" content=\"https:\/\/merkezzekeriyakoy.com\/en\/farkinda-misiniz\/komsuluk-iliskileri\/\" \/>\n<meta property=\"og:site_name\" content=\"Merkez Zekeriyak\u00f6y\" \/>\n<meta property=\"article:modified_time\" content=\"2013-06-12T12:26:21+00:00\" \/>\n<meta name=\"twitter:label1\" content=\"Est. reading time\" \/>\n\t<meta name=\"twitter:data1\" content=\"1 minute\" \/>\n<script type=\"application\/ld+json\" class=\"yoast-schema-graph\">{\"@context\":\"https:\/\/schema.org\",\"@graph\":[{\"@type\":\"WebPage\",\"@id\":\"https:\/\/merkezzekeriyakoy.com\/en\/farkinda-misiniz\/komsuluk-iliskileri\/\",\"url\":\"https:\/\/merkezzekeriyakoy.com\/en\/farkinda-misiniz\/komsuluk-iliskileri\/\",\"name\":\"Kom\u015fuluk \u0130li\u015fkileriNeighbourhood &laquo; Merkez Zekeriyak\u00f6y\",\"isPartOf\":{\"@id\":\"https:\/\/merkezzekeriyakoy.com\/#website\"},\"datePublished\":\"2013-05-20T14:18:08+00:00\",\"dateModified\":\"2013-06-12T12:26:21+00:00\",\"breadcrumb\":{\"@id\":\"https:\/\/merkezzekeriyakoy.com\/en\/farkinda-misiniz\/komsuluk-iliskileri\/#breadcrumb\"},\"inLanguage\":\"en-US\",\"potentialAction\":[{\"@type\":\"ReadAction\",\"target\":[\"https:\/\/merkezzekeriyakoy.com\/en\/farkinda-misiniz\/komsuluk-iliskileri\/\"]}]},{\"@type\":\"BreadcrumbList\",\"@id\":\"https:\/\/merkezzekeriyakoy.com\/en\/farkinda-misiniz\/komsuluk-iliskileri\/#breadcrumb\",\"itemListElement\":[{\"@type\":\"ListItem\",\"position\":1,\"name\":\"Home\",\"item\":\"https:\/\/merkezzekeriyakoy.com\/\"},{\"@type\":\"ListItem\",\"position\":2,\"name\":\"FARKINDA MISINIZ?\",\"item\":\"https:\/\/merkezzekeriyakoy.com\/farkinda-misiniz\/\"},{\"@type\":\"ListItem\",\"position\":3,\"name\":\"Neighbourhood\"}]},{\"@type\":\"WebSite\",\"@id\":\"https:\/\/merkezzekeriyakoy.com\/#website\",\"url\":\"https:\/\/merkezzekeriyakoy.com\/\",\"name\":\"Merkez Zekeriyak\u00f6y\",\"description\":\"Merkez Zekeriyak\u00f6y\u2019de ya\u015famak, \u0130stanbul gibi tempolu bir \u015fehirde ya\u015faman\u0131n ger\u00e7ek \u00f6d\u00fcl\u00fc\",\"potentialAction\":[{\"@type\":\"SearchAction\",\"target\":{\"@type\":\"EntryPoint\",\"urlTemplate\":\"https:\/\/merkezzekeriyakoy.com\/?s={search_term_string}\"},\"query-input\":\"required name=search_term_string\"}],\"inLanguage\":\"en-US\"}]}<\/script>\n<!-- \/ Yoast SEO plugin. -->","yoast_head_json":{"title":"Neighbourhood &laquo; Merkez Zekeriyak\u00f6y","robots":{"index":"index","follow":"follow","max-snippet":"max-snippet:-1","max-image-preview":"max-image-preview:large","max-video-preview":"max-video-preview:-1"},"canonical":"https:\/\/merkezzekeriyakoy.com\/en\/farkinda-misiniz\/komsuluk-iliskileri\/","og_locale":"en_US","og_type":"article","og_title":"Kom\u015fuluk \u0130li\u015fkileriNeighbourhood &laquo; Merkez Zekeriyak\u00f6y","og_description":"You would definitely salute\u00a0your neighbours&#8230; You would not have the chance of \u201cnot knowing your\u00a0next door neighbour\u201d as would be case for the high\u00a0rise housing estates in which hundreds of homes\u00a0are available in the Merkez Zekeriyak\u00f6y, where the\u00a0horizontal life is made possible and which contains\u00a0few numbers of homes.","og_url":"https:\/\/merkezzekeriyakoy.com\/en\/farkinda-misiniz\/komsuluk-iliskileri\/","og_site_name":"Merkez Zekeriyak\u00f6y","article_modified_time":"2013-06-12T12:26:21+00:00","twitter_misc":{"Est. reading time":"1 minute"},"schema":{"@context":"https:\/\/schema.org","@graph":[{"@type":"WebPage","@id":"https:\/\/merkezzekeriyakoy.com\/en\/farkinda-misiniz\/komsuluk-iliskileri\/","url":"https:\/\/merkezzekeriyakoy.com\/en\/farkinda-misiniz\/komsuluk-iliskileri\/","name":"Kom\u015fuluk \u0130li\u015fkileriNeighbourhood &laquo; Merkez Zekeriyak\u00f6y","isPartOf":{"@id":"https:\/\/merkezzekeriyakoy.com\/#website"},"datePublished":"2013-05-20T14:18:08+00:00","dateModified":"2013-06-12T12:26:21+00:00","breadcrumb":{"@id":"https:\/\/merkezzekeriyakoy.com\/en\/farkinda-misiniz\/komsuluk-iliskileri\/#breadcrumb"},"inLanguage":"en-US","potentialAction":[{"@type":"ReadAction","target":["https:\/\/merkezzekeriyakoy.com\/en\/farkinda-misiniz\/komsuluk-iliskileri\/"]}]},{"@type":"BreadcrumbList","@id":"https:\/\/merkezzekeriyakoy.com\/en\/farkinda-misiniz\/komsuluk-iliskileri\/#breadcrumb","itemListElement":[{"@type":"ListItem","position":1,"name":"Home","item":"https:\/\/merkezzekeriyakoy.com\/"},{"@type":"ListItem","position":2,"name":"FARKINDA MISINIZ?","item":"https:\/\/merkezzekeriyakoy.com\/farkinda-misiniz\/"},{"@type":"ListItem","position":3,"name":"Neighbourhood"}]},{"@type":"WebSite","@id":"https:\/\/merkezzekeriyakoy.com\/#website","url":"https:\/\/merkezzekeriyakoy.com\/","name":"Merkez Zekeriyak\u00f6y","description":"Merkez Zekeriyak\u00f6y\u2019de ya\u015famak, \u0130stanbul gibi tempolu bir \u015fehirde ya\u015faman\u0131n ger\u00e7ek \u00f6d\u00fcl\u00fc","potentialAction":[{"@type":"SearchAction","target":{"@type":"EntryPoint","urlTemplate":"https:\/\/merkezzekeriyakoy.com\/?s={search_term_string}"},"query-input":"required name=search_term_string"}],"inLanguage":"en-US"}]}},"_links":{"self":[{"href":"https:\/\/merkezzekeriyakoy.com\/en\/wp-json\/wp\/v2\/pages\/1074"}],"collection":[{"href":"https:\/\/merkezzekeriyakoy.com\/en\/wp-json\/wp\/v2\/pages"}],"about":[{"href":"https:\/\/merkezzekeriyakoy.com\/en\/wp-json\/wp\/v2\/types\/page"}],"author":[{"embeddable":true,"href":"https:\/\/merkezzekeriyakoy.com\/en\/wp-json\/wp\/v2\/users\/1"}],"replies":[{"embeddable":true,"href":"https:\/\/merkezzekeriyakoy.com\/en\/wp-json\/wp\/v2\/comments?post=1074"}],"version-history":[{"count":6,"href":"https:\/\/merkezzekeriyakoy.com\/en\/wp-json\/wp\/v2\/pages\/1074\/revisions"}],"predecessor-version":[{"id":1646,"href":"https:\/\/merkezzekeriyakoy.com\/en\/wp-json\/wp\/v2\/pages\/1074\/revisions\/1646"}],"up":[{"embeddable":true,"href":"https:\/\/merkezzekeriyakoy.com\/en\/wp-json\/wp\/v2\/pages\/11"}],"wp:attachment":[{"href":"https:\/\/merkezzekeriyakoy.com\/en\/wp-json\/wp\/v2\/media?parent=1074"}],"curies":[{"name":"wp","href":"https:\/\/api.w.org\/{rel}","templated":true}]}}