{"id":1075,"date":"2013-05-20T16:22:28","date_gmt":"2013-05-20T14:22:28","guid":{"rendered":"http:\/\/merkezzekeriyakoy.com\/?page_id=1075"},"modified":"2013-06-12T14:27:49","modified_gmt":"2013-06-12T12:27:49","slug":"mimari-incelikler","status":"publish","type":"page","link":"https:\/\/merkezzekeriyakoy.com\/en\/farkinda-misiniz\/mimari-incelikler\/","title":{"rendered":"Architectural Niceties"},"content":{"rendered":"<p><strong>Modern concept that is\u00a0<\/strong><strong>suitable for the human nature&#8230;<\/strong><\/p>\n<p>The compact laminate panels with wooden look that have been used on\u00a0the exterior of the buildings, joint gaps, jambs, natural stone floorings,\u00a0marble columns on the entrance of the buildings and all of the other details\u00a0have been thought for meticulously. Besides, charging units for electrical\u00a0vehicles have been made available at site.<\/p>\n<p>Indoors have been designed within the architectural symmetries so that\u00a0you would be able to use every square meter of the house at the maximum\u00a0possible level and particular importance have been given for the quality\u00a0and the aesthetics to be at the forefront. The windows that are from end to\u00a0end reflect the day light over to every corner of your house.<\/p>\n","protected":false},"excerpt":{"rendered":"<p>Modern concept that is\u00a0suitable for the human nature&#8230; The compact laminate panels with wooden look that have been used on\u00a0the exterior of the buildings, joint gaps, jambs, natural stone floorings,\u00a0marble columns on the entrance of the buildings and all of the other details\u00a0have been thought for meticulously. Besides, charging units&#8230; <br \/><a class=\"rm-link excerpt-rm-link\" href=\"https:\/\/merkezzekeriyakoy.com\/en\/farkinda-misiniz\/mimari-incelikler\/\">Read More<\/a><\/p>\n","protected":false},"author":1,"featured_media":0,"parent":11,"menu_order":5,"comment_status":"open","ping_status":"closed","template":"","meta":[],"yoast_head":"<!-- This site is optimized with the Yoast SEO plugin v20.2.1 - https:\/\/yoast.com\/wordpress\/plugins\/seo\/ -->\n<title>Architectural Niceties &laquo; Merkez Zekeriyak\u00f6y<\/title>\n<meta name=\"robots\" content=\"index, follow, max-snippet:-1, max-image-preview:large, max-video-preview:-1\" \/>\n<link rel=\"canonical\" href=\"https:\/\/merkezzekeriyakoy.com\/en\/farkinda-misiniz\/mimari-incelikler\/\" \/>\n<meta property=\"og:locale\" content=\"en_US\" \/>\n<meta property=\"og:type\" content=\"article\" \/>\n<meta property=\"og:title\" content=\"Mimari \u0130nceliklerArchitectural Niceties &laquo; Merkez Zekeriyak\u00f6y\" \/>\n<meta property=\"og:description\" content=\"Modern concept that is\u00a0suitable for the human nature&#8230; The compact laminate panels with wooden look that have been used on\u00a0the exterior of the buildings, joint gaps, jambs, natural stone floorings,\u00a0marble columns on the entrance of the buildings and all of the other details\u00a0have been thought for meticulously. Besides, charging units... Read More\" \/>\n<meta property=\"og:url\" content=\"https:\/\/merkezzekeriyakoy.com\/en\/farkinda-misiniz\/mimari-incelikler\/\" \/>\n<meta property=\"og:site_name\" content=\"Merkez Zekeriyak\u00f6y\" \/>\n<meta property=\"article:modified_time\" content=\"2013-06-12T12:27:49+00:00\" \/>\n<meta name=\"twitter:label1\" content=\"Est. reading time\" \/>\n\t<meta name=\"twitter:data1\" content=\"1 minute\" \/>\n<script type=\"application\/ld+json\" class=\"yoast-schema-graph\">{\"@context\":\"https:\/\/schema.org\",\"@graph\":[{\"@type\":\"WebPage\",\"@id\":\"https:\/\/merkezzekeriyakoy.com\/en\/farkinda-misiniz\/mimari-incelikler\/\",\"url\":\"https:\/\/merkezzekeriyakoy.com\/en\/farkinda-misiniz\/mimari-incelikler\/\",\"name\":\"Mimari \u0130nceliklerArchitectural Niceties &laquo; Merkez Zekeriyak\u00f6y\",\"isPartOf\":{\"@id\":\"https:\/\/merkezzekeriyakoy.com\/#website\"},\"datePublished\":\"2013-05-20T14:22:28+00:00\",\"dateModified\":\"2013-06-12T12:27:49+00:00\",\"breadcrumb\":{\"@id\":\"https:\/\/merkezzekeriyakoy.com\/en\/farkinda-misiniz\/mimari-incelikler\/#breadcrumb\"},\"inLanguage\":\"en-US\",\"potentialAction\":[{\"@type\":\"ReadAction\",\"target\":[\"https:\/\/merkezzekeriyakoy.com\/en\/farkinda-misiniz\/mimari-incelikler\/\"]}]},{\"@type\":\"BreadcrumbList\",\"@id\":\"https:\/\/merkezzekeriyakoy.com\/en\/farkinda-misiniz\/mimari-incelikler\/#breadcrumb\",\"itemListElement\":[{\"@type\":\"ListItem\",\"position\":1,\"name\":\"Home\",\"item\":\"https:\/\/merkezzekeriyakoy.com\/\"},{\"@type\":\"ListItem\",\"position\":2,\"name\":\"FARKINDA MISINIZ?\",\"item\":\"https:\/\/merkezzekeriyakoy.com\/farkinda-misiniz\/\"},{\"@type\":\"ListItem\",\"position\":3,\"name\":\"Architectural Niceties\"}]},{\"@type\":\"WebSite\",\"@id\":\"https:\/\/merkezzekeriyakoy.com\/#website\",\"url\":\"https:\/\/merkezzekeriyakoy.com\/\",\"name\":\"Merkez Zekeriyak\u00f6y\",\"description\":\"Merkez Zekeriyak\u00f6y\u2019de ya\u015famak, \u0130stanbul gibi tempolu bir \u015fehirde ya\u015faman\u0131n ger\u00e7ek \u00f6d\u00fcl\u00fc\",\"potentialAction\":[{\"@type\":\"SearchAction\",\"target\":{\"@type\":\"EntryPoint\",\"urlTemplate\":\"https:\/\/merkezzekeriyakoy.com\/?s={search_term_string}\"},\"query-input\":\"required name=search_term_string\"}],\"inLanguage\":\"en-US\"}]}<\/script>\n<!-- \/ Yoast SEO plugin. -->","yoast_head_json":{"title":"Architectural Niceties &laquo; Merkez Zekeriyak\u00f6y","robots":{"index":"index","follow":"follow","max-snippet":"max-snippet:-1","max-image-preview":"max-image-preview:large","max-video-preview":"max-video-preview:-1"},"canonical":"https:\/\/merkezzekeriyakoy.com\/en\/farkinda-misiniz\/mimari-incelikler\/","og_locale":"en_US","og_type":"article","og_title":"Mimari \u0130nceliklerArchitectural Niceties &laquo; Merkez Zekeriyak\u00f6y","og_description":"Modern concept that is\u00a0suitable for the human nature&#8230; The compact laminate panels with wooden look that have been used on\u00a0the exterior of the buildings, joint gaps, jambs, natural stone floorings,\u00a0marble columns on the entrance of the buildings and all of the other details\u00a0have been thought for meticulously. Besides, charging units... Read More","og_url":"https:\/\/merkezzekeriyakoy.com\/en\/farkinda-misiniz\/mimari-incelikler\/","og_site_name":"Merkez Zekeriyak\u00f6y","article_modified_time":"2013-06-12T12:27:49+00:00","twitter_misc":{"Est. reading time":"1 minute"},"schema":{"@context":"https:\/\/schema.org","@graph":[{"@type":"WebPage","@id":"https:\/\/merkezzekeriyakoy.com\/en\/farkinda-misiniz\/mimari-incelikler\/","url":"https:\/\/merkezzekeriyakoy.com\/en\/farkinda-misiniz\/mimari-incelikler\/","name":"Mimari \u0130nceliklerArchitectural Niceties &laquo; Merkez Zekeriyak\u00f6y","isPartOf":{"@id":"https:\/\/merkezzekeriyakoy.com\/#website"},"datePublished":"2013-05-20T14:22:28+00:00","dateModified":"2013-06-12T12:27:49+00:00","breadcrumb":{"@id":"https:\/\/merkezzekeriyakoy.com\/en\/farkinda-misiniz\/mimari-incelikler\/#breadcrumb"},"inLanguage":"en-US","potentialAction":[{"@type":"ReadAction","target":["https:\/\/merkezzekeriyakoy.com\/en\/farkinda-misiniz\/mimari-incelikler\/"]}]},{"@type":"BreadcrumbList","@id":"https:\/\/merkezzekeriyakoy.com\/en\/farkinda-misiniz\/mimari-incelikler\/#breadcrumb","itemListElement":[{"@type":"ListItem","position":1,"name":"Home","item":"https:\/\/merkezzekeriyakoy.com\/"},{"@type":"ListItem","position":2,"name":"FARKINDA MISINIZ?","item":"https:\/\/merkezzekeriyakoy.com\/farkinda-misiniz\/"},{"@type":"ListItem","position":3,"name":"Architectural Niceties"}]},{"@type":"WebSite","@id":"https:\/\/merkezzekeriyakoy.com\/#website","url":"https:\/\/merkezzekeriyakoy.com\/","name":"Merkez Zekeriyak\u00f6y","description":"Merkez Zekeriyak\u00f6y\u2019de ya\u015famak, \u0130stanbul gibi tempolu bir \u015fehirde ya\u015faman\u0131n ger\u00e7ek \u00f6d\u00fcl\u00fc","potentialAction":[{"@type":"SearchAction","target":{"@type":"EntryPoint","urlTemplate":"https:\/\/merkezzekeriyakoy.com\/?s={search_term_string}"},"query-input":"required name=search_term_string"}],"inLanguage":"en-US"}]}},"_links":{"self":[{"href":"https:\/\/merkezzekeriyakoy.com\/en\/wp-json\/wp\/v2\/pages\/1075"}],"collection":[{"href":"https:\/\/merkezzekeriyakoy.com\/en\/wp-json\/wp\/v2\/pages"}],"about":[{"href":"https:\/\/merkezzekeriyakoy.com\/en\/wp-json\/wp\/v2\/types\/page"}],"author":[{"embeddable":true,"href":"https:\/\/merkezzekeriyakoy.com\/en\/wp-json\/wp\/v2\/users\/1"}],"replies":[{"embeddable":true,"href":"https:\/\/merkezzekeriyakoy.com\/en\/wp-json\/wp\/v2\/comments?post=1075"}],"version-history":[{"count":4,"href":"https:\/\/merkezzekeriyakoy.com\/en\/wp-json\/wp\/v2\/pages\/1075\/revisions"}],"predecessor-version":[{"id":1647,"href":"https:\/\/merkezzekeriyakoy.com\/en\/wp-json\/wp\/v2\/pages\/1075\/revisions\/1647"}],"up":[{"embeddable":true,"href":"https:\/\/merkezzekeriyakoy.com\/en\/wp-json\/wp\/v2\/pages\/11"}],"wp:attachment":[{"href":"https:\/\/merkezzekeriyakoy.com\/en\/wp-json\/wp\/v2\/media?parent=1075"}],"curies":[{"name":"wp","href":"https:\/\/api.w.org\/{rel}","templated":true}]}}