{"id":1076,"date":"2013-05-20T16:25:18","date_gmt":"2013-05-20T14:25:18","guid":{"rendered":"http:\/\/merkezzekeriyakoy.com\/?page_id=1076"},"modified":"2013-06-12T14:29:10","modified_gmt":"2013-06-12T12:29:10","slug":"asirlik-dostlariniz","status":"publish","type":"page","link":"https:\/\/merkezzekeriyakoy.com\/en\/farkinda-misiniz\/asirlik-dostlariniz\/","title":{"rendered":"Your Century Old Friends"},"content":{"rendered":"<p><strong>Your century old friends,<\/strong><br \/>\n<strong>oak trees&#8230;<\/strong><\/p>\n<p>We have kept the century old oak trees under protection<br \/>\nin the Merkez Zekeriyak\u00f6y in order that they could be your<br \/>\nneighbours. You would not have to wait for the growth of the<br \/>\nreplanted trees for many years after the life has started here.<\/p>\n","protected":false},"excerpt":{"rendered":"<p>Your century old friends, oak trees&#8230; We have kept the century old oak trees under protection in the Merkez Zekeriyak\u00f6y in order that they could be your neighbours. You would not have to wait for the growth of the replanted trees for many years after the life has started here.<\/p>\n","protected":false},"author":1,"featured_media":0,"parent":11,"menu_order":6,"comment_status":"open","ping_status":"closed","template":"","meta":[],"yoast_head":"<!-- This site is optimized with the Yoast SEO plugin v20.2.1 - https:\/\/yoast.com\/wordpress\/plugins\/seo\/ -->\n<title>Your Century Old Friends &laquo; Merkez Zekeriyak\u00f6y<\/title>\n<meta name=\"robots\" content=\"index, follow, max-snippet:-1, max-image-preview:large, max-video-preview:-1\" \/>\n<link rel=\"canonical\" href=\"https:\/\/merkezzekeriyakoy.com\/farkinda-misiniz\/asirlik-dostlariniz\/\" \/>\n<meta property=\"og:locale\" content=\"en_US\" \/>\n<meta property=\"og:type\" content=\"article\" \/>\n<meta property=\"og:title\" content=\"As\u0131rl\u0131k Dostlar\u0131n\u0131zYour Century Old Friends &laquo; Merkez Zekeriyak\u00f6y\" \/>\n<meta property=\"og:description\" content=\"Your century old friends, oak trees&#8230; We have kept the century old oak trees under protection in the Merkez Zekeriyak\u00f6y in order that they could be your neighbours. You would not have to wait for the growth of the replanted trees for many years after the life has started here.\" \/>\n<meta property=\"og:url\" content=\"https:\/\/merkezzekeriyakoy.com\/farkinda-misiniz\/asirlik-dostlariniz\/\" \/>\n<meta property=\"og:site_name\" content=\"Merkez Zekeriyak\u00f6y\" \/>\n<meta property=\"article:modified_time\" content=\"2013-06-12T12:29:10+00:00\" \/>\n<script type=\"application\/ld+json\" class=\"yoast-schema-graph\">{\"@context\":\"https:\/\/schema.org\",\"@graph\":[{\"@type\":\"WebPage\",\"@id\":\"https:\/\/merkezzekeriyakoy.com\/farkinda-misiniz\/asirlik-dostlariniz\/\",\"url\":\"https:\/\/merkezzekeriyakoy.com\/farkinda-misiniz\/asirlik-dostlariniz\/\",\"name\":\"As\u0131rl\u0131k Dostlar\u0131n\u0131zYour Century Old Friends &laquo; Merkez Zekeriyak\u00f6y\",\"isPartOf\":{\"@id\":\"https:\/\/merkezzekeriyakoy.com\/#website\"},\"datePublished\":\"2013-05-20T14:25:18+00:00\",\"dateModified\":\"2013-06-12T12:29:10+00:00\",\"breadcrumb\":{\"@id\":\"https:\/\/merkezzekeriyakoy.com\/farkinda-misiniz\/asirlik-dostlariniz\/#breadcrumb\"},\"inLanguage\":\"en-US\",\"potentialAction\":[{\"@type\":\"ReadAction\",\"target\":[\"https:\/\/merkezzekeriyakoy.com\/farkinda-misiniz\/asirlik-dostlariniz\/\"]}]},{\"@type\":\"BreadcrumbList\",\"@id\":\"https:\/\/merkezzekeriyakoy.com\/farkinda-misiniz\/asirlik-dostlariniz\/#breadcrumb\",\"itemListElement\":[{\"@type\":\"ListItem\",\"position\":1,\"name\":\"Home\",\"item\":\"https:\/\/merkezzekeriyakoy.com\/\"},{\"@type\":\"ListItem\",\"position\":2,\"name\":\"FARKINDA MISINIZ?\",\"item\":\"https:\/\/merkezzekeriyakoy.com\/farkinda-misiniz\/\"},{\"@type\":\"ListItem\",\"position\":3,\"name\":\"As\u0131rl\u0131k Dostlar\u0131n\u0131z\"}]},{\"@type\":\"WebSite\",\"@id\":\"https:\/\/merkezzekeriyakoy.com\/#website\",\"url\":\"https:\/\/merkezzekeriyakoy.com\/\",\"name\":\"Merkez Zekeriyak\u00f6y\",\"description\":\"Merkez Zekeriyak\u00f6y\u2019de ya\u015famak, \u0130stanbul gibi tempolu bir \u015fehirde ya\u015faman\u0131n ger\u00e7ek \u00f6d\u00fcl\u00fc\",\"potentialAction\":[{\"@type\":\"SearchAction\",\"target\":{\"@type\":\"EntryPoint\",\"urlTemplate\":\"https:\/\/merkezzekeriyakoy.com\/?s={search_term_string}\"},\"query-input\":\"required name=search_term_string\"}],\"inLanguage\":\"en-US\"}]}<\/script>\n<!-- \/ Yoast SEO plugin. -->","yoast_head_json":{"title":"Your Century Old Friends &laquo; Merkez Zekeriyak\u00f6y","robots":{"index":"index","follow":"follow","max-snippet":"max-snippet:-1","max-image-preview":"max-image-preview:large","max-video-preview":"max-video-preview:-1"},"canonical":"https:\/\/merkezzekeriyakoy.com\/farkinda-misiniz\/asirlik-dostlariniz\/","og_locale":"en_US","og_type":"article","og_title":"As\u0131rl\u0131k Dostlar\u0131n\u0131zYour Century Old Friends &laquo; Merkez Zekeriyak\u00f6y","og_description":"Your century old friends, oak trees&#8230; We have kept the century old oak trees under protection in the Merkez Zekeriyak\u00f6y in order that they could be your neighbours. You would not have to wait for the growth of the replanted trees for many years after the life has started here.","og_url":"https:\/\/merkezzekeriyakoy.com\/farkinda-misiniz\/asirlik-dostlariniz\/","og_site_name":"Merkez Zekeriyak\u00f6y","article_modified_time":"2013-06-12T12:29:10+00:00","schema":{"@context":"https:\/\/schema.org","@graph":[{"@type":"WebPage","@id":"https:\/\/merkezzekeriyakoy.com\/farkinda-misiniz\/asirlik-dostlariniz\/","url":"https:\/\/merkezzekeriyakoy.com\/farkinda-misiniz\/asirlik-dostlariniz\/","name":"As\u0131rl\u0131k Dostlar\u0131n\u0131zYour Century Old Friends &laquo; Merkez Zekeriyak\u00f6y","isPartOf":{"@id":"https:\/\/merkezzekeriyakoy.com\/#website"},"datePublished":"2013-05-20T14:25:18+00:00","dateModified":"2013-06-12T12:29:10+00:00","breadcrumb":{"@id":"https:\/\/merkezzekeriyakoy.com\/farkinda-misiniz\/asirlik-dostlariniz\/#breadcrumb"},"inLanguage":"en-US","potentialAction":[{"@type":"ReadAction","target":["https:\/\/merkezzekeriyakoy.com\/farkinda-misiniz\/asirlik-dostlariniz\/"]}]},{"@type":"BreadcrumbList","@id":"https:\/\/merkezzekeriyakoy.com\/farkinda-misiniz\/asirlik-dostlariniz\/#breadcrumb","itemListElement":[{"@type":"ListItem","position":1,"name":"Home","item":"https:\/\/merkezzekeriyakoy.com\/"},{"@type":"ListItem","position":2,"name":"FARKINDA MISINIZ?","item":"https:\/\/merkezzekeriyakoy.com\/farkinda-misiniz\/"},{"@type":"ListItem","position":3,"name":"As\u0131rl\u0131k Dostlar\u0131n\u0131z"}]},{"@type":"WebSite","@id":"https:\/\/merkezzekeriyakoy.com\/#website","url":"https:\/\/merkezzekeriyakoy.com\/","name":"Merkez Zekeriyak\u00f6y","description":"Merkez Zekeriyak\u00f6y\u2019de ya\u015famak, \u0130stanbul gibi tempolu bir \u015fehirde ya\u015faman\u0131n ger\u00e7ek \u00f6d\u00fcl\u00fc","potentialAction":[{"@type":"SearchAction","target":{"@type":"EntryPoint","urlTemplate":"https:\/\/merkezzekeriyakoy.com\/?s={search_term_string}"},"query-input":"required name=search_term_string"}],"inLanguage":"en-US"}]}},"_links":{"self":[{"href":"https:\/\/merkezzekeriyakoy.com\/en\/wp-json\/wp\/v2\/pages\/1076"}],"collection":[{"href":"https:\/\/merkezzekeriyakoy.com\/en\/wp-json\/wp\/v2\/pages"}],"about":[{"href":"https:\/\/merkezzekeriyakoy.com\/en\/wp-json\/wp\/v2\/types\/page"}],"author":[{"embeddable":true,"href":"https:\/\/merkezzekeriyakoy.com\/en\/wp-json\/wp\/v2\/users\/1"}],"replies":[{"embeddable":true,"href":"https:\/\/merkezzekeriyakoy.com\/en\/wp-json\/wp\/v2\/comments?post=1076"}],"version-history":[{"count":3,"href":"https:\/\/merkezzekeriyakoy.com\/en\/wp-json\/wp\/v2\/pages\/1076\/revisions"}],"predecessor-version":[{"id":1648,"href":"https:\/\/merkezzekeriyakoy.com\/en\/wp-json\/wp\/v2\/pages\/1076\/revisions\/1648"}],"up":[{"embeddable":true,"href":"https:\/\/merkezzekeriyakoy.com\/en\/wp-json\/wp\/v2\/pages\/11"}],"wp:attachment":[{"href":"https:\/\/merkezzekeriyakoy.com\/en\/wp-json\/wp\/v2\/media?parent=1076"}],"curies":[{"name":"wp","href":"https:\/\/api.w.org\/{rel}","templated":true}]}}