{"id":1077,"date":"2013-05-20T16:28:55","date_gmt":"2013-05-20T14:28:55","guid":{"rendered":"http:\/\/merkezzekeriyakoy.com\/?page_id=1077"},"modified":"2013-06-17T18:33:34","modified_gmt":"2013-06-17T16:33:34","slug":"doganin-armagani","status":"publish","type":"page","link":"https:\/\/merkezzekeriyakoy.com\/en\/farkinda-misiniz\/doganin-armagani\/","title":{"rendered":"Gift of Nature"},"content":{"rendered":"<p><strong>Going to work from the home or\u00a0<\/strong><strong>coming back home from work has\u00a0<\/strong><strong>never been enjoyable like this &#8230;<\/strong><\/p>\n<p>It is the gift of the nature for Zekeriyak\u00f6y.\u00a0The sea and the fragrant forest air between your home and your work&#8230;\u00a0You are both able to drive down to B\u00fcy\u00fckdere Street by passing through\u00a0the forest in 11 minutes, also drive down to Sar\u0131yer and be able to use the\u00a0coastal road as you will feel all beauties of the Bosphorus.<\/p>\n","protected":false},"excerpt":{"rendered":"<p>Going to work from the home or\u00a0coming back home from work has\u00a0never been enjoyable like this &#8230; It is the gift of the nature for Zekeriyak\u00f6y.\u00a0The sea and the fragrant forest air between your home and your work&#8230;\u00a0You are both able to drive down to B\u00fcy\u00fckdere Street by passing through\u00a0the&#8230; <br \/><a class=\"rm-link excerpt-rm-link\" href=\"https:\/\/merkezzekeriyakoy.com\/en\/farkinda-misiniz\/doganin-armagani\/\">Read More<\/a><\/p>\n","protected":false},"author":1,"featured_media":0,"parent":11,"menu_order":7,"comment_status":"open","ping_status":"closed","template":"","meta":[],"yoast_head":"<!-- This site is optimized with the Yoast SEO plugin v20.2.1 - https:\/\/yoast.com\/wordpress\/plugins\/seo\/ -->\n<title>Gift of Nature &laquo; Merkez Zekeriyak\u00f6y<\/title>\n<meta name=\"robots\" content=\"index, follow, max-snippet:-1, max-image-preview:large, max-video-preview:-1\" \/>\n<link rel=\"canonical\" href=\"https:\/\/merkezzekeriyakoy.com\/en\/farkinda-misiniz\/doganin-armagani\/\" \/>\n<meta property=\"og:locale\" content=\"en_US\" \/>\n<meta property=\"og:type\" content=\"article\" \/>\n<meta property=\"og:title\" content=\"Do\u011fan\u0131n Arma\u011fan\u0131Gift of Nature &laquo; Merkez Zekeriyak\u00f6y\" \/>\n<meta property=\"og:description\" content=\"Going to work from the home or\u00a0coming back home from work has\u00a0never been enjoyable like this &#8230; It is the gift of the nature for Zekeriyak\u00f6y.\u00a0The sea and the fragrant forest air between your home and your work&#8230;\u00a0You are both able to drive down to B\u00fcy\u00fckdere Street by passing through\u00a0the... Read More\" \/>\n<meta property=\"og:url\" content=\"https:\/\/merkezzekeriyakoy.com\/en\/farkinda-misiniz\/doganin-armagani\/\" \/>\n<meta property=\"og:site_name\" content=\"Merkez Zekeriyak\u00f6y\" \/>\n<meta property=\"article:modified_time\" content=\"2013-06-17T16:33:34+00:00\" \/>\n<meta name=\"twitter:label1\" content=\"Est. reading time\" \/>\n\t<meta name=\"twitter:data1\" content=\"1 minute\" \/>\n<script type=\"application\/ld+json\" class=\"yoast-schema-graph\">{\"@context\":\"https:\/\/schema.org\",\"@graph\":[{\"@type\":\"WebPage\",\"@id\":\"https:\/\/merkezzekeriyakoy.com\/en\/farkinda-misiniz\/doganin-armagani\/\",\"url\":\"https:\/\/merkezzekeriyakoy.com\/en\/farkinda-misiniz\/doganin-armagani\/\",\"name\":\"Do\u011fan\u0131n Arma\u011fan\u0131Gift of Nature &laquo; Merkez Zekeriyak\u00f6y\",\"isPartOf\":{\"@id\":\"https:\/\/merkezzekeriyakoy.com\/#website\"},\"datePublished\":\"2013-05-20T14:28:55+00:00\",\"dateModified\":\"2013-06-17T16:33:34+00:00\",\"breadcrumb\":{\"@id\":\"https:\/\/merkezzekeriyakoy.com\/en\/farkinda-misiniz\/doganin-armagani\/#breadcrumb\"},\"inLanguage\":\"en-US\",\"potentialAction\":[{\"@type\":\"ReadAction\",\"target\":[\"https:\/\/merkezzekeriyakoy.com\/en\/farkinda-misiniz\/doganin-armagani\/\"]}]},{\"@type\":\"BreadcrumbList\",\"@id\":\"https:\/\/merkezzekeriyakoy.com\/en\/farkinda-misiniz\/doganin-armagani\/#breadcrumb\",\"itemListElement\":[{\"@type\":\"ListItem\",\"position\":1,\"name\":\"Home\",\"item\":\"https:\/\/merkezzekeriyakoy.com\/\"},{\"@type\":\"ListItem\",\"position\":2,\"name\":\"FARKINDA MISINIZ?\",\"item\":\"https:\/\/merkezzekeriyakoy.com\/farkinda-misiniz\/\"},{\"@type\":\"ListItem\",\"position\":3,\"name\":\"Gift of Nature\"}]},{\"@type\":\"WebSite\",\"@id\":\"https:\/\/merkezzekeriyakoy.com\/#website\",\"url\":\"https:\/\/merkezzekeriyakoy.com\/\",\"name\":\"Merkez Zekeriyak\u00f6y\",\"description\":\"Merkez Zekeriyak\u00f6y\u2019de ya\u015famak, \u0130stanbul gibi tempolu bir \u015fehirde ya\u015faman\u0131n ger\u00e7ek \u00f6d\u00fcl\u00fc\",\"potentialAction\":[{\"@type\":\"SearchAction\",\"target\":{\"@type\":\"EntryPoint\",\"urlTemplate\":\"https:\/\/merkezzekeriyakoy.com\/?s={search_term_string}\"},\"query-input\":\"required name=search_term_string\"}],\"inLanguage\":\"en-US\"}]}<\/script>\n<!-- \/ Yoast SEO plugin. -->","yoast_head_json":{"title":"Gift of Nature &laquo; Merkez Zekeriyak\u00f6y","robots":{"index":"index","follow":"follow","max-snippet":"max-snippet:-1","max-image-preview":"max-image-preview:large","max-video-preview":"max-video-preview:-1"},"canonical":"https:\/\/merkezzekeriyakoy.com\/en\/farkinda-misiniz\/doganin-armagani\/","og_locale":"en_US","og_type":"article","og_title":"Do\u011fan\u0131n Arma\u011fan\u0131Gift of Nature &laquo; Merkez Zekeriyak\u00f6y","og_description":"Going to work from the home or\u00a0coming back home from work has\u00a0never been enjoyable like this &#8230; It is the gift of the nature for Zekeriyak\u00f6y.\u00a0The sea and the fragrant forest air between your home and your work&#8230;\u00a0You are both able to drive down to B\u00fcy\u00fckdere Street by passing through\u00a0the... Read More","og_url":"https:\/\/merkezzekeriyakoy.com\/en\/farkinda-misiniz\/doganin-armagani\/","og_site_name":"Merkez Zekeriyak\u00f6y","article_modified_time":"2013-06-17T16:33:34+00:00","twitter_misc":{"Est. reading time":"1 minute"},"schema":{"@context":"https:\/\/schema.org","@graph":[{"@type":"WebPage","@id":"https:\/\/merkezzekeriyakoy.com\/en\/farkinda-misiniz\/doganin-armagani\/","url":"https:\/\/merkezzekeriyakoy.com\/en\/farkinda-misiniz\/doganin-armagani\/","name":"Do\u011fan\u0131n Arma\u011fan\u0131Gift of Nature &laquo; Merkez Zekeriyak\u00f6y","isPartOf":{"@id":"https:\/\/merkezzekeriyakoy.com\/#website"},"datePublished":"2013-05-20T14:28:55+00:00","dateModified":"2013-06-17T16:33:34+00:00","breadcrumb":{"@id":"https:\/\/merkezzekeriyakoy.com\/en\/farkinda-misiniz\/doganin-armagani\/#breadcrumb"},"inLanguage":"en-US","potentialAction":[{"@type":"ReadAction","target":["https:\/\/merkezzekeriyakoy.com\/en\/farkinda-misiniz\/doganin-armagani\/"]}]},{"@type":"BreadcrumbList","@id":"https:\/\/merkezzekeriyakoy.com\/en\/farkinda-misiniz\/doganin-armagani\/#breadcrumb","itemListElement":[{"@type":"ListItem","position":1,"name":"Home","item":"https:\/\/merkezzekeriyakoy.com\/"},{"@type":"ListItem","position":2,"name":"FARKINDA MISINIZ?","item":"https:\/\/merkezzekeriyakoy.com\/farkinda-misiniz\/"},{"@type":"ListItem","position":3,"name":"Gift of Nature"}]},{"@type":"WebSite","@id":"https:\/\/merkezzekeriyakoy.com\/#website","url":"https:\/\/merkezzekeriyakoy.com\/","name":"Merkez Zekeriyak\u00f6y","description":"Merkez Zekeriyak\u00f6y\u2019de ya\u015famak, \u0130stanbul gibi tempolu bir \u015fehirde ya\u015faman\u0131n ger\u00e7ek \u00f6d\u00fcl\u00fc","potentialAction":[{"@type":"SearchAction","target":{"@type":"EntryPoint","urlTemplate":"https:\/\/merkezzekeriyakoy.com\/?s={search_term_string}"},"query-input":"required name=search_term_string"}],"inLanguage":"en-US"}]}},"_links":{"self":[{"href":"https:\/\/merkezzekeriyakoy.com\/en\/wp-json\/wp\/v2\/pages\/1077"}],"collection":[{"href":"https:\/\/merkezzekeriyakoy.com\/en\/wp-json\/wp\/v2\/pages"}],"about":[{"href":"https:\/\/merkezzekeriyakoy.com\/en\/wp-json\/wp\/v2\/types\/page"}],"author":[{"embeddable":true,"href":"https:\/\/merkezzekeriyakoy.com\/en\/wp-json\/wp\/v2\/users\/1"}],"replies":[{"embeddable":true,"href":"https:\/\/merkezzekeriyakoy.com\/en\/wp-json\/wp\/v2\/comments?post=1077"}],"version-history":[{"count":5,"href":"https:\/\/merkezzekeriyakoy.com\/en\/wp-json\/wp\/v2\/pages\/1077\/revisions"}],"predecessor-version":[{"id":1668,"href":"https:\/\/merkezzekeriyakoy.com\/en\/wp-json\/wp\/v2\/pages\/1077\/revisions\/1668"}],"up":[{"embeddable":true,"href":"https:\/\/merkezzekeriyakoy.com\/en\/wp-json\/wp\/v2\/pages\/11"}],"wp:attachment":[{"href":"https:\/\/merkezzekeriyakoy.com\/en\/wp-json\/wp\/v2\/media?parent=1077"}],"curies":[{"name":"wp","href":"https:\/\/api.w.org\/{rel}","templated":true}]}}