{"id":1084,"date":"2013-05-20T17:31:22","date_gmt":"2013-05-20T15:31:22","guid":{"rendered":"http:\/\/merkezzekeriyakoy.com\/?page_id=1084"},"modified":"2013-06-12T14:31:53","modified_gmt":"2013-06-12T12:31:53","slug":"gocmens-ranch-binicilik-kulubu-2","status":"publish","type":"page","link":"https:\/\/merkezzekeriyakoy.com\/en\/merkezde-yasam\/gocmens-ranch-binicilik-kulubu-2\/","title":{"rendered":"G\u00f6\u00e7men&#8217;s Ranch Riding Club"},"content":{"rendered":"<p><strong>It is a great privilege to watch horses\u00a0<\/strong><strong>from your home in Istanbul&#8230;<\/strong><\/p>\n<p>The next door neighbour of the Merkez Zekeriyak\u00f6y,\u00a0G\u00f6\u00e7men\u2019s Ranch Riding Club is promising enjoyable times in an magical atmosphere that is in touch with nature for the adults that have interest in riding\u00a0and especially for the children and for your guests.<\/p>\n","protected":false},"excerpt":{"rendered":"<p>It is a great privilege to watch horses\u00a0from your home in Istanbul&#8230; The next door neighbour of the Merkez Zekeriyak\u00f6y,\u00a0G\u00f6\u00e7men\u2019s Ranch Riding Club is promising enjoyable times in an magical atmosphere that is in touch with nature for the adults that have interest in riding\u00a0and especially for the children and&#8230; <br \/><a class=\"rm-link excerpt-rm-link\" href=\"https:\/\/merkezzekeriyakoy.com\/en\/merkezde-yasam\/gocmens-ranch-binicilik-kulubu-2\/\">Read More<\/a><\/p>\n","protected":false},"author":1,"featured_media":0,"parent":12,"menu_order":1,"comment_status":"open","ping_status":"closed","template":"","meta":[],"yoast_head":"<!-- This site is optimized with the Yoast SEO plugin v20.2.1 - https:\/\/yoast.com\/wordpress\/plugins\/seo\/ -->\n<title>G\u00f6\u00e7men&#039;s Ranch Riding Club &laquo; Merkez Zekeriyak\u00f6y<\/title>\n<meta name=\"robots\" content=\"index, follow, max-snippet:-1, max-image-preview:large, max-video-preview:-1\" \/>\n<link rel=\"canonical\" href=\"https:\/\/merkezzekeriyakoy.com\/merkezde-yasam\/gocmens-ranch-binicilik-kulubu-2\/\" \/>\n<meta property=\"og:locale\" content=\"en_US\" \/>\n<meta property=\"og:type\" content=\"article\" \/>\n<meta property=\"og:title\" content=\"G\u00f6\u00e7men&#039;s Ranch Binicilik Kulub\u00fcG\u00f6\u00e7men&#039;s Ranch Riding Club &laquo; Merkez Zekeriyak\u00f6y\" \/>\n<meta property=\"og:description\" content=\"It is a great privilege to watch horses\u00a0from your home in Istanbul&#8230; The next door neighbour of the Merkez Zekeriyak\u00f6y,\u00a0G\u00f6\u00e7men\u2019s Ranch Riding Club is promising enjoyable times in an magical atmosphere that is in touch with nature for the adults that have interest in riding\u00a0and especially for the children and... Read More\" \/>\n<meta property=\"og:url\" content=\"https:\/\/merkezzekeriyakoy.com\/merkezde-yasam\/gocmens-ranch-binicilik-kulubu-2\/\" \/>\n<meta property=\"og:site_name\" content=\"Merkez Zekeriyak\u00f6y\" \/>\n<meta property=\"article:modified_time\" content=\"2013-06-12T12:31:53+00:00\" \/>\n<meta name=\"twitter:label1\" content=\"Est. reading time\" \/>\n\t<meta name=\"twitter:data1\" content=\"1 minute\" \/>\n<script type=\"application\/ld+json\" class=\"yoast-schema-graph\">{\"@context\":\"https:\/\/schema.org\",\"@graph\":[{\"@type\":\"WebPage\",\"@id\":\"https:\/\/merkezzekeriyakoy.com\/merkezde-yasam\/gocmens-ranch-binicilik-kulubu-2\/\",\"url\":\"https:\/\/merkezzekeriyakoy.com\/merkezde-yasam\/gocmens-ranch-binicilik-kulubu-2\/\",\"name\":\"G\u00f6\u00e7men's Ranch Binicilik Kulub\u00fcG\u00f6\u00e7men's Ranch Riding Club &laquo; Merkez Zekeriyak\u00f6y\",\"isPartOf\":{\"@id\":\"https:\/\/merkezzekeriyakoy.com\/#website\"},\"datePublished\":\"2013-05-20T15:31:22+00:00\",\"dateModified\":\"2013-06-12T12:31:53+00:00\",\"breadcrumb\":{\"@id\":\"https:\/\/merkezzekeriyakoy.com\/merkezde-yasam\/gocmens-ranch-binicilik-kulubu-2\/#breadcrumb\"},\"inLanguage\":\"en-US\",\"potentialAction\":[{\"@type\":\"ReadAction\",\"target\":[\"https:\/\/merkezzekeriyakoy.com\/merkezde-yasam\/gocmens-ranch-binicilik-kulubu-2\/\"]}]},{\"@type\":\"BreadcrumbList\",\"@id\":\"https:\/\/merkezzekeriyakoy.com\/merkezde-yasam\/gocmens-ranch-binicilik-kulubu-2\/#breadcrumb\",\"itemListElement\":[{\"@type\":\"ListItem\",\"position\":1,\"name\":\"Home\",\"item\":\"https:\/\/merkezzekeriyakoy.com\/\"},{\"@type\":\"ListItem\",\"position\":2,\"name\":\"MERKEZDE YA\u015eAM\",\"item\":\"https:\/\/merkezzekeriyakoy.com\/merkezde-yasam\/\"},{\"@type\":\"ListItem\",\"position\":3,\"name\":\"G\u00f6\u00e7men&#8217;s Ranch Binicilik Kulub\u00fc\"}]},{\"@type\":\"WebSite\",\"@id\":\"https:\/\/merkezzekeriyakoy.com\/#website\",\"url\":\"https:\/\/merkezzekeriyakoy.com\/\",\"name\":\"Merkez Zekeriyak\u00f6y\",\"description\":\"Merkez Zekeriyak\u00f6y\u2019de ya\u015famak, \u0130stanbul gibi tempolu bir \u015fehirde ya\u015faman\u0131n ger\u00e7ek \u00f6d\u00fcl\u00fc\",\"potentialAction\":[{\"@type\":\"SearchAction\",\"target\":{\"@type\":\"EntryPoint\",\"urlTemplate\":\"https:\/\/merkezzekeriyakoy.com\/?s={search_term_string}\"},\"query-input\":\"required name=search_term_string\"}],\"inLanguage\":\"en-US\"}]}<\/script>\n<!-- \/ Yoast SEO plugin. -->","yoast_head_json":{"title":"G\u00f6\u00e7men's Ranch Riding Club &laquo; Merkez Zekeriyak\u00f6y","robots":{"index":"index","follow":"follow","max-snippet":"max-snippet:-1","max-image-preview":"max-image-preview:large","max-video-preview":"max-video-preview:-1"},"canonical":"https:\/\/merkezzekeriyakoy.com\/merkezde-yasam\/gocmens-ranch-binicilik-kulubu-2\/","og_locale":"en_US","og_type":"article","og_title":"G\u00f6\u00e7men's Ranch Binicilik Kulub\u00fcG\u00f6\u00e7men's Ranch Riding Club &laquo; Merkez Zekeriyak\u00f6y","og_description":"It is a great privilege to watch horses\u00a0from your home in Istanbul&#8230; The next door neighbour of the Merkez Zekeriyak\u00f6y,\u00a0G\u00f6\u00e7men\u2019s Ranch Riding Club is promising enjoyable times in an magical atmosphere that is in touch with nature for the adults that have interest in riding\u00a0and especially for the children and... Read More","og_url":"https:\/\/merkezzekeriyakoy.com\/merkezde-yasam\/gocmens-ranch-binicilik-kulubu-2\/","og_site_name":"Merkez Zekeriyak\u00f6y","article_modified_time":"2013-06-12T12:31:53+00:00","twitter_misc":{"Est. reading time":"1 minute"},"schema":{"@context":"https:\/\/schema.org","@graph":[{"@type":"WebPage","@id":"https:\/\/merkezzekeriyakoy.com\/merkezde-yasam\/gocmens-ranch-binicilik-kulubu-2\/","url":"https:\/\/merkezzekeriyakoy.com\/merkezde-yasam\/gocmens-ranch-binicilik-kulubu-2\/","name":"G\u00f6\u00e7men's Ranch Binicilik Kulub\u00fcG\u00f6\u00e7men's Ranch Riding Club &laquo; Merkez Zekeriyak\u00f6y","isPartOf":{"@id":"https:\/\/merkezzekeriyakoy.com\/#website"},"datePublished":"2013-05-20T15:31:22+00:00","dateModified":"2013-06-12T12:31:53+00:00","breadcrumb":{"@id":"https:\/\/merkezzekeriyakoy.com\/merkezde-yasam\/gocmens-ranch-binicilik-kulubu-2\/#breadcrumb"},"inLanguage":"en-US","potentialAction":[{"@type":"ReadAction","target":["https:\/\/merkezzekeriyakoy.com\/merkezde-yasam\/gocmens-ranch-binicilik-kulubu-2\/"]}]},{"@type":"BreadcrumbList","@id":"https:\/\/merkezzekeriyakoy.com\/merkezde-yasam\/gocmens-ranch-binicilik-kulubu-2\/#breadcrumb","itemListElement":[{"@type":"ListItem","position":1,"name":"Home","item":"https:\/\/merkezzekeriyakoy.com\/"},{"@type":"ListItem","position":2,"name":"MERKEZDE YA\u015eAM","item":"https:\/\/merkezzekeriyakoy.com\/merkezde-yasam\/"},{"@type":"ListItem","position":3,"name":"G\u00f6\u00e7men&#8217;s Ranch Binicilik Kulub\u00fc"}]},{"@type":"WebSite","@id":"https:\/\/merkezzekeriyakoy.com\/#website","url":"https:\/\/merkezzekeriyakoy.com\/","name":"Merkez Zekeriyak\u00f6y","description":"Merkez Zekeriyak\u00f6y\u2019de ya\u015famak, \u0130stanbul gibi tempolu bir \u015fehirde ya\u015faman\u0131n ger\u00e7ek \u00f6d\u00fcl\u00fc","potentialAction":[{"@type":"SearchAction","target":{"@type":"EntryPoint","urlTemplate":"https:\/\/merkezzekeriyakoy.com\/?s={search_term_string}"},"query-input":"required name=search_term_string"}],"inLanguage":"en-US"}]}},"_links":{"self":[{"href":"https:\/\/merkezzekeriyakoy.com\/en\/wp-json\/wp\/v2\/pages\/1084"}],"collection":[{"href":"https:\/\/merkezzekeriyakoy.com\/en\/wp-json\/wp\/v2\/pages"}],"about":[{"href":"https:\/\/merkezzekeriyakoy.com\/en\/wp-json\/wp\/v2\/types\/page"}],"author":[{"embeddable":true,"href":"https:\/\/merkezzekeriyakoy.com\/en\/wp-json\/wp\/v2\/users\/1"}],"replies":[{"embeddable":true,"href":"https:\/\/merkezzekeriyakoy.com\/en\/wp-json\/wp\/v2\/comments?post=1084"}],"version-history":[{"count":6,"href":"https:\/\/merkezzekeriyakoy.com\/en\/wp-json\/wp\/v2\/pages\/1084\/revisions"}],"predecessor-version":[{"id":1649,"href":"https:\/\/merkezzekeriyakoy.com\/en\/wp-json\/wp\/v2\/pages\/1084\/revisions\/1649"}],"up":[{"embeddable":true,"href":"https:\/\/merkezzekeriyakoy.com\/en\/wp-json\/wp\/v2\/pages\/12"}],"wp:attachment":[{"href":"https:\/\/merkezzekeriyakoy.com\/en\/wp-json\/wp\/v2\/media?parent=1084"}],"curies":[{"name":"wp","href":"https:\/\/api.w.org\/{rel}","templated":true}]}}