{"id":1096,"date":"2013-05-21T10:01:23","date_gmt":"2013-05-21T08:01:23","guid":{"rendered":"http:\/\/merkezzekeriyakoy.com\/?page_id=1096"},"modified":"2013-06-27T18:29:49","modified_gmt":"2013-06-27T16:29:49","slug":"mini-golf-sahasi","status":"publish","type":"page","link":"https:\/\/merkezzekeriyakoy.com\/en\/merkezde-yasam\/mini-golf-sahasi\/","title":{"rendered":"Mini Golf Course"},"content":{"rendered":"<p><strong>Elite and pleasant \u2026<\/strong><\/p>\n<p>Players would like it even more, the opportunity will be provided next to the curious ones.\u00a0 Lets go, it is time to take clubs and get on the course.\u00a0 Mini golf course is awaiting you..<\/p>\n","protected":false},"excerpt":{"rendered":"<p>Elite and pleasant \u2026 Players would like it even more, the opportunity will be provided next to the curious ones.\u00a0 Lets go, it is time to take clubs and get on the course.\u00a0 Mini golf course is awaiting you..<\/p>\n","protected":false},"author":1,"featured_media":0,"parent":12,"menu_order":4,"comment_status":"open","ping_status":"closed","template":"","meta":[],"yoast_head":"<!-- This site is optimized with the Yoast SEO plugin v20.2.1 - https:\/\/yoast.com\/wordpress\/plugins\/seo\/ -->\n<title>Mini Golf Course  &laquo; Merkez Zekeriyak\u00f6y<\/title>\n<meta name=\"robots\" content=\"index, follow, max-snippet:-1, max-image-preview:large, max-video-preview:-1\" \/>\n<link rel=\"canonical\" href=\"https:\/\/merkezzekeriyakoy.com\/en\/merkezde-yasam\/mini-golf-sahasi\/\" \/>\n<meta property=\"og:locale\" content=\"en_US\" \/>\n<meta property=\"og:type\" content=\"article\" \/>\n<meta property=\"og:title\" content=\"Mini Golf Sahas\u0131Mini Golf Course  &laquo; Merkez Zekeriyak\u00f6y\" \/>\n<meta property=\"og:description\" content=\"Elite and pleasant \u2026 Players would like it even more, the opportunity will be provided next to the curious ones.\u00a0 Lets go, it is time to take clubs and get on the course.\u00a0 Mini golf course is awaiting you..\" \/>\n<meta property=\"og:url\" content=\"https:\/\/merkezzekeriyakoy.com\/en\/merkezde-yasam\/mini-golf-sahasi\/\" \/>\n<meta property=\"og:site_name\" content=\"Merkez Zekeriyak\u00f6y\" \/>\n<meta property=\"article:modified_time\" content=\"2013-06-27T16:29:49+00:00\" \/>\n<script type=\"application\/ld+json\" class=\"yoast-schema-graph\">{\"@context\":\"https:\/\/schema.org\",\"@graph\":[{\"@type\":\"WebPage\",\"@id\":\"https:\/\/merkezzekeriyakoy.com\/en\/merkezde-yasam\/mini-golf-sahasi\/\",\"url\":\"https:\/\/merkezzekeriyakoy.com\/en\/merkezde-yasam\/mini-golf-sahasi\/\",\"name\":\"Mini Golf Sahas\u0131Mini Golf Course &laquo; Merkez Zekeriyak\u00f6y\",\"isPartOf\":{\"@id\":\"https:\/\/merkezzekeriyakoy.com\/#website\"},\"datePublished\":\"2013-05-21T08:01:23+00:00\",\"dateModified\":\"2013-06-27T16:29:49+00:00\",\"breadcrumb\":{\"@id\":\"https:\/\/merkezzekeriyakoy.com\/en\/merkezde-yasam\/mini-golf-sahasi\/#breadcrumb\"},\"inLanguage\":\"en-US\",\"potentialAction\":[{\"@type\":\"ReadAction\",\"target\":[\"https:\/\/merkezzekeriyakoy.com\/en\/merkezde-yasam\/mini-golf-sahasi\/\"]}]},{\"@type\":\"BreadcrumbList\",\"@id\":\"https:\/\/merkezzekeriyakoy.com\/en\/merkezde-yasam\/mini-golf-sahasi\/#breadcrumb\",\"itemListElement\":[{\"@type\":\"ListItem\",\"position\":1,\"name\":\"Home\",\"item\":\"https:\/\/merkezzekeriyakoy.com\/\"},{\"@type\":\"ListItem\",\"position\":2,\"name\":\"MERKEZDE YA\u015eAM\",\"item\":\"https:\/\/merkezzekeriyakoy.com\/merkezde-yasam\/\"},{\"@type\":\"ListItem\",\"position\":3,\"name\":\"Mini Golf Course\"}]},{\"@type\":\"WebSite\",\"@id\":\"https:\/\/merkezzekeriyakoy.com\/#website\",\"url\":\"https:\/\/merkezzekeriyakoy.com\/\",\"name\":\"Merkez Zekeriyak\u00f6y\",\"description\":\"Merkez Zekeriyak\u00f6y\u2019de ya\u015famak, \u0130stanbul gibi tempolu bir \u015fehirde ya\u015faman\u0131n ger\u00e7ek \u00f6d\u00fcl\u00fc\",\"potentialAction\":[{\"@type\":\"SearchAction\",\"target\":{\"@type\":\"EntryPoint\",\"urlTemplate\":\"https:\/\/merkezzekeriyakoy.com\/?s={search_term_string}\"},\"query-input\":\"required name=search_term_string\"}],\"inLanguage\":\"en-US\"}]}<\/script>\n<!-- \/ Yoast SEO plugin. -->","yoast_head_json":{"title":"Mini Golf Course  &laquo; Merkez Zekeriyak\u00f6y","robots":{"index":"index","follow":"follow","max-snippet":"max-snippet:-1","max-image-preview":"max-image-preview:large","max-video-preview":"max-video-preview:-1"},"canonical":"https:\/\/merkezzekeriyakoy.com\/en\/merkezde-yasam\/mini-golf-sahasi\/","og_locale":"en_US","og_type":"article","og_title":"Mini Golf Sahas\u0131Mini Golf Course  &laquo; Merkez Zekeriyak\u00f6y","og_description":"Elite and pleasant \u2026 Players would like it even more, the opportunity will be provided next to the curious ones.\u00a0 Lets go, it is time to take clubs and get on the course.\u00a0 Mini golf course is awaiting you..","og_url":"https:\/\/merkezzekeriyakoy.com\/en\/merkezde-yasam\/mini-golf-sahasi\/","og_site_name":"Merkez Zekeriyak\u00f6y","article_modified_time":"2013-06-27T16:29:49+00:00","schema":{"@context":"https:\/\/schema.org","@graph":[{"@type":"WebPage","@id":"https:\/\/merkezzekeriyakoy.com\/en\/merkezde-yasam\/mini-golf-sahasi\/","url":"https:\/\/merkezzekeriyakoy.com\/en\/merkezde-yasam\/mini-golf-sahasi\/","name":"Mini Golf Sahas\u0131Mini Golf Course &laquo; Merkez Zekeriyak\u00f6y","isPartOf":{"@id":"https:\/\/merkezzekeriyakoy.com\/#website"},"datePublished":"2013-05-21T08:01:23+00:00","dateModified":"2013-06-27T16:29:49+00:00","breadcrumb":{"@id":"https:\/\/merkezzekeriyakoy.com\/en\/merkezde-yasam\/mini-golf-sahasi\/#breadcrumb"},"inLanguage":"en-US","potentialAction":[{"@type":"ReadAction","target":["https:\/\/merkezzekeriyakoy.com\/en\/merkezde-yasam\/mini-golf-sahasi\/"]}]},{"@type":"BreadcrumbList","@id":"https:\/\/merkezzekeriyakoy.com\/en\/merkezde-yasam\/mini-golf-sahasi\/#breadcrumb","itemListElement":[{"@type":"ListItem","position":1,"name":"Home","item":"https:\/\/merkezzekeriyakoy.com\/"},{"@type":"ListItem","position":2,"name":"MERKEZDE YA\u015eAM","item":"https:\/\/merkezzekeriyakoy.com\/merkezde-yasam\/"},{"@type":"ListItem","position":3,"name":"Mini Golf Course"}]},{"@type":"WebSite","@id":"https:\/\/merkezzekeriyakoy.com\/#website","url":"https:\/\/merkezzekeriyakoy.com\/","name":"Merkez Zekeriyak\u00f6y","description":"Merkez Zekeriyak\u00f6y\u2019de ya\u015famak, \u0130stanbul gibi tempolu bir \u015fehirde ya\u015faman\u0131n ger\u00e7ek \u00f6d\u00fcl\u00fc","potentialAction":[{"@type":"SearchAction","target":{"@type":"EntryPoint","urlTemplate":"https:\/\/merkezzekeriyakoy.com\/?s={search_term_string}"},"query-input":"required name=search_term_string"}],"inLanguage":"en-US"}]}},"_links":{"self":[{"href":"https:\/\/merkezzekeriyakoy.com\/en\/wp-json\/wp\/v2\/pages\/1096"}],"collection":[{"href":"https:\/\/merkezzekeriyakoy.com\/en\/wp-json\/wp\/v2\/pages"}],"about":[{"href":"https:\/\/merkezzekeriyakoy.com\/en\/wp-json\/wp\/v2\/types\/page"}],"author":[{"embeddable":true,"href":"https:\/\/merkezzekeriyakoy.com\/en\/wp-json\/wp\/v2\/users\/1"}],"replies":[{"embeddable":true,"href":"https:\/\/merkezzekeriyakoy.com\/en\/wp-json\/wp\/v2\/comments?post=1096"}],"version-history":[{"count":8,"href":"https:\/\/merkezzekeriyakoy.com\/en\/wp-json\/wp\/v2\/pages\/1096\/revisions"}],"predecessor-version":[{"id":1689,"href":"https:\/\/merkezzekeriyakoy.com\/en\/wp-json\/wp\/v2\/pages\/1096\/revisions\/1689"}],"up":[{"embeddable":true,"href":"https:\/\/merkezzekeriyakoy.com\/en\/wp-json\/wp\/v2\/pages\/12"}],"wp:attachment":[{"href":"https:\/\/merkezzekeriyakoy.com\/en\/wp-json\/wp\/v2\/media?parent=1096"}],"curies":[{"name":"wp","href":"https:\/\/api.w.org\/{rel}","templated":true}]}}