{"id":1098,"date":"2013-05-21T10:05:46","date_gmt":"2013-05-21T08:05:46","guid":{"rendered":"http:\/\/merkezzekeriyakoy.com\/?page_id=1098"},"modified":"2013-06-12T11:49:23","modified_gmt":"2013-06-12T09:49:23","slug":"tenis-kortu","status":"publish","type":"page","link":"https:\/\/merkezzekeriyakoy.com\/en\/merkezde-yasam\/tenis-kortu\/","title":{"rendered":"Tennis Court"},"content":{"rendered":"<p><strong>Rackets are up in the air\u2026<\/strong><\/p>\n<p>You would either win or loose.. What is important is \u201cto enjoy the contest.\u201d Court is ready, you are ready too, lets have the match begin.<\/p>\n","protected":false},"excerpt":{"rendered":"<p>Rackets are up in the air\u2026 You would either win or loose.. What is important is \u201cto enjoy the contest.\u201d Court is ready, you are ready too, lets have the match begin.<\/p>\n","protected":false},"author":1,"featured_media":0,"parent":12,"menu_order":5,"comment_status":"open","ping_status":"closed","template":"","meta":[],"yoast_head":"<!-- This site is optimized with the Yoast SEO plugin v20.2.1 - https:\/\/yoast.com\/wordpress\/plugins\/seo\/ -->\n<title>Tennis Court &laquo; Merkez Zekeriyak\u00f6y<\/title>\n<meta name=\"robots\" content=\"index, follow, max-snippet:-1, max-image-preview:large, max-video-preview:-1\" \/>\n<link rel=\"canonical\" href=\"https:\/\/merkezzekeriyakoy.com\/en\/merkezde-yasam\/tenis-kortu\/\" \/>\n<meta property=\"og:locale\" content=\"en_US\" \/>\n<meta property=\"og:type\" content=\"article\" \/>\n<meta property=\"og:title\" content=\"Tenis KortuTennis Court &laquo; Merkez Zekeriyak\u00f6y\" \/>\n<meta property=\"og:description\" content=\"Rackets are up in the air\u2026 You would either win or loose.. What is important is \u201cto enjoy the contest.\u201d Court is ready, you are ready too, lets have the match begin.\" \/>\n<meta property=\"og:url\" content=\"https:\/\/merkezzekeriyakoy.com\/en\/merkezde-yasam\/tenis-kortu\/\" \/>\n<meta property=\"og:site_name\" content=\"Merkez Zekeriyak\u00f6y\" \/>\n<meta property=\"article:modified_time\" content=\"2013-06-12T09:49:23+00:00\" \/>\n<script type=\"application\/ld+json\" class=\"yoast-schema-graph\">{\"@context\":\"https:\/\/schema.org\",\"@graph\":[{\"@type\":\"WebPage\",\"@id\":\"https:\/\/merkezzekeriyakoy.com\/en\/merkezde-yasam\/tenis-kortu\/\",\"url\":\"https:\/\/merkezzekeriyakoy.com\/en\/merkezde-yasam\/tenis-kortu\/\",\"name\":\"Tenis KortuTennis Court &laquo; Merkez Zekeriyak\u00f6y\",\"isPartOf\":{\"@id\":\"https:\/\/merkezzekeriyakoy.com\/#website\"},\"datePublished\":\"2013-05-21T08:05:46+00:00\",\"dateModified\":\"2013-06-12T09:49:23+00:00\",\"breadcrumb\":{\"@id\":\"https:\/\/merkezzekeriyakoy.com\/en\/merkezde-yasam\/tenis-kortu\/#breadcrumb\"},\"inLanguage\":\"en-US\",\"potentialAction\":[{\"@type\":\"ReadAction\",\"target\":[\"https:\/\/merkezzekeriyakoy.com\/en\/merkezde-yasam\/tenis-kortu\/\"]}]},{\"@type\":\"BreadcrumbList\",\"@id\":\"https:\/\/merkezzekeriyakoy.com\/en\/merkezde-yasam\/tenis-kortu\/#breadcrumb\",\"itemListElement\":[{\"@type\":\"ListItem\",\"position\":1,\"name\":\"Home\",\"item\":\"https:\/\/merkezzekeriyakoy.com\/\"},{\"@type\":\"ListItem\",\"position\":2,\"name\":\"MERKEZDE YA\u015eAM\",\"item\":\"https:\/\/merkezzekeriyakoy.com\/merkezde-yasam\/\"},{\"@type\":\"ListItem\",\"position\":3,\"name\":\"Tennis Court\"}]},{\"@type\":\"WebSite\",\"@id\":\"https:\/\/merkezzekeriyakoy.com\/#website\",\"url\":\"https:\/\/merkezzekeriyakoy.com\/\",\"name\":\"Merkez Zekeriyak\u00f6y\",\"description\":\"Merkez Zekeriyak\u00f6y\u2019de ya\u015famak, \u0130stanbul gibi tempolu bir \u015fehirde ya\u015faman\u0131n ger\u00e7ek \u00f6d\u00fcl\u00fc\",\"potentialAction\":[{\"@type\":\"SearchAction\",\"target\":{\"@type\":\"EntryPoint\",\"urlTemplate\":\"https:\/\/merkezzekeriyakoy.com\/?s={search_term_string}\"},\"query-input\":\"required name=search_term_string\"}],\"inLanguage\":\"en-US\"}]}<\/script>\n<!-- \/ Yoast SEO plugin. -->","yoast_head_json":{"title":"Tennis Court &laquo; Merkez Zekeriyak\u00f6y","robots":{"index":"index","follow":"follow","max-snippet":"max-snippet:-1","max-image-preview":"max-image-preview:large","max-video-preview":"max-video-preview:-1"},"canonical":"https:\/\/merkezzekeriyakoy.com\/en\/merkezde-yasam\/tenis-kortu\/","og_locale":"en_US","og_type":"article","og_title":"Tenis KortuTennis Court &laquo; Merkez Zekeriyak\u00f6y","og_description":"Rackets are up in the air\u2026 You would either win or loose.. What is important is \u201cto enjoy the contest.\u201d Court is ready, you are ready too, lets have the match begin.","og_url":"https:\/\/merkezzekeriyakoy.com\/en\/merkezde-yasam\/tenis-kortu\/","og_site_name":"Merkez Zekeriyak\u00f6y","article_modified_time":"2013-06-12T09:49:23+00:00","schema":{"@context":"https:\/\/schema.org","@graph":[{"@type":"WebPage","@id":"https:\/\/merkezzekeriyakoy.com\/en\/merkezde-yasam\/tenis-kortu\/","url":"https:\/\/merkezzekeriyakoy.com\/en\/merkezde-yasam\/tenis-kortu\/","name":"Tenis KortuTennis Court &laquo; Merkez Zekeriyak\u00f6y","isPartOf":{"@id":"https:\/\/merkezzekeriyakoy.com\/#website"},"datePublished":"2013-05-21T08:05:46+00:00","dateModified":"2013-06-12T09:49:23+00:00","breadcrumb":{"@id":"https:\/\/merkezzekeriyakoy.com\/en\/merkezde-yasam\/tenis-kortu\/#breadcrumb"},"inLanguage":"en-US","potentialAction":[{"@type":"ReadAction","target":["https:\/\/merkezzekeriyakoy.com\/en\/merkezde-yasam\/tenis-kortu\/"]}]},{"@type":"BreadcrumbList","@id":"https:\/\/merkezzekeriyakoy.com\/en\/merkezde-yasam\/tenis-kortu\/#breadcrumb","itemListElement":[{"@type":"ListItem","position":1,"name":"Home","item":"https:\/\/merkezzekeriyakoy.com\/"},{"@type":"ListItem","position":2,"name":"MERKEZDE YA\u015eAM","item":"https:\/\/merkezzekeriyakoy.com\/merkezde-yasam\/"},{"@type":"ListItem","position":3,"name":"Tennis Court"}]},{"@type":"WebSite","@id":"https:\/\/merkezzekeriyakoy.com\/#website","url":"https:\/\/merkezzekeriyakoy.com\/","name":"Merkez Zekeriyak\u00f6y","description":"Merkez Zekeriyak\u00f6y\u2019de ya\u015famak, \u0130stanbul gibi tempolu bir \u015fehirde ya\u015faman\u0131n ger\u00e7ek \u00f6d\u00fcl\u00fc","potentialAction":[{"@type":"SearchAction","target":{"@type":"EntryPoint","urlTemplate":"https:\/\/merkezzekeriyakoy.com\/?s={search_term_string}"},"query-input":"required name=search_term_string"}],"inLanguage":"en-US"}]}},"_links":{"self":[{"href":"https:\/\/merkezzekeriyakoy.com\/en\/wp-json\/wp\/v2\/pages\/1098"}],"collection":[{"href":"https:\/\/merkezzekeriyakoy.com\/en\/wp-json\/wp\/v2\/pages"}],"about":[{"href":"https:\/\/merkezzekeriyakoy.com\/en\/wp-json\/wp\/v2\/types\/page"}],"author":[{"embeddable":true,"href":"https:\/\/merkezzekeriyakoy.com\/en\/wp-json\/wp\/v2\/users\/1"}],"replies":[{"embeddable":true,"href":"https:\/\/merkezzekeriyakoy.com\/en\/wp-json\/wp\/v2\/comments?post=1098"}],"version-history":[{"count":5,"href":"https:\/\/merkezzekeriyakoy.com\/en\/wp-json\/wp\/v2\/pages\/1098\/revisions"}],"predecessor-version":[{"id":1614,"href":"https:\/\/merkezzekeriyakoy.com\/en\/wp-json\/wp\/v2\/pages\/1098\/revisions\/1614"}],"up":[{"embeddable":true,"href":"https:\/\/merkezzekeriyakoy.com\/en\/wp-json\/wp\/v2\/pages\/12"}],"wp:attachment":[{"href":"https:\/\/merkezzekeriyakoy.com\/en\/wp-json\/wp\/v2\/media?parent=1098"}],"curies":[{"name":"wp","href":"https:\/\/api.w.org\/{rel}","templated":true}]}}