{"id":1101,"date":"2013-05-21T10:17:59","date_gmt":"2013-05-21T08:17:59","guid":{"rendered":"http:\/\/merkezzekeriyakoy.com\/?page_id=1101"},"modified":"2013-06-12T11:52:12","modified_gmt":"2013-06-12T09:52:12","slug":"dinlenme-alanlari","status":"publish","type":"page","link":"https:\/\/merkezzekeriyakoy.com\/en\/merkezde-yasam\/dinlenme-alanlari\/","title":{"rendered":"Recreation Sites"},"content":{"rendered":"<p><strong><strong><strong><strong>A short break\u2026<br \/>\n<\/strong><\/strong><\/strong><\/strong><\/p>\n<p>Recreation areas at Merkez Zekeriyakoy have been designed in order that you would feel at peace. Put on your headset and let yourself over to the music you listen to in the excellent air.\u00a0 Or, take the book you are reading with you and enjoy it as you travel along its lines. .<\/p>\n<p>&nbsp;<\/p>\n","protected":false},"excerpt":{"rendered":"<p>A short break\u2026 Recreation areas at Merkez Zekeriyakoy have been designed in order that you would feel at peace. Put on your headset and let yourself over to the music you listen to in the excellent air.\u00a0 Or, take the book you are reading with you and enjoy it as&#8230; <br \/><a class=\"rm-link excerpt-rm-link\" href=\"https:\/\/merkezzekeriyakoy.com\/en\/merkezde-yasam\/dinlenme-alanlari\/\">Read More<\/a><\/p>\n","protected":false},"author":1,"featured_media":0,"parent":12,"menu_order":8,"comment_status":"open","ping_status":"closed","template":"","meta":[],"yoast_head":"<!-- This site is optimized with the Yoast SEO plugin v20.2.1 - https:\/\/yoast.com\/wordpress\/plugins\/seo\/ -->\n<title>Recreation Sites  &laquo; Merkez Zekeriyak\u00f6y<\/title>\n<meta name=\"robots\" content=\"index, follow, max-snippet:-1, max-image-preview:large, max-video-preview:-1\" \/>\n<link rel=\"canonical\" href=\"https:\/\/merkezzekeriyakoy.com\/merkezde-yasam\/dinlenme-alanlari\/\" \/>\n<meta property=\"og:locale\" content=\"en_US\" \/>\n<meta property=\"og:type\" content=\"article\" \/>\n<meta property=\"og:title\" content=\"Dinlenme Alanlar\u0131Recreation Sites  &laquo; Merkez Zekeriyak\u00f6y\" \/>\n<meta property=\"og:description\" content=\"A short break\u2026 Recreation areas at Merkez Zekeriyakoy have been designed in order that you would feel at peace. Put on your headset and let yourself over to the music you listen to in the excellent air.\u00a0 Or, take the book you are reading with you and enjoy it as... Read More\" \/>\n<meta property=\"og:url\" content=\"https:\/\/merkezzekeriyakoy.com\/merkezde-yasam\/dinlenme-alanlari\/\" \/>\n<meta property=\"og:site_name\" content=\"Merkez Zekeriyak\u00f6y\" \/>\n<meta property=\"article:modified_time\" content=\"2013-06-12T09:52:12+00:00\" \/>\n<meta name=\"twitter:label1\" content=\"Est. reading time\" \/>\n\t<meta name=\"twitter:data1\" content=\"1 minute\" \/>\n<script type=\"application\/ld+json\" class=\"yoast-schema-graph\">{\"@context\":\"https:\/\/schema.org\",\"@graph\":[{\"@type\":\"WebPage\",\"@id\":\"https:\/\/merkezzekeriyakoy.com\/merkezde-yasam\/dinlenme-alanlari\/\",\"url\":\"https:\/\/merkezzekeriyakoy.com\/merkezde-yasam\/dinlenme-alanlari\/\",\"name\":\"Dinlenme Alanlar\u0131Recreation Sites &laquo; Merkez Zekeriyak\u00f6y\",\"isPartOf\":{\"@id\":\"https:\/\/merkezzekeriyakoy.com\/#website\"},\"datePublished\":\"2013-05-21T08:17:59+00:00\",\"dateModified\":\"2013-06-12T09:52:12+00:00\",\"breadcrumb\":{\"@id\":\"https:\/\/merkezzekeriyakoy.com\/merkezde-yasam\/dinlenme-alanlari\/#breadcrumb\"},\"inLanguage\":\"en-US\",\"potentialAction\":[{\"@type\":\"ReadAction\",\"target\":[\"https:\/\/merkezzekeriyakoy.com\/merkezde-yasam\/dinlenme-alanlari\/\"]}]},{\"@type\":\"BreadcrumbList\",\"@id\":\"https:\/\/merkezzekeriyakoy.com\/merkezde-yasam\/dinlenme-alanlari\/#breadcrumb\",\"itemListElement\":[{\"@type\":\"ListItem\",\"position\":1,\"name\":\"Home\",\"item\":\"https:\/\/merkezzekeriyakoy.com\/\"},{\"@type\":\"ListItem\",\"position\":2,\"name\":\"MERKEZDE YA\u015eAM\",\"item\":\"https:\/\/merkezzekeriyakoy.com\/merkezde-yasam\/\"},{\"@type\":\"ListItem\",\"position\":3,\"name\":\"Dinlenme Alanlar\u0131\"}]},{\"@type\":\"WebSite\",\"@id\":\"https:\/\/merkezzekeriyakoy.com\/#website\",\"url\":\"https:\/\/merkezzekeriyakoy.com\/\",\"name\":\"Merkez Zekeriyak\u00f6y\",\"description\":\"Merkez Zekeriyak\u00f6y\u2019de ya\u015famak, \u0130stanbul gibi tempolu bir \u015fehirde ya\u015faman\u0131n ger\u00e7ek \u00f6d\u00fcl\u00fc\",\"potentialAction\":[{\"@type\":\"SearchAction\",\"target\":{\"@type\":\"EntryPoint\",\"urlTemplate\":\"https:\/\/merkezzekeriyakoy.com\/?s={search_term_string}\"},\"query-input\":\"required name=search_term_string\"}],\"inLanguage\":\"en-US\"}]}<\/script>\n<!-- \/ Yoast SEO plugin. -->","yoast_head_json":{"title":"Recreation Sites  &laquo; Merkez Zekeriyak\u00f6y","robots":{"index":"index","follow":"follow","max-snippet":"max-snippet:-1","max-image-preview":"max-image-preview:large","max-video-preview":"max-video-preview:-1"},"canonical":"https:\/\/merkezzekeriyakoy.com\/merkezde-yasam\/dinlenme-alanlari\/","og_locale":"en_US","og_type":"article","og_title":"Dinlenme Alanlar\u0131Recreation Sites  &laquo; Merkez Zekeriyak\u00f6y","og_description":"A short break\u2026 Recreation areas at Merkez Zekeriyakoy have been designed in order that you would feel at peace. Put on your headset and let yourself over to the music you listen to in the excellent air.\u00a0 Or, take the book you are reading with you and enjoy it as... Read More","og_url":"https:\/\/merkezzekeriyakoy.com\/merkezde-yasam\/dinlenme-alanlari\/","og_site_name":"Merkez Zekeriyak\u00f6y","article_modified_time":"2013-06-12T09:52:12+00:00","twitter_misc":{"Est. reading time":"1 minute"},"schema":{"@context":"https:\/\/schema.org","@graph":[{"@type":"WebPage","@id":"https:\/\/merkezzekeriyakoy.com\/merkezde-yasam\/dinlenme-alanlari\/","url":"https:\/\/merkezzekeriyakoy.com\/merkezde-yasam\/dinlenme-alanlari\/","name":"Dinlenme Alanlar\u0131Recreation Sites &laquo; Merkez Zekeriyak\u00f6y","isPartOf":{"@id":"https:\/\/merkezzekeriyakoy.com\/#website"},"datePublished":"2013-05-21T08:17:59+00:00","dateModified":"2013-06-12T09:52:12+00:00","breadcrumb":{"@id":"https:\/\/merkezzekeriyakoy.com\/merkezde-yasam\/dinlenme-alanlari\/#breadcrumb"},"inLanguage":"en-US","potentialAction":[{"@type":"ReadAction","target":["https:\/\/merkezzekeriyakoy.com\/merkezde-yasam\/dinlenme-alanlari\/"]}]},{"@type":"BreadcrumbList","@id":"https:\/\/merkezzekeriyakoy.com\/merkezde-yasam\/dinlenme-alanlari\/#breadcrumb","itemListElement":[{"@type":"ListItem","position":1,"name":"Home","item":"https:\/\/merkezzekeriyakoy.com\/"},{"@type":"ListItem","position":2,"name":"MERKEZDE YA\u015eAM","item":"https:\/\/merkezzekeriyakoy.com\/merkezde-yasam\/"},{"@type":"ListItem","position":3,"name":"Dinlenme Alanlar\u0131"}]},{"@type":"WebSite","@id":"https:\/\/merkezzekeriyakoy.com\/#website","url":"https:\/\/merkezzekeriyakoy.com\/","name":"Merkez Zekeriyak\u00f6y","description":"Merkez Zekeriyak\u00f6y\u2019de ya\u015famak, \u0130stanbul gibi tempolu bir \u015fehirde ya\u015faman\u0131n ger\u00e7ek \u00f6d\u00fcl\u00fc","potentialAction":[{"@type":"SearchAction","target":{"@type":"EntryPoint","urlTemplate":"https:\/\/merkezzekeriyakoy.com\/?s={search_term_string}"},"query-input":"required name=search_term_string"}],"inLanguage":"en-US"}]}},"_links":{"self":[{"href":"https:\/\/merkezzekeriyakoy.com\/en\/wp-json\/wp\/v2\/pages\/1101"}],"collection":[{"href":"https:\/\/merkezzekeriyakoy.com\/en\/wp-json\/wp\/v2\/pages"}],"about":[{"href":"https:\/\/merkezzekeriyakoy.com\/en\/wp-json\/wp\/v2\/types\/page"}],"author":[{"embeddable":true,"href":"https:\/\/merkezzekeriyakoy.com\/en\/wp-json\/wp\/v2\/users\/1"}],"replies":[{"embeddable":true,"href":"https:\/\/merkezzekeriyakoy.com\/en\/wp-json\/wp\/v2\/comments?post=1101"}],"version-history":[{"count":7,"href":"https:\/\/merkezzekeriyakoy.com\/en\/wp-json\/wp\/v2\/pages\/1101\/revisions"}],"predecessor-version":[{"id":1615,"href":"https:\/\/merkezzekeriyakoy.com\/en\/wp-json\/wp\/v2\/pages\/1101\/revisions\/1615"}],"up":[{"embeddable":true,"href":"https:\/\/merkezzekeriyakoy.com\/en\/wp-json\/wp\/v2\/pages\/12"}],"wp:attachment":[{"href":"https:\/\/merkezzekeriyakoy.com\/en\/wp-json\/wp\/v2\/media?parent=1101"}],"curies":[{"name":"wp","href":"https:\/\/api.w.org\/{rel}","templated":true}]}}