{"id":1113,"date":"2013-05-21T10:48:55","date_gmt":"2013-05-21T08:48:55","guid":{"rendered":"http:\/\/merkezzekeriyakoy.com\/?page_id=1113"},"modified":"2013-06-12T13:11:02","modified_gmt":"2013-06-12T11:11:02","slug":"kamelyalar","status":"publish","type":"page","link":"https:\/\/merkezzekeriyakoy.com\/en\/merkezde-yasam\/kamelyalar\/","title":{"rendered":"Camellias"},"content":{"rendered":"<p><strong>Enjoyment of the sunset\u2026<\/strong><\/p>\n<p>You can sip your tea under the shadow of camellias during the hot summer days that warm us inside without the need for taking protection against the sun and if you wish, you could also create the opportunity to meet with your neighbours and have nice conversations with them. It will be your choice! Whichever way you would like\u2026<\/p>\n","protected":false},"excerpt":{"rendered":"<p>Enjoyment of the sunset\u2026 You can sip your tea under the shadow of camellias during the hot summer days that warm us inside without the need for taking protection against the sun and if you wish, you could also create the opportunity to meet with your neighbours and have nice&#8230; <br \/><a class=\"rm-link excerpt-rm-link\" href=\"https:\/\/merkezzekeriyakoy.com\/en\/merkezde-yasam\/kamelyalar\/\">Read More<\/a><\/p>\n","protected":false},"author":1,"featured_media":0,"parent":12,"menu_order":20,"comment_status":"open","ping_status":"closed","template":"","meta":[],"yoast_head":"<!-- This site is optimized with the Yoast SEO plugin v20.2.1 - https:\/\/yoast.com\/wordpress\/plugins\/seo\/ -->\n<title>Camellias &laquo; Merkez Zekeriyak\u00f6y<\/title>\n<meta name=\"robots\" content=\"index, follow, max-snippet:-1, max-image-preview:large, max-video-preview:-1\" \/>\n<link rel=\"canonical\" href=\"https:\/\/merkezzekeriyakoy.com\/en\/merkezde-yasam\/kamelyalar\/\" \/>\n<meta property=\"og:locale\" content=\"en_US\" \/>\n<meta property=\"og:type\" content=\"article\" \/>\n<meta property=\"og:title\" content=\"KamelyalarCamellias &laquo; Merkez Zekeriyak\u00f6y\" \/>\n<meta property=\"og:description\" content=\"Enjoyment of the sunset\u2026 You can sip your tea under the shadow of camellias during the hot summer days that warm us inside without the need for taking protection against the sun and if you wish, you could also create the opportunity to meet with your neighbours and have nice... Read More\" \/>\n<meta property=\"og:url\" content=\"https:\/\/merkezzekeriyakoy.com\/en\/merkezde-yasam\/kamelyalar\/\" \/>\n<meta property=\"og:site_name\" content=\"Merkez Zekeriyak\u00f6y\" \/>\n<meta property=\"article:modified_time\" content=\"2013-06-12T11:11:02+00:00\" \/>\n<meta name=\"twitter:label1\" content=\"Est. reading time\" \/>\n\t<meta name=\"twitter:data1\" content=\"1 minute\" \/>\n<script type=\"application\/ld+json\" class=\"yoast-schema-graph\">{\"@context\":\"https:\/\/schema.org\",\"@graph\":[{\"@type\":\"WebPage\",\"@id\":\"https:\/\/merkezzekeriyakoy.com\/en\/merkezde-yasam\/kamelyalar\/\",\"url\":\"https:\/\/merkezzekeriyakoy.com\/en\/merkezde-yasam\/kamelyalar\/\",\"name\":\"KamelyalarCamellias &laquo; Merkez Zekeriyak\u00f6y\",\"isPartOf\":{\"@id\":\"https:\/\/merkezzekeriyakoy.com\/#website\"},\"datePublished\":\"2013-05-21T08:48:55+00:00\",\"dateModified\":\"2013-06-12T11:11:02+00:00\",\"breadcrumb\":{\"@id\":\"https:\/\/merkezzekeriyakoy.com\/en\/merkezde-yasam\/kamelyalar\/#breadcrumb\"},\"inLanguage\":\"en-US\",\"potentialAction\":[{\"@type\":\"ReadAction\",\"target\":[\"https:\/\/merkezzekeriyakoy.com\/en\/merkezde-yasam\/kamelyalar\/\"]}]},{\"@type\":\"BreadcrumbList\",\"@id\":\"https:\/\/merkezzekeriyakoy.com\/en\/merkezde-yasam\/kamelyalar\/#breadcrumb\",\"itemListElement\":[{\"@type\":\"ListItem\",\"position\":1,\"name\":\"Home\",\"item\":\"https:\/\/merkezzekeriyakoy.com\/\"},{\"@type\":\"ListItem\",\"position\":2,\"name\":\"MERKEZDE YA\u015eAM\",\"item\":\"https:\/\/merkezzekeriyakoy.com\/merkezde-yasam\/\"},{\"@type\":\"ListItem\",\"position\":3,\"name\":\"Camellias\"}]},{\"@type\":\"WebSite\",\"@id\":\"https:\/\/merkezzekeriyakoy.com\/#website\",\"url\":\"https:\/\/merkezzekeriyakoy.com\/\",\"name\":\"Merkez Zekeriyak\u00f6y\",\"description\":\"Merkez Zekeriyak\u00f6y\u2019de ya\u015famak, \u0130stanbul gibi tempolu bir \u015fehirde ya\u015faman\u0131n ger\u00e7ek \u00f6d\u00fcl\u00fc\",\"potentialAction\":[{\"@type\":\"SearchAction\",\"target\":{\"@type\":\"EntryPoint\",\"urlTemplate\":\"https:\/\/merkezzekeriyakoy.com\/?s={search_term_string}\"},\"query-input\":\"required name=search_term_string\"}],\"inLanguage\":\"en-US\"}]}<\/script>\n<!-- \/ Yoast SEO plugin. -->","yoast_head_json":{"title":"Camellias &laquo; Merkez Zekeriyak\u00f6y","robots":{"index":"index","follow":"follow","max-snippet":"max-snippet:-1","max-image-preview":"max-image-preview:large","max-video-preview":"max-video-preview:-1"},"canonical":"https:\/\/merkezzekeriyakoy.com\/en\/merkezde-yasam\/kamelyalar\/","og_locale":"en_US","og_type":"article","og_title":"KamelyalarCamellias &laquo; Merkez Zekeriyak\u00f6y","og_description":"Enjoyment of the sunset\u2026 You can sip your tea under the shadow of camellias during the hot summer days that warm us inside without the need for taking protection against the sun and if you wish, you could also create the opportunity to meet with your neighbours and have nice... Read More","og_url":"https:\/\/merkezzekeriyakoy.com\/en\/merkezde-yasam\/kamelyalar\/","og_site_name":"Merkez Zekeriyak\u00f6y","article_modified_time":"2013-06-12T11:11:02+00:00","twitter_misc":{"Est. reading time":"1 minute"},"schema":{"@context":"https:\/\/schema.org","@graph":[{"@type":"WebPage","@id":"https:\/\/merkezzekeriyakoy.com\/en\/merkezde-yasam\/kamelyalar\/","url":"https:\/\/merkezzekeriyakoy.com\/en\/merkezde-yasam\/kamelyalar\/","name":"KamelyalarCamellias &laquo; Merkez Zekeriyak\u00f6y","isPartOf":{"@id":"https:\/\/merkezzekeriyakoy.com\/#website"},"datePublished":"2013-05-21T08:48:55+00:00","dateModified":"2013-06-12T11:11:02+00:00","breadcrumb":{"@id":"https:\/\/merkezzekeriyakoy.com\/en\/merkezde-yasam\/kamelyalar\/#breadcrumb"},"inLanguage":"en-US","potentialAction":[{"@type":"ReadAction","target":["https:\/\/merkezzekeriyakoy.com\/en\/merkezde-yasam\/kamelyalar\/"]}]},{"@type":"BreadcrumbList","@id":"https:\/\/merkezzekeriyakoy.com\/en\/merkezde-yasam\/kamelyalar\/#breadcrumb","itemListElement":[{"@type":"ListItem","position":1,"name":"Home","item":"https:\/\/merkezzekeriyakoy.com\/"},{"@type":"ListItem","position":2,"name":"MERKEZDE YA\u015eAM","item":"https:\/\/merkezzekeriyakoy.com\/merkezde-yasam\/"},{"@type":"ListItem","position":3,"name":"Camellias"}]},{"@type":"WebSite","@id":"https:\/\/merkezzekeriyakoy.com\/#website","url":"https:\/\/merkezzekeriyakoy.com\/","name":"Merkez Zekeriyak\u00f6y","description":"Merkez Zekeriyak\u00f6y\u2019de ya\u015famak, \u0130stanbul gibi tempolu bir \u015fehirde ya\u015faman\u0131n ger\u00e7ek \u00f6d\u00fcl\u00fc","potentialAction":[{"@type":"SearchAction","target":{"@type":"EntryPoint","urlTemplate":"https:\/\/merkezzekeriyakoy.com\/?s={search_term_string}"},"query-input":"required name=search_term_string"}],"inLanguage":"en-US"}]}},"_links":{"self":[{"href":"https:\/\/merkezzekeriyakoy.com\/en\/wp-json\/wp\/v2\/pages\/1113"}],"collection":[{"href":"https:\/\/merkezzekeriyakoy.com\/en\/wp-json\/wp\/v2\/pages"}],"about":[{"href":"https:\/\/merkezzekeriyakoy.com\/en\/wp-json\/wp\/v2\/types\/page"}],"author":[{"embeddable":true,"href":"https:\/\/merkezzekeriyakoy.com\/en\/wp-json\/wp\/v2\/users\/1"}],"replies":[{"embeddable":true,"href":"https:\/\/merkezzekeriyakoy.com\/en\/wp-json\/wp\/v2\/comments?post=1113"}],"version-history":[{"count":9,"href":"https:\/\/merkezzekeriyakoy.com\/en\/wp-json\/wp\/v2\/pages\/1113\/revisions"}],"predecessor-version":[{"id":1626,"href":"https:\/\/merkezzekeriyakoy.com\/en\/wp-json\/wp\/v2\/pages\/1113\/revisions\/1626"}],"up":[{"embeddable":true,"href":"https:\/\/merkezzekeriyakoy.com\/en\/wp-json\/wp\/v2\/pages\/12"}],"wp:attachment":[{"href":"https:\/\/merkezzekeriyakoy.com\/en\/wp-json\/wp\/v2\/media?parent=1113"}],"curies":[{"name":"wp","href":"https:\/\/api.w.org\/{rel}","templated":true}]}}