{"id":1118,"date":"2013-05-21T11:25:15","date_gmt":"2013-05-21T09:25:15","guid":{"rendered":"http:\/\/merkezzekeriyakoy.com\/?page_id=1118"},"modified":"2013-06-12T13:23:30","modified_gmt":"2013-06-12T11:23:30","slug":"sporun-merkezindesiniz","status":"publish","type":"page","link":"https:\/\/merkezzekeriyakoy.com\/en\/merkezde-siz\/sporun-merkezindesiniz\/","title":{"rendered":"At the centre of the Sport"},"content":{"rendered":"<p>Merkez Zekeriyakoy provides you rather a lot of activity selection with its location advantage as well as the sports facilities it has.<\/p>\n<blockquote><p>G\u00f6\u00e7men&#8217;s Ranch Riding Club<\/p>\n<p>Zekeriyak\u00f6y Sport Club<\/p>\n<p>Istanbul Nature and Water Sports Club<\/p>\n<p>Istanbul Swimming Specialisation Club<\/p>\n<p>Dar\u00fc\u015f\u015fafaka Sports Club<\/p>\n<p>Istanbul Riding Club<\/p>\n<p>Enka Sports Club<\/p>\n<p>Life Platform<\/p>\n<p>TED Sports Club<\/p>\n<p>A\u00e7\u0131 Sports Club<\/p><\/blockquote>\n","protected":false},"excerpt":{"rendered":"<p>Merkez Zekeriyakoy provides you rather a lot of activity selection with its location advantage as well as the sports facilities it has. G\u00f6\u00e7men&#8217;s Ranch Riding Club Zekeriyak\u00f6y Sport Club Istanbul Nature and Water Sports Club Istanbul Swimming Specialisation Club Dar\u00fc\u015f\u015fafaka Sports Club Istanbul Riding Club Enka Sports Club Life Platform&#8230; <br \/><a class=\"rm-link excerpt-rm-link\" href=\"https:\/\/merkezzekeriyakoy.com\/en\/merkezde-siz\/sporun-merkezindesiniz\/\">Read More<\/a><\/p>\n","protected":false},"author":1,"featured_media":0,"parent":137,"menu_order":5,"comment_status":"open","ping_status":"closed","template":"","meta":[],"yoast_head":"<!-- This site is optimized with the Yoast SEO plugin v20.2.1 - https:\/\/yoast.com\/wordpress\/plugins\/seo\/ -->\n<title>At the centre of the Sport &laquo; Merkez Zekeriyak\u00f6y<\/title>\n<meta name=\"robots\" content=\"index, follow, max-snippet:-1, max-image-preview:large, max-video-preview:-1\" \/>\n<link rel=\"canonical\" href=\"https:\/\/merkezzekeriyakoy.com\/merkezde-siz\/sporun-merkezindesiniz\/\" \/>\n<meta property=\"og:locale\" content=\"en_US\" \/>\n<meta property=\"og:type\" content=\"article\" \/>\n<meta property=\"og:title\" content=\"Sporun MerkezindesinizAt the centre of the Sport &laquo; Merkez Zekeriyak\u00f6y\" \/>\n<meta property=\"og:description\" content=\"Merkez Zekeriyakoy provides you rather a lot of activity selection with its location advantage as well as the sports facilities it has. G\u00f6\u00e7men&#8217;s Ranch Riding Club Zekeriyak\u00f6y Sport Club Istanbul Nature and Water Sports Club Istanbul Swimming Specialisation Club Dar\u00fc\u015f\u015fafaka Sports Club Istanbul Riding Club Enka Sports Club Life Platform... Read More\" \/>\n<meta property=\"og:url\" content=\"https:\/\/merkezzekeriyakoy.com\/merkezde-siz\/sporun-merkezindesiniz\/\" \/>\n<meta property=\"og:site_name\" content=\"Merkez Zekeriyak\u00f6y\" \/>\n<meta property=\"article:modified_time\" content=\"2013-06-12T11:23:30+00:00\" \/>\n<meta name=\"twitter:label1\" content=\"Est. reading time\" \/>\n\t<meta name=\"twitter:data1\" content=\"1 minute\" \/>\n<script type=\"application\/ld+json\" class=\"yoast-schema-graph\">{\"@context\":\"https:\/\/schema.org\",\"@graph\":[{\"@type\":\"WebPage\",\"@id\":\"https:\/\/merkezzekeriyakoy.com\/merkezde-siz\/sporun-merkezindesiniz\/\",\"url\":\"https:\/\/merkezzekeriyakoy.com\/merkezde-siz\/sporun-merkezindesiniz\/\",\"name\":\"Sporun MerkezindesinizAt the centre of the Sport &laquo; Merkez Zekeriyak\u00f6y\",\"isPartOf\":{\"@id\":\"https:\/\/merkezzekeriyakoy.com\/#website\"},\"datePublished\":\"2013-05-21T09:25:15+00:00\",\"dateModified\":\"2013-06-12T11:23:30+00:00\",\"breadcrumb\":{\"@id\":\"https:\/\/merkezzekeriyakoy.com\/merkezde-siz\/sporun-merkezindesiniz\/#breadcrumb\"},\"inLanguage\":\"en-US\",\"potentialAction\":[{\"@type\":\"ReadAction\",\"target\":[\"https:\/\/merkezzekeriyakoy.com\/merkezde-siz\/sporun-merkezindesiniz\/\"]}]},{\"@type\":\"BreadcrumbList\",\"@id\":\"https:\/\/merkezzekeriyakoy.com\/merkezde-siz\/sporun-merkezindesiniz\/#breadcrumb\",\"itemListElement\":[{\"@type\":\"ListItem\",\"position\":1,\"name\":\"Home\",\"item\":\"https:\/\/merkezzekeriyakoy.com\/\"},{\"@type\":\"ListItem\",\"position\":2,\"name\":\"Merkezde Siz\",\"item\":\"https:\/\/merkezzekeriyakoy.com\/merkezde-siz\/\"},{\"@type\":\"ListItem\",\"position\":3,\"name\":\"Sporun Merkezindesiniz\"}]},{\"@type\":\"WebSite\",\"@id\":\"https:\/\/merkezzekeriyakoy.com\/#website\",\"url\":\"https:\/\/merkezzekeriyakoy.com\/\",\"name\":\"Merkez Zekeriyak\u00f6y\",\"description\":\"Merkez Zekeriyak\u00f6y\u2019de ya\u015famak, \u0130stanbul gibi tempolu bir \u015fehirde ya\u015faman\u0131n ger\u00e7ek \u00f6d\u00fcl\u00fc\",\"potentialAction\":[{\"@type\":\"SearchAction\",\"target\":{\"@type\":\"EntryPoint\",\"urlTemplate\":\"https:\/\/merkezzekeriyakoy.com\/?s={search_term_string}\"},\"query-input\":\"required name=search_term_string\"}],\"inLanguage\":\"en-US\"}]}<\/script>\n<!-- \/ Yoast SEO plugin. -->","yoast_head_json":{"title":"At the centre of the Sport &laquo; Merkez Zekeriyak\u00f6y","robots":{"index":"index","follow":"follow","max-snippet":"max-snippet:-1","max-image-preview":"max-image-preview:large","max-video-preview":"max-video-preview:-1"},"canonical":"https:\/\/merkezzekeriyakoy.com\/merkezde-siz\/sporun-merkezindesiniz\/","og_locale":"en_US","og_type":"article","og_title":"Sporun MerkezindesinizAt the centre of the Sport &laquo; Merkez Zekeriyak\u00f6y","og_description":"Merkez Zekeriyakoy provides you rather a lot of activity selection with its location advantage as well as the sports facilities it has. G\u00f6\u00e7men&#8217;s Ranch Riding Club Zekeriyak\u00f6y Sport Club Istanbul Nature and Water Sports Club Istanbul Swimming Specialisation Club Dar\u00fc\u015f\u015fafaka Sports Club Istanbul Riding Club Enka Sports Club Life Platform... Read More","og_url":"https:\/\/merkezzekeriyakoy.com\/merkezde-siz\/sporun-merkezindesiniz\/","og_site_name":"Merkez Zekeriyak\u00f6y","article_modified_time":"2013-06-12T11:23:30+00:00","twitter_misc":{"Est. reading time":"1 minute"},"schema":{"@context":"https:\/\/schema.org","@graph":[{"@type":"WebPage","@id":"https:\/\/merkezzekeriyakoy.com\/merkezde-siz\/sporun-merkezindesiniz\/","url":"https:\/\/merkezzekeriyakoy.com\/merkezde-siz\/sporun-merkezindesiniz\/","name":"Sporun MerkezindesinizAt the centre of the Sport &laquo; Merkez Zekeriyak\u00f6y","isPartOf":{"@id":"https:\/\/merkezzekeriyakoy.com\/#website"},"datePublished":"2013-05-21T09:25:15+00:00","dateModified":"2013-06-12T11:23:30+00:00","breadcrumb":{"@id":"https:\/\/merkezzekeriyakoy.com\/merkezde-siz\/sporun-merkezindesiniz\/#breadcrumb"},"inLanguage":"en-US","potentialAction":[{"@type":"ReadAction","target":["https:\/\/merkezzekeriyakoy.com\/merkezde-siz\/sporun-merkezindesiniz\/"]}]},{"@type":"BreadcrumbList","@id":"https:\/\/merkezzekeriyakoy.com\/merkezde-siz\/sporun-merkezindesiniz\/#breadcrumb","itemListElement":[{"@type":"ListItem","position":1,"name":"Home","item":"https:\/\/merkezzekeriyakoy.com\/"},{"@type":"ListItem","position":2,"name":"Merkezde Siz","item":"https:\/\/merkezzekeriyakoy.com\/merkezde-siz\/"},{"@type":"ListItem","position":3,"name":"Sporun Merkezindesiniz"}]},{"@type":"WebSite","@id":"https:\/\/merkezzekeriyakoy.com\/#website","url":"https:\/\/merkezzekeriyakoy.com\/","name":"Merkez Zekeriyak\u00f6y","description":"Merkez Zekeriyak\u00f6y\u2019de ya\u015famak, \u0130stanbul gibi tempolu bir \u015fehirde ya\u015faman\u0131n ger\u00e7ek \u00f6d\u00fcl\u00fc","potentialAction":[{"@type":"SearchAction","target":{"@type":"EntryPoint","urlTemplate":"https:\/\/merkezzekeriyakoy.com\/?s={search_term_string}"},"query-input":"required name=search_term_string"}],"inLanguage":"en-US"}]}},"_links":{"self":[{"href":"https:\/\/merkezzekeriyakoy.com\/en\/wp-json\/wp\/v2\/pages\/1118"}],"collection":[{"href":"https:\/\/merkezzekeriyakoy.com\/en\/wp-json\/wp\/v2\/pages"}],"about":[{"href":"https:\/\/merkezzekeriyakoy.com\/en\/wp-json\/wp\/v2\/types\/page"}],"author":[{"embeddable":true,"href":"https:\/\/merkezzekeriyakoy.com\/en\/wp-json\/wp\/v2\/users\/1"}],"replies":[{"embeddable":true,"href":"https:\/\/merkezzekeriyakoy.com\/en\/wp-json\/wp\/v2\/comments?post=1118"}],"version-history":[{"count":8,"href":"https:\/\/merkezzekeriyakoy.com\/en\/wp-json\/wp\/v2\/pages\/1118\/revisions"}],"predecessor-version":[{"id":1628,"href":"https:\/\/merkezzekeriyakoy.com\/en\/wp-json\/wp\/v2\/pages\/1118\/revisions\/1628"}],"up":[{"embeddable":true,"href":"https:\/\/merkezzekeriyakoy.com\/en\/wp-json\/wp\/v2\/pages\/137"}],"wp:attachment":[{"href":"https:\/\/merkezzekeriyakoy.com\/en\/wp-json\/wp\/v2\/media?parent=1118"}],"curies":[{"name":"wp","href":"https:\/\/api.w.org\/{rel}","templated":true}]}}