{"id":14,"date":"2013-05-01T19:45:00","date_gmt":"2013-05-01T19:45:00","guid":{"rendered":"http:\/\/merkezzekeriyakoy.com\/?page_id=14"},"modified":"2013-06-17T18:58:02","modified_gmt":"2013-06-17T16:58:02","slug":"genel-bakis","status":"publish","type":"page","link":"https:\/\/merkezzekeriyakoy.com\/en\/genel-bakis\/","title":{"rendered":"OVERVIEW"},"content":{"rendered":"<p>There are 50 units of duplex penthouse flats, 50 units of duplex garden flats and 6 units of semi-detached triplex flats available within the Merkez Zekeriyak\u00f6y, which contains 106 houses in 28 blocks over an area of 25.360 m2.<\/p>\n<p>83% of the project, which is situated over one of the \u201cmost valuable\u201d lands of Zekeriyakoy, is open space and green field. Access is rather easy since it is on the main road route.<\/p>\n<p><strong>Enjoyment on the garden and on the terrace\u2026<\/strong><\/p>\n<p>Merkez Zekeriyak\u00f6y has been created with the logic of \u201cnature within the nature.\u201d 52% of the buildings have the garden life. This place is one of the most ideal places for the people who would like to create one\u2019s own nature and to do some gardening.<\/p>\n<p>If you are one of the people who say \u201cI want to watch the green and the view from above\u201d then the terrace where you could have your cup of coffee against the sunset will also be awaiting you.<\/p>\n<p><strong>Front of your home is always full of sight\u2026<\/strong><\/p>\n<p>None of the houses in the Merkez Zekeriyak\u00f6y block the view of the<br \/>\nother house because of the slope of the land and the layout of the<br \/>\nhouses that have had the extra attention.<\/p>\n<p><strong>You will feel safe&#8230;<\/strong><\/p>\n<p>Zekeriyak\u00f6y is situated at Sar\u0131yer, where it is one of the regions of Istanbul that has the most stable earth. It is additionally secure with the military police located at the centre of the town.<\/p>\n<p>Your security is at the forefront at Merkez Zekeriyak\u00f6y. High walls surround the estate<br \/>\ncompletely. There is digital communication (intercom) between the houses and the<br \/>\nsecurity personnel. Entrance and exit to and from the estate are under control, where it is<br \/>\nwatched 7\/24 through the camera system.<\/p>\n","protected":false},"excerpt":{"rendered":"<p>There are 50 units of duplex penthouse flats, 50 units of duplex garden flats and 6 units of semi-detached triplex flats available within the Merkez Zekeriyak\u00f6y, which contains 106 houses in 28 blocks over an area of 25.360 m2. 83% of the project, which is situated over one of the&#8230; <br \/><a class=\"rm-link excerpt-rm-link\" href=\"https:\/\/merkezzekeriyakoy.com\/en\/genel-bakis\/\">Read More<\/a><\/p>\n","protected":false},"author":1,"featured_media":0,"parent":0,"menu_order":0,"comment_status":"open","ping_status":"open","template":"","meta":[],"yoast_head":"<!-- This site is optimized with the Yoast SEO plugin v20.2.1 - https:\/\/yoast.com\/wordpress\/plugins\/seo\/ -->\n<title>OVERVIEW &laquo; Merkez Zekeriyak\u00f6y<\/title>\n<meta name=\"robots\" content=\"index, follow, max-snippet:-1, max-image-preview:large, max-video-preview:-1\" \/>\n<link rel=\"canonical\" href=\"https:\/\/merkezzekeriyakoy.com\/genel-bakis\/\" \/>\n<meta property=\"og:locale\" content=\"en_US\" \/>\n<meta property=\"og:type\" content=\"article\" \/>\n<meta property=\"og:title\" content=\"GENEL BAKI\u015eOVERVIEW &laquo; Merkez Zekeriyak\u00f6y\" \/>\n<meta property=\"og:description\" content=\"There are 50 units of duplex penthouse flats, 50 units of duplex garden flats and 6 units of semi-detached triplex flats available within the Merkez Zekeriyak\u00f6y, which contains 106 houses in 28 blocks over an area of 25.360 m2. 83% of the project, which is situated over one of the... Read More\" \/>\n<meta property=\"og:url\" content=\"https:\/\/merkezzekeriyakoy.com\/genel-bakis\/\" \/>\n<meta property=\"og:site_name\" content=\"Merkez Zekeriyak\u00f6y\" \/>\n<meta property=\"article:modified_time\" content=\"2013-06-17T16:58:02+00:00\" \/>\n<meta name=\"twitter:label1\" content=\"Est. reading time\" \/>\n\t<meta name=\"twitter:data1\" content=\"3 minutes\" \/>\n<script type=\"application\/ld+json\" class=\"yoast-schema-graph\">{\"@context\":\"https:\/\/schema.org\",\"@graph\":[{\"@type\":\"WebPage\",\"@id\":\"https:\/\/merkezzekeriyakoy.com\/genel-bakis\/\",\"url\":\"https:\/\/merkezzekeriyakoy.com\/genel-bakis\/\",\"name\":\"GENEL BAKI\u015eOVERVIEW &laquo; Merkez Zekeriyak\u00f6y\",\"isPartOf\":{\"@id\":\"https:\/\/merkezzekeriyakoy.com\/#website\"},\"datePublished\":\"2013-05-01T19:45:00+00:00\",\"dateModified\":\"2013-06-17T16:58:02+00:00\",\"breadcrumb\":{\"@id\":\"https:\/\/merkezzekeriyakoy.com\/genel-bakis\/#breadcrumb\"},\"inLanguage\":\"en-US\",\"potentialAction\":[{\"@type\":\"ReadAction\",\"target\":[\"https:\/\/merkezzekeriyakoy.com\/genel-bakis\/\"]}]},{\"@type\":\"BreadcrumbList\",\"@id\":\"https:\/\/merkezzekeriyakoy.com\/genel-bakis\/#breadcrumb\",\"itemListElement\":[{\"@type\":\"ListItem\",\"position\":1,\"name\":\"Home\",\"item\":\"https:\/\/merkezzekeriyakoy.com\/\"},{\"@type\":\"ListItem\",\"position\":2,\"name\":\"GENEL BAKI\u015e\"}]},{\"@type\":\"WebSite\",\"@id\":\"https:\/\/merkezzekeriyakoy.com\/#website\",\"url\":\"https:\/\/merkezzekeriyakoy.com\/\",\"name\":\"Merkez Zekeriyak\u00f6y\",\"description\":\"Merkez Zekeriyak\u00f6y\u2019de ya\u015famak, \u0130stanbul gibi tempolu bir \u015fehirde ya\u015faman\u0131n ger\u00e7ek \u00f6d\u00fcl\u00fc\",\"potentialAction\":[{\"@type\":\"SearchAction\",\"target\":{\"@type\":\"EntryPoint\",\"urlTemplate\":\"https:\/\/merkezzekeriyakoy.com\/?s={search_term_string}\"},\"query-input\":\"required name=search_term_string\"}],\"inLanguage\":\"en-US\"}]}<\/script>\n<!-- \/ Yoast SEO plugin. -->","yoast_head_json":{"title":"OVERVIEW &laquo; Merkez Zekeriyak\u00f6y","robots":{"index":"index","follow":"follow","max-snippet":"max-snippet:-1","max-image-preview":"max-image-preview:large","max-video-preview":"max-video-preview:-1"},"canonical":"https:\/\/merkezzekeriyakoy.com\/genel-bakis\/","og_locale":"en_US","og_type":"article","og_title":"GENEL BAKI\u015eOVERVIEW &laquo; Merkez Zekeriyak\u00f6y","og_description":"There are 50 units of duplex penthouse flats, 50 units of duplex garden flats and 6 units of semi-detached triplex flats available within the Merkez Zekeriyak\u00f6y, which contains 106 houses in 28 blocks over an area of 25.360 m2. 83% of the project, which is situated over one of the... Read More","og_url":"https:\/\/merkezzekeriyakoy.com\/genel-bakis\/","og_site_name":"Merkez Zekeriyak\u00f6y","article_modified_time":"2013-06-17T16:58:02+00:00","twitter_misc":{"Est. reading time":"3 minutes"},"schema":{"@context":"https:\/\/schema.org","@graph":[{"@type":"WebPage","@id":"https:\/\/merkezzekeriyakoy.com\/genel-bakis\/","url":"https:\/\/merkezzekeriyakoy.com\/genel-bakis\/","name":"GENEL BAKI\u015eOVERVIEW &laquo; Merkez Zekeriyak\u00f6y","isPartOf":{"@id":"https:\/\/merkezzekeriyakoy.com\/#website"},"datePublished":"2013-05-01T19:45:00+00:00","dateModified":"2013-06-17T16:58:02+00:00","breadcrumb":{"@id":"https:\/\/merkezzekeriyakoy.com\/genel-bakis\/#breadcrumb"},"inLanguage":"en-US","potentialAction":[{"@type":"ReadAction","target":["https:\/\/merkezzekeriyakoy.com\/genel-bakis\/"]}]},{"@type":"BreadcrumbList","@id":"https:\/\/merkezzekeriyakoy.com\/genel-bakis\/#breadcrumb","itemListElement":[{"@type":"ListItem","position":1,"name":"Home","item":"https:\/\/merkezzekeriyakoy.com\/"},{"@type":"ListItem","position":2,"name":"GENEL BAKI\u015e"}]},{"@type":"WebSite","@id":"https:\/\/merkezzekeriyakoy.com\/#website","url":"https:\/\/merkezzekeriyakoy.com\/","name":"Merkez Zekeriyak\u00f6y","description":"Merkez Zekeriyak\u00f6y\u2019de ya\u015famak, \u0130stanbul gibi tempolu bir \u015fehirde ya\u015faman\u0131n ger\u00e7ek \u00f6d\u00fcl\u00fc","potentialAction":[{"@type":"SearchAction","target":{"@type":"EntryPoint","urlTemplate":"https:\/\/merkezzekeriyakoy.com\/?s={search_term_string}"},"query-input":"required name=search_term_string"}],"inLanguage":"en-US"}]}},"_links":{"self":[{"href":"https:\/\/merkezzekeriyakoy.com\/en\/wp-json\/wp\/v2\/pages\/14"}],"collection":[{"href":"https:\/\/merkezzekeriyakoy.com\/en\/wp-json\/wp\/v2\/pages"}],"about":[{"href":"https:\/\/merkezzekeriyakoy.com\/en\/wp-json\/wp\/v2\/types\/page"}],"author":[{"embeddable":true,"href":"https:\/\/merkezzekeriyakoy.com\/en\/wp-json\/wp\/v2\/users\/1"}],"replies":[{"embeddable":true,"href":"https:\/\/merkezzekeriyakoy.com\/en\/wp-json\/wp\/v2\/comments?post=14"}],"version-history":[{"count":22,"href":"https:\/\/merkezzekeriyakoy.com\/en\/wp-json\/wp\/v2\/pages\/14\/revisions"}],"predecessor-version":[{"id":1672,"href":"https:\/\/merkezzekeriyakoy.com\/en\/wp-json\/wp\/v2\/pages\/14\/revisions\/1672"}],"wp:attachment":[{"href":"https:\/\/merkezzekeriyakoy.com\/en\/wp-json\/wp\/v2\/media?parent=14"}],"curies":[{"name":"wp","href":"https:\/\/api.w.org\/{rel}","templated":true}]}}