{"id":15,"date":"2013-05-01T19:45:06","date_gmt":"2013-05-01T19:45:06","guid":{"rendered":"http:\/\/merkezzekeriyakoy.com\/?page_id=15"},"modified":"2013-06-12T11:17:19","modified_gmt":"2013-06-12T09:17:19","slug":"neden-merkez","status":"publish","type":"page","link":"https:\/\/merkezzekeriyakoy.com\/en\/neden-merkez\/","title":{"rendered":"WHY IT IS &#8220;CENTER&#8221;?"},"content":{"rendered":"<p>Human beings have always built their homes within the green in the nature as they had switched over to the settled life with fewer floors and at places near the water. This is because,\u00a0 this form of living was the closest living concept to the nature of the human being. The green has diminished as buildings with lesser storeys had been transformed into multi-storey buildings and people have also moved away from the water. While Istanbul, which is one of the world metropolises, is consuming the energy of all of ours every day during the business life, isn\u2019t there a place within this city, which is near the sea, which is within the greens,\u00a0 which is orderly and modern and with low rise buildings and which is very near to the city indeed?<\/p>\n<p>When you study the map of Istanbul, you would also agree that Zekeriyakoy is the most important living centre that is \u201csuitable for the nature of the human being\u201d through its texture.<\/p>\n<p>It is only 5km\/5 minutes away from Kilyos, where it is one of the few places of Istanbul that one can go for a swim and that has low rise buildings in the green.\u00a0 Living in Zekeriyakoy is the real reward of living in a city that has the pace like Istanbul. People living in the region had already discovered Zekeriyakoy as the centre where their the most natural and humane requirements have been catered for.\u00a0 Being present at the centre of Zekeriyakoy, as it is the most valuable living centre of Istanbul, is also an extra happiness as far as we are concerned.<\/p>\n<p>Merkez Zekeriyakoy project is being constructed over an area that is only 700 metres walking distance from the\u00a0 Zekeriyakoy market and which is accepted by everybody, who are\u00a0 impartial, as to be the most valuable land of\u00a0\u00a0\u00a0 Zekeriyakoy.<\/p>\n<p>Are you ready to discover the Merkez Zekeriyakoy project?<\/p>\n","protected":false},"excerpt":{"rendered":"<p>Human beings have always built their homes within the green in the nature as they had switched over to the settled life with fewer floors and at places near the water. This is because,\u00a0 this form of living was the closest living concept to the nature of the human being&#8230;. <br \/><a class=\"rm-link excerpt-rm-link\" href=\"https:\/\/merkezzekeriyakoy.com\/en\/neden-merkez\/\">Read More<\/a><\/p>\n","protected":false},"author":1,"featured_media":0,"parent":0,"menu_order":0,"comment_status":"open","ping_status":"open","template":"","meta":[],"yoast_head":"<!-- This site is optimized with the Yoast SEO plugin v20.2.1 - https:\/\/yoast.com\/wordpress\/plugins\/seo\/ -->\n<title>WHY IT IS &quot;CENTER&quot;? &laquo; Merkez Zekeriyak\u00f6y<\/title>\n<meta name=\"robots\" content=\"index, follow, max-snippet:-1, max-image-preview:large, max-video-preview:-1\" \/>\n<link rel=\"canonical\" href=\"https:\/\/merkezzekeriyakoy.com\/neden-merkez\/\" \/>\n<meta property=\"og:locale\" content=\"en_US\" \/>\n<meta property=\"og:type\" content=\"article\" \/>\n<meta property=\"og:title\" content=\"NEDEN &quot;MERKEZ&quot;?WHY IT IS &quot;CENTER&quot;? &laquo; Merkez Zekeriyak\u00f6y\" \/>\n<meta property=\"og:description\" content=\"Human beings have always built their homes within the green in the nature as they had switched over to the settled life with fewer floors and at places near the water. This is because,\u00a0 this form of living was the closest living concept to the nature of the human being.... Read More\" \/>\n<meta property=\"og:url\" content=\"https:\/\/merkezzekeriyakoy.com\/neden-merkez\/\" \/>\n<meta property=\"og:site_name\" content=\"Merkez Zekeriyak\u00f6y\" \/>\n<meta property=\"article:modified_time\" content=\"2013-06-12T09:17:19+00:00\" \/>\n<meta name=\"twitter:label1\" content=\"Est. reading time\" \/>\n\t<meta name=\"twitter:data1\" content=\"3 minutes\" \/>\n<script type=\"application\/ld+json\" class=\"yoast-schema-graph\">{\"@context\":\"https:\/\/schema.org\",\"@graph\":[{\"@type\":\"WebPage\",\"@id\":\"https:\/\/merkezzekeriyakoy.com\/neden-merkez\/\",\"url\":\"https:\/\/merkezzekeriyakoy.com\/neden-merkez\/\",\"name\":\"NEDEN \\\"MERKEZ\\\"?WHY IT IS \\\"CENTER\\\"? &laquo; Merkez Zekeriyak\u00f6y\",\"isPartOf\":{\"@id\":\"https:\/\/merkezzekeriyakoy.com\/#website\"},\"datePublished\":\"2013-05-01T19:45:06+00:00\",\"dateModified\":\"2013-06-12T09:17:19+00:00\",\"breadcrumb\":{\"@id\":\"https:\/\/merkezzekeriyakoy.com\/neden-merkez\/#breadcrumb\"},\"inLanguage\":\"en-US\",\"potentialAction\":[{\"@type\":\"ReadAction\",\"target\":[\"https:\/\/merkezzekeriyakoy.com\/neden-merkez\/\"]}]},{\"@type\":\"BreadcrumbList\",\"@id\":\"https:\/\/merkezzekeriyakoy.com\/neden-merkez\/#breadcrumb\",\"itemListElement\":[{\"@type\":\"ListItem\",\"position\":1,\"name\":\"Home\",\"item\":\"https:\/\/merkezzekeriyakoy.com\/\"},{\"@type\":\"ListItem\",\"position\":2,\"name\":\"NEDEN &#8220;MERKEZ&#8221;?\"}]},{\"@type\":\"WebSite\",\"@id\":\"https:\/\/merkezzekeriyakoy.com\/#website\",\"url\":\"https:\/\/merkezzekeriyakoy.com\/\",\"name\":\"Merkez Zekeriyak\u00f6y\",\"description\":\"Merkez Zekeriyak\u00f6y\u2019de ya\u015famak, \u0130stanbul gibi tempolu bir \u015fehirde ya\u015faman\u0131n ger\u00e7ek \u00f6d\u00fcl\u00fc\",\"potentialAction\":[{\"@type\":\"SearchAction\",\"target\":{\"@type\":\"EntryPoint\",\"urlTemplate\":\"https:\/\/merkezzekeriyakoy.com\/?s={search_term_string}\"},\"query-input\":\"required name=search_term_string\"}],\"inLanguage\":\"en-US\"}]}<\/script>\n<!-- \/ Yoast SEO plugin. -->","yoast_head_json":{"title":"WHY IT IS \"CENTER\"? &laquo; Merkez Zekeriyak\u00f6y","robots":{"index":"index","follow":"follow","max-snippet":"max-snippet:-1","max-image-preview":"max-image-preview:large","max-video-preview":"max-video-preview:-1"},"canonical":"https:\/\/merkezzekeriyakoy.com\/neden-merkez\/","og_locale":"en_US","og_type":"article","og_title":"NEDEN \"MERKEZ\"?WHY IT IS \"CENTER\"? &laquo; Merkez Zekeriyak\u00f6y","og_description":"Human beings have always built their homes within the green in the nature as they had switched over to the settled life with fewer floors and at places near the water. This is because,\u00a0 this form of living was the closest living concept to the nature of the human being.... Read More","og_url":"https:\/\/merkezzekeriyakoy.com\/neden-merkez\/","og_site_name":"Merkez Zekeriyak\u00f6y","article_modified_time":"2013-06-12T09:17:19+00:00","twitter_misc":{"Est. reading time":"3 minutes"},"schema":{"@context":"https:\/\/schema.org","@graph":[{"@type":"WebPage","@id":"https:\/\/merkezzekeriyakoy.com\/neden-merkez\/","url":"https:\/\/merkezzekeriyakoy.com\/neden-merkez\/","name":"NEDEN \"MERKEZ\"?WHY IT IS \"CENTER\"? &laquo; Merkez Zekeriyak\u00f6y","isPartOf":{"@id":"https:\/\/merkezzekeriyakoy.com\/#website"},"datePublished":"2013-05-01T19:45:06+00:00","dateModified":"2013-06-12T09:17:19+00:00","breadcrumb":{"@id":"https:\/\/merkezzekeriyakoy.com\/neden-merkez\/#breadcrumb"},"inLanguage":"en-US","potentialAction":[{"@type":"ReadAction","target":["https:\/\/merkezzekeriyakoy.com\/neden-merkez\/"]}]},{"@type":"BreadcrumbList","@id":"https:\/\/merkezzekeriyakoy.com\/neden-merkez\/#breadcrumb","itemListElement":[{"@type":"ListItem","position":1,"name":"Home","item":"https:\/\/merkezzekeriyakoy.com\/"},{"@type":"ListItem","position":2,"name":"NEDEN &#8220;MERKEZ&#8221;?"}]},{"@type":"WebSite","@id":"https:\/\/merkezzekeriyakoy.com\/#website","url":"https:\/\/merkezzekeriyakoy.com\/","name":"Merkez Zekeriyak\u00f6y","description":"Merkez Zekeriyak\u00f6y\u2019de ya\u015famak, \u0130stanbul gibi tempolu bir \u015fehirde ya\u015faman\u0131n ger\u00e7ek \u00f6d\u00fcl\u00fc","potentialAction":[{"@type":"SearchAction","target":{"@type":"EntryPoint","urlTemplate":"https:\/\/merkezzekeriyakoy.com\/?s={search_term_string}"},"query-input":"required name=search_term_string"}],"inLanguage":"en-US"}]}},"_links":{"self":[{"href":"https:\/\/merkezzekeriyakoy.com\/en\/wp-json\/wp\/v2\/pages\/15"}],"collection":[{"href":"https:\/\/merkezzekeriyakoy.com\/en\/wp-json\/wp\/v2\/pages"}],"about":[{"href":"https:\/\/merkezzekeriyakoy.com\/en\/wp-json\/wp\/v2\/types\/page"}],"author":[{"embeddable":true,"href":"https:\/\/merkezzekeriyakoy.com\/en\/wp-json\/wp\/v2\/users\/1"}],"replies":[{"embeddable":true,"href":"https:\/\/merkezzekeriyakoy.com\/en\/wp-json\/wp\/v2\/comments?post=15"}],"version-history":[{"count":14,"href":"https:\/\/merkezzekeriyakoy.com\/en\/wp-json\/wp\/v2\/pages\/15\/revisions"}],"predecessor-version":[{"id":1605,"href":"https:\/\/merkezzekeriyakoy.com\/en\/wp-json\/wp\/v2\/pages\/15\/revisions\/1605"}],"wp:attachment":[{"href":"https:\/\/merkezzekeriyakoy.com\/en\/wp-json\/wp\/v2\/media?parent=15"}],"curies":[{"name":"wp","href":"https:\/\/api.w.org\/{rel}","templated":true}]}}