{"id":1788,"date":"2013-07-05T11:24:28","date_gmt":"2013-07-05T09:24:28","guid":{"rendered":"http:\/\/merkezzekeriyakoy.com\/?page_id=1788"},"modified":"2014-01-14T11:56:00","modified_gmt":"2014-01-14T09:56:00","slug":"videolar","status":"publish","type":"page","link":"https:\/\/merkezzekeriyakoy.com\/en\/haberler\/videolar\/","title":{"rendered":"Videos"},"content":{"rendered":"<p><div class=\"videos-row clearfix\">\n\t<a class=\"video-item\" href=\"#\" data-iframe=\"&lt;iframe width=&quot;850&quot; height=&quot;500&quot; src=&quot;http:\/\/www.youtube.com\/embed\/H9wbHviQ32o?autoplay=1&quot; frameborder=&quot;0&quot; allowfullscreen&gt;&lt;\/iframe&gt;\"><span class=\"video-thumb\"><img src=\"https:\/\/merkezzekeriyakoy.com\/wp-content\/themes\/merkez-zekeriyakoy\/lib\/base\/timthumb.php?src=http%3A%2F%2Fimg.youtube.com%2Fvi%2FH9wbHviQ32o%2F0.jpg&w=180&h=100&zc=1\" width=\"180\" height=\"100\" alt=\"\" \/><span class=\"play-button\"><\/span><\/span><span class=\"video-date\">01.06.2013<\/span><span class=\"video-title\">Haziran \u201913 Commercial<\/span><\/a>\n\n\t<br \/>\n\n\t<a class=\"video-item\" href=\"#\" data-iframe=\"&lt;iframe width=&quot;850&quot; height=&quot;500&quot; src=&quot;http:\/\/www.youtube.com\/embed\/8DTq29QPDA8?autoplay=1&quot; frameborder=&quot;0&quot; allowfullscreen&gt;&lt;\/iframe&gt;\"><span class=\"video-thumb\"><img src=\"https:\/\/merkezzekeriyakoy.com\/wp-content\/themes\/merkez-zekeriyakoy\/lib\/base\/timthumb.php?src=http%3A%2F%2Fimg.youtube.com%2Fvi%2F8DTq29QPDA8%2F0.jpg&w=180&h=100&zc=1\" width=\"180\" height=\"100\" alt=\"\" \/><span class=\"play-button\"><\/span><\/span><span class=\"video-date\">05.09.2013<\/span><span class=\"video-title\">TGRT - G\u00fcndem ve Ekonomi<\/span><\/a>\n\n\t\n\t<a class=\"video-item\" href=\"#\" data-iframe=\"&lt;iframe width=&quot;850&quot; height=&quot;500&quot; src=&quot;http:\/\/www.youtube.com\/embed\/4KtFg_cxTrA?autoplay=1&quot; frameborder=&quot;0&quot; allowfullscreen&gt;&lt;\/iframe&gt;\"><span class=\"video-thumb\"><img src=\"https:\/\/merkezzekeriyakoy.com\/wp-content\/themes\/merkez-zekeriyakoy\/lib\/base\/timthumb.php?src=http%3A%2F%2Fimg.youtube.com%2Fvi%2F4KtFg_cxTrA%2F0.jpg&w=180&h=100&zc=1\" width=\"180\" height=\"100\" alt=\"\" \/><span class=\"play-button\"><\/span><\/span><span class=\"video-date\">29.08.2013<\/span><span class=\"video-title\">Haber T\u00fcrk - Ekonomide G\u00f6r\u00fcn\u00fcm<\/span><\/a>\n\n\t<\/div><br \/>\n<div class=\"videos-row clearfix\">\n\t<a class=\"video-item\" href=\"#\" data-iframe=\"&lt;iframe width=&quot;850&quot; height=&quot;500&quot; src=&quot;http:\/\/www.youtube.com\/embed\/u6YU4vdnWB8?autoplay=1&quot; frameborder=&quot;0&quot; allowfullscreen&gt;&lt;\/iframe&gt;\"><span class=\"video-thumb\"><img src=\"https:\/\/merkezzekeriyakoy.com\/wp-content\/themes\/merkez-zekeriyakoy\/lib\/base\/timthumb.php?src=http%3A%2F%2Fimg.youtube.com%2Fvi%2Fu6YU4vdnWB8%2F0.jpg&w=180&h=100&zc=1\" width=\"180\" height=\"100\" alt=\"\" \/><span class=\"play-button\"><\/span><\/span><span class=\"video-date\">28.08.2013<\/span><span class=\"video-title\">A Haber - \u0130\u015fin S\u0131rr\u0131<\/span><\/a>\n\n\t\n\t<a class=\"video-item\" href=\"#\" data-iframe=\"&lt;iframe width=&quot;850&quot; height=&quot;500&quot; src=&quot;http:\/\/www.youtube.com\/embed\/5IE5V9TiA_0?autoplay=1&quot; frameborder=&quot;0&quot; allowfullscreen&gt;&lt;\/iframe&gt;\"><span class=\"video-thumb\"><img src=\"https:\/\/merkezzekeriyakoy.com\/wp-content\/themes\/merkez-zekeriyakoy\/lib\/base\/timthumb.php?src=http%3A%2F%2Fimg.youtube.com%2Fvi%2F5IE5V9TiA_0%2F0.jpg&w=180&h=100&zc=1\" width=\"180\" height=\"100\" alt=\"\" \/><span class=\"play-button\"><\/span><\/span><span class=\"video-date\">18.06.2013<\/span><span class=\"video-title\">D\u00fcnya TV - Gayrimenkul D\u00fcnyas\u0131<\/span><\/a>\n\n\t<\/div><\/p>\n","protected":false},"excerpt":{"rendered":"","protected":false},"author":1,"featured_media":0,"parent":85,"menu_order":0,"comment_status":"open","ping_status":"open","template":"","meta":[],"yoast_head":"<!-- This site is optimized with the Yoast SEO plugin v20.2.1 - https:\/\/yoast.com\/wordpress\/plugins\/seo\/ -->\n<title>Videos &laquo; Merkez Zekeriyak\u00f6y<\/title>\n<meta name=\"robots\" content=\"index, follow, max-snippet:-1, max-image-preview:large, max-video-preview:-1\" \/>\n<link rel=\"canonical\" href=\"https:\/\/merkezzekeriyakoy.com\/haberler\/videolar\/\" \/>\n<meta property=\"og:locale\" content=\"en_US\" \/>\n<meta property=\"og:type\" content=\"article\" \/>\n<meta property=\"og:title\" content=\"VideolarVideos &laquo; Merkez Zekeriyak\u00f6y\" \/>\n<meta property=\"og:url\" content=\"https:\/\/merkezzekeriyakoy.com\/haberler\/videolar\/\" \/>\n<meta property=\"og:site_name\" content=\"Merkez Zekeriyak\u00f6y\" \/>\n<meta property=\"article:modified_time\" content=\"2014-01-14T09:56:00+00:00\" \/>\n<meta name=\"twitter:label1\" content=\"Est. reading time\" \/>\n\t<meta name=\"twitter:data1\" content=\"1 minute\" \/>\n<script type=\"application\/ld+json\" class=\"yoast-schema-graph\">{\"@context\":\"https:\/\/schema.org\",\"@graph\":[{\"@type\":\"WebPage\",\"@id\":\"https:\/\/merkezzekeriyakoy.com\/haberler\/videolar\/\",\"url\":\"https:\/\/merkezzekeriyakoy.com\/haberler\/videolar\/\",\"name\":\"VideolarVideos &laquo; Merkez Zekeriyak\u00f6y\",\"isPartOf\":{\"@id\":\"https:\/\/merkezzekeriyakoy.com\/#website\"},\"datePublished\":\"2013-07-05T09:24:28+00:00\",\"dateModified\":\"2014-01-14T09:56:00+00:00\",\"breadcrumb\":{\"@id\":\"https:\/\/merkezzekeriyakoy.com\/haberler\/videolar\/#breadcrumb\"},\"inLanguage\":\"en-US\",\"potentialAction\":[{\"@type\":\"ReadAction\",\"target\":[\"https:\/\/merkezzekeriyakoy.com\/haberler\/videolar\/\"]}]},{\"@type\":\"BreadcrumbList\",\"@id\":\"https:\/\/merkezzekeriyakoy.com\/haberler\/videolar\/#breadcrumb\",\"itemListElement\":[{\"@type\":\"ListItem\",\"position\":1,\"name\":\"Home\",\"item\":\"https:\/\/merkezzekeriyakoy.com\/\"},{\"@type\":\"ListItem\",\"position\":2,\"name\":\"HABERLER\",\"item\":\"https:\/\/merkezzekeriyakoy.com\/haberler\/\"},{\"@type\":\"ListItem\",\"position\":3,\"name\":\"Videolar\"}]},{\"@type\":\"WebSite\",\"@id\":\"https:\/\/merkezzekeriyakoy.com\/#website\",\"url\":\"https:\/\/merkezzekeriyakoy.com\/\",\"name\":\"Merkez Zekeriyak\u00f6y\",\"description\":\"Merkez Zekeriyak\u00f6y\u2019de ya\u015famak, \u0130stanbul gibi tempolu bir \u015fehirde ya\u015faman\u0131n ger\u00e7ek \u00f6d\u00fcl\u00fc\",\"potentialAction\":[{\"@type\":\"SearchAction\",\"target\":{\"@type\":\"EntryPoint\",\"urlTemplate\":\"https:\/\/merkezzekeriyakoy.com\/?s={search_term_string}\"},\"query-input\":\"required name=search_term_string\"}],\"inLanguage\":\"en-US\"}]}<\/script>\n<!-- \/ Yoast SEO plugin. -->","yoast_head_json":{"title":"Videos &laquo; Merkez Zekeriyak\u00f6y","robots":{"index":"index","follow":"follow","max-snippet":"max-snippet:-1","max-image-preview":"max-image-preview:large","max-video-preview":"max-video-preview:-1"},"canonical":"https:\/\/merkezzekeriyakoy.com\/haberler\/videolar\/","og_locale":"en_US","og_type":"article","og_title":"VideolarVideos &laquo; Merkez Zekeriyak\u00f6y","og_url":"https:\/\/merkezzekeriyakoy.com\/haberler\/videolar\/","og_site_name":"Merkez Zekeriyak\u00f6y","article_modified_time":"2014-01-14T09:56:00+00:00","twitter_misc":{"Est. reading time":"1 minute"},"schema":{"@context":"https:\/\/schema.org","@graph":[{"@type":"WebPage","@id":"https:\/\/merkezzekeriyakoy.com\/haberler\/videolar\/","url":"https:\/\/merkezzekeriyakoy.com\/haberler\/videolar\/","name":"VideolarVideos &laquo; Merkez Zekeriyak\u00f6y","isPartOf":{"@id":"https:\/\/merkezzekeriyakoy.com\/#website"},"datePublished":"2013-07-05T09:24:28+00:00","dateModified":"2014-01-14T09:56:00+00:00","breadcrumb":{"@id":"https:\/\/merkezzekeriyakoy.com\/haberler\/videolar\/#breadcrumb"},"inLanguage":"en-US","potentialAction":[{"@type":"ReadAction","target":["https:\/\/merkezzekeriyakoy.com\/haberler\/videolar\/"]}]},{"@type":"BreadcrumbList","@id":"https:\/\/merkezzekeriyakoy.com\/haberler\/videolar\/#breadcrumb","itemListElement":[{"@type":"ListItem","position":1,"name":"Home","item":"https:\/\/merkezzekeriyakoy.com\/"},{"@type":"ListItem","position":2,"name":"HABERLER","item":"https:\/\/merkezzekeriyakoy.com\/haberler\/"},{"@type":"ListItem","position":3,"name":"Videolar"}]},{"@type":"WebSite","@id":"https:\/\/merkezzekeriyakoy.com\/#website","url":"https:\/\/merkezzekeriyakoy.com\/","name":"Merkez Zekeriyak\u00f6y","description":"Merkez Zekeriyak\u00f6y\u2019de ya\u015famak, \u0130stanbul gibi tempolu bir \u015fehirde ya\u015faman\u0131n ger\u00e7ek \u00f6d\u00fcl\u00fc","potentialAction":[{"@type":"SearchAction","target":{"@type":"EntryPoint","urlTemplate":"https:\/\/merkezzekeriyakoy.com\/?s={search_term_string}"},"query-input":"required name=search_term_string"}],"inLanguage":"en-US"}]}},"_links":{"self":[{"href":"https:\/\/merkezzekeriyakoy.com\/en\/wp-json\/wp\/v2\/pages\/1788"}],"collection":[{"href":"https:\/\/merkezzekeriyakoy.com\/en\/wp-json\/wp\/v2\/pages"}],"about":[{"href":"https:\/\/merkezzekeriyakoy.com\/en\/wp-json\/wp\/v2\/types\/page"}],"author":[{"embeddable":true,"href":"https:\/\/merkezzekeriyakoy.com\/en\/wp-json\/wp\/v2\/users\/1"}],"replies":[{"embeddable":true,"href":"https:\/\/merkezzekeriyakoy.com\/en\/wp-json\/wp\/v2\/comments?post=1788"}],"version-history":[{"count":22,"href":"https:\/\/merkezzekeriyakoy.com\/en\/wp-json\/wp\/v2\/pages\/1788\/revisions"}],"predecessor-version":[{"id":2074,"href":"https:\/\/merkezzekeriyakoy.com\/en\/wp-json\/wp\/v2\/pages\/1788\/revisions\/2074"}],"up":[{"embeddable":true,"href":"https:\/\/merkezzekeriyakoy.com\/en\/wp-json\/wp\/v2\/pages\/85"}],"wp:attachment":[{"href":"https:\/\/merkezzekeriyakoy.com\/en\/wp-json\/wp\/v2\/media?parent=1788"}],"curies":[{"name":"wp","href":"https:\/\/api.w.org\/{rel}","templated":true}]}}