{"id":2543,"date":"2015-08-11T13:21:05","date_gmt":"2015-08-11T11:21:05","guid":{"rendered":"http:\/\/merkezzekeriyakoy.com\/?page_id=2543"},"modified":"2015-08-11T13:23:40","modified_gmt":"2015-08-11T11:23:40","slug":"merkez-zekeriyakoyde-ilk-yaza-merhaba-partisi","status":"publish","type":"page","link":"https:\/\/merkezzekeriyakoy.com\/en\/merkez-zekeriyakoyde-ilk-yaza-merhaba-partisi\/","title":{"rendered":"(T\u00fcrk\u00e7e) Merkez Zekeriyak\u00f6y\u2019de \u0130lk \u2018\u2019Yaza Merhaba\u2019\u2019 Partisi"},"content":{"rendered":"<p>Sorry, this entry is only available in <a href=\"https:\/\/merkezzekeriyakoy.com\/wp-json\/wp\/v2\/pages\/2543\">T\u00fcrk\u00e7e<\/a>.<\/p>\n","protected":false},"excerpt":{"rendered":"<p>Sorry, this entry is only available in T\u00fcrk\u00e7e.<\/p>\n","protected":false},"author":1,"featured_media":0,"parent":0,"menu_order":0,"comment_status":"open","ping_status":"open","template":"gallery-page.php","meta":[],"yoast_head":"<!-- This site is optimized with the Yoast SEO plugin v20.2.1 - https:\/\/yoast.com\/wordpress\/plugins\/seo\/ -->\n<title>&laquo; Merkez Zekeriyak\u00f6y<\/title>\n<meta name=\"robots\" content=\"index, follow, max-snippet:-1, max-image-preview:large, max-video-preview:-1\" \/>\n<link rel=\"canonical\" href=\"https:\/\/merkezzekeriyakoy.com\/merkez-zekeriyakoyde-ilk-yaza-merhaba-partisi\/\" \/>\n<meta property=\"og:locale\" content=\"en_US\" \/>\n<meta property=\"og:type\" content=\"article\" \/>\n<meta property=\"og:title\" content=\"Merkez Zekeriyak\u00f6y\u2019de \u0130lk \u2018\u2019Yaza Merhaba\u2019\u2019 Partisi &laquo; Merkez Zekeriyak\u00f6y\" \/>\n<meta property=\"og:description\" content=\"Sorry, this entry is only available in T\u00fcrk\u00e7e.\" \/>\n<meta property=\"og:url\" content=\"https:\/\/merkezzekeriyakoy.com\/merkez-zekeriyakoyde-ilk-yaza-merhaba-partisi\/\" \/>\n<meta property=\"og:site_name\" content=\"Merkez Zekeriyak\u00f6y\" \/>\n<meta property=\"article:modified_time\" content=\"2015-08-11T11:23:40+00:00\" \/>\n<script type=\"application\/ld+json\" class=\"yoast-schema-graph\">{\"@context\":\"https:\/\/schema.org\",\"@graph\":[{\"@type\":\"WebPage\",\"@id\":\"https:\/\/merkezzekeriyakoy.com\/merkez-zekeriyakoyde-ilk-yaza-merhaba-partisi\/\",\"url\":\"https:\/\/merkezzekeriyakoy.com\/merkez-zekeriyakoyde-ilk-yaza-merhaba-partisi\/\",\"name\":\"Merkez Zekeriyak\u00f6y\u2019de \u0130lk \u2018\u2019Yaza Merhaba\u2019\u2019 Partisi &laquo; Merkez Zekeriyak\u00f6y\",\"isPartOf\":{\"@id\":\"https:\/\/merkezzekeriyakoy.com\/#website\"},\"datePublished\":\"2015-08-11T11:21:05+00:00\",\"dateModified\":\"2015-08-11T11:23:40+00:00\",\"breadcrumb\":{\"@id\":\"https:\/\/merkezzekeriyakoy.com\/merkez-zekeriyakoyde-ilk-yaza-merhaba-partisi\/#breadcrumb\"},\"inLanguage\":\"en-US\",\"potentialAction\":[{\"@type\":\"ReadAction\",\"target\":[\"https:\/\/merkezzekeriyakoy.com\/merkez-zekeriyakoyde-ilk-yaza-merhaba-partisi\/\"]}]},{\"@type\":\"BreadcrumbList\",\"@id\":\"https:\/\/merkezzekeriyakoy.com\/merkez-zekeriyakoyde-ilk-yaza-merhaba-partisi\/#breadcrumb\",\"itemListElement\":[{\"@type\":\"ListItem\",\"position\":1,\"name\":\"Home\",\"item\":\"https:\/\/merkezzekeriyakoy.com\/\"},{\"@type\":\"ListItem\",\"position\":2,\"name\":\"Merkez Zekeriyak\u00f6y\u2019de \u0130lk \u2018\u2019Yaza Merhaba\u2019\u2019 Partisi\"}]},{\"@type\":\"WebSite\",\"@id\":\"https:\/\/merkezzekeriyakoy.com\/#website\",\"url\":\"https:\/\/merkezzekeriyakoy.com\/\",\"name\":\"Merkez Zekeriyak\u00f6y\",\"description\":\"Merkez Zekeriyak\u00f6y\u2019de ya\u015famak, \u0130stanbul gibi tempolu bir \u015fehirde ya\u015faman\u0131n ger\u00e7ek \u00f6d\u00fcl\u00fc\",\"potentialAction\":[{\"@type\":\"SearchAction\",\"target\":{\"@type\":\"EntryPoint\",\"urlTemplate\":\"https:\/\/merkezzekeriyakoy.com\/?s={search_term_string}\"},\"query-input\":\"required name=search_term_string\"}],\"inLanguage\":\"en-US\"}]}<\/script>\n<!-- \/ Yoast SEO plugin. -->","yoast_head_json":{"title":"&laquo; Merkez Zekeriyak\u00f6y","robots":{"index":"index","follow":"follow","max-snippet":"max-snippet:-1","max-image-preview":"max-image-preview:large","max-video-preview":"max-video-preview:-1"},"canonical":"https:\/\/merkezzekeriyakoy.com\/merkez-zekeriyakoyde-ilk-yaza-merhaba-partisi\/","og_locale":"en_US","og_type":"article","og_title":"Merkez Zekeriyak\u00f6y\u2019de \u0130lk \u2018\u2019Yaza Merhaba\u2019\u2019 Partisi &laquo; Merkez Zekeriyak\u00f6y","og_description":"Sorry, this entry is only available in T\u00fcrk\u00e7e.","og_url":"https:\/\/merkezzekeriyakoy.com\/merkez-zekeriyakoyde-ilk-yaza-merhaba-partisi\/","og_site_name":"Merkez Zekeriyak\u00f6y","article_modified_time":"2015-08-11T11:23:40+00:00","schema":{"@context":"https:\/\/schema.org","@graph":[{"@type":"WebPage","@id":"https:\/\/merkezzekeriyakoy.com\/merkez-zekeriyakoyde-ilk-yaza-merhaba-partisi\/","url":"https:\/\/merkezzekeriyakoy.com\/merkez-zekeriyakoyde-ilk-yaza-merhaba-partisi\/","name":"Merkez Zekeriyak\u00f6y\u2019de \u0130lk \u2018\u2019Yaza Merhaba\u2019\u2019 Partisi &laquo; Merkez Zekeriyak\u00f6y","isPartOf":{"@id":"https:\/\/merkezzekeriyakoy.com\/#website"},"datePublished":"2015-08-11T11:21:05+00:00","dateModified":"2015-08-11T11:23:40+00:00","breadcrumb":{"@id":"https:\/\/merkezzekeriyakoy.com\/merkez-zekeriyakoyde-ilk-yaza-merhaba-partisi\/#breadcrumb"},"inLanguage":"en-US","potentialAction":[{"@type":"ReadAction","target":["https:\/\/merkezzekeriyakoy.com\/merkez-zekeriyakoyde-ilk-yaza-merhaba-partisi\/"]}]},{"@type":"BreadcrumbList","@id":"https:\/\/merkezzekeriyakoy.com\/merkez-zekeriyakoyde-ilk-yaza-merhaba-partisi\/#breadcrumb","itemListElement":[{"@type":"ListItem","position":1,"name":"Home","item":"https:\/\/merkezzekeriyakoy.com\/"},{"@type":"ListItem","position":2,"name":"Merkez Zekeriyak\u00f6y\u2019de \u0130lk \u2018\u2019Yaza Merhaba\u2019\u2019 Partisi"}]},{"@type":"WebSite","@id":"https:\/\/merkezzekeriyakoy.com\/#website","url":"https:\/\/merkezzekeriyakoy.com\/","name":"Merkez Zekeriyak\u00f6y","description":"Merkez Zekeriyak\u00f6y\u2019de ya\u015famak, \u0130stanbul gibi tempolu bir \u015fehirde ya\u015faman\u0131n ger\u00e7ek \u00f6d\u00fcl\u00fc","potentialAction":[{"@type":"SearchAction","target":{"@type":"EntryPoint","urlTemplate":"https:\/\/merkezzekeriyakoy.com\/?s={search_term_string}"},"query-input":"required name=search_term_string"}],"inLanguage":"en-US"}]}},"_links":{"self":[{"href":"https:\/\/merkezzekeriyakoy.com\/en\/wp-json\/wp\/v2\/pages\/2543"}],"collection":[{"href":"https:\/\/merkezzekeriyakoy.com\/en\/wp-json\/wp\/v2\/pages"}],"about":[{"href":"https:\/\/merkezzekeriyakoy.com\/en\/wp-json\/wp\/v2\/types\/page"}],"author":[{"embeddable":true,"href":"https:\/\/merkezzekeriyakoy.com\/en\/wp-json\/wp\/v2\/users\/1"}],"replies":[{"embeddable":true,"href":"https:\/\/merkezzekeriyakoy.com\/en\/wp-json\/wp\/v2\/comments?post=2543"}],"version-history":[{"count":1,"href":"https:\/\/merkezzekeriyakoy.com\/en\/wp-json\/wp\/v2\/pages\/2543\/revisions"}],"predecessor-version":[{"id":2544,"href":"https:\/\/merkezzekeriyakoy.com\/en\/wp-json\/wp\/v2\/pages\/2543\/revisions\/2544"}],"wp:attachment":[{"href":"https:\/\/merkezzekeriyakoy.com\/en\/wp-json\/wp\/v2\/media?parent=2543"}],"curies":[{"name":"wp","href":"https:\/\/api.w.org\/{rel}","templated":true}]}}