{"id":7,"date":"2013-05-01T19:44:17","date_gmt":"2013-05-01T19:44:17","guid":{"rendered":"http:\/\/merkezzekeriyakoy.com\/?page_id=7"},"modified":"2015-12-14T11:06:23","modified_gmt":"2015-12-14T09:06:23","slug":"bize-ulasin","status":"publish","type":"page","link":"https:\/\/merkezzekeriyakoy.com\/en\/bize-ulasin\/","title":{"rendered":"REACH US"},"content":{"rendered":"<div class=\"contact-info clearfix\"><\/p>\n<p><div><h3>TELEPHONE<\/h3><p>+90 212 202 7 111<\/p><\/div> <div><h3>FAX<\/h3><p>+90 212 202 76 04<\/p><\/div> <div><h3>E-MAIL<\/h3><p>info@merkezzekeriyakoy.com<\/p><\/div><\/p>\n<p><\/div>\n<h6>ADDRESS<\/h6>\n<p>Zekeriyak\u00f6y Mah. 2. Cadde \u2013 Sar\u0131yer (Just Beside G\u00f6\u00e7men\u2019s Ranch Riding)<\/p>\n<div class=\"cl\">&nbsp;<\/div><div class=\"separator\"><\/div>\n<p><em>Our Sales Office is open at 10:00 \u2013 19:30 at weekdays and weekends.<\/em><\/p>\n<h6>CONTACT and INFO FORM<\/h6>\n\n<div class=\"wpcf7 no-js\" id=\"wpcf7-f1682-o1\" lang=\"en-US\" dir=\"ltr\">\n<div class=\"screen-reader-response\"><p role=\"status\" aria-live=\"polite\" aria-atomic=\"true\"><\/p> <ul><\/ul><\/div>\n<form action=\"\/wp-json\/wp\/v2\/pages\/7#wpcf7-f1682-o1\" method=\"post\" class=\"wpcf7-form init\" aria-label=\"Contact form\" novalidate=\"novalidate\" data-status=\"init\">\n<div style=\"display: none;\">\n<input type=\"hidden\" name=\"_wpcf7\" value=\"1682\" \/>\n<input type=\"hidden\" name=\"_wpcf7_version\" value=\"5.7.4\" \/>\n<input type=\"hidden\" name=\"_wpcf7_locale\" value=\"en_US\" \/>\n<input type=\"hidden\" name=\"_wpcf7_unit_tag\" value=\"wpcf7-f1682-o1\" \/>\n<input type=\"hidden\" name=\"_wpcf7_container_post\" value=\"0\" \/>\n<input type=\"hidden\" name=\"_wpcf7_posted_data_hash\" value=\"\" \/>\n<\/div>\n<div class=\"contact-form\">\n\t<p><span class=\"wpcf7-form-control-wrap\" data-name=\"adiniz\"><input size=\"40\" class=\"wpcf7-form-control wpcf7-text wpcf7-validates-as-required\" aria-required=\"true\" aria-invalid=\"false\" placeholder=\"Name\" value=\"\" type=\"text\" name=\"adiniz\" \/><\/span>\n\t<\/p>\n\t<p><span class=\"wpcf7-form-control-wrap\" data-name=\"soyadiniz\"><input size=\"40\" class=\"wpcf7-form-control wpcf7-text wpcf7-validates-as-required\" aria-required=\"true\" aria-invalid=\"false\" placeholder=\"Surname\" value=\"\" type=\"text\" name=\"soyadiniz\" \/><\/span>\n\t<\/p>\n\t<div class=\"cl\">\n\t<\/div>\n\t<p><span class=\"wpcf7-form-control-wrap\" data-name=\"eposta\"><input size=\"40\" class=\"wpcf7-form-control wpcf7-text wpcf7-email wpcf7-validates-as-required wpcf7-validates-as-email longer\" aria-required=\"true\" aria-invalid=\"false\" placeholder=\"E-Mail Address\" value=\"\" type=\"email\" name=\"eposta\" \/><\/span>\n\t<\/p>\n\t<p><span class=\"wpcf7-form-control-wrap\" data-name=\"telefon_numaraniz\"><input size=\"40\" class=\"wpcf7-form-control wpcf7-text wpcf7-tel wpcf7-validates-as-tel\" aria-invalid=\"false\" placeholder=\"Phone Number\" value=\"\" type=\"tel\" name=\"telefon_numaraniz\" \/><\/span>\n\t<\/p>\n\t<div class=\"cl\">\n\t<\/div>\n\t<h3>When would you like to be called?\n\t<\/h3>\n\t<p><span class=\"wpcf7-form-control-wrap\" data-name=\"when_to_be_called\"><span class=\"wpcf7-form-control wpcf7-radio\"><span class=\"wpcf7-list-item first last\"><input type=\"radio\" name=\"when_to_be_called\" value=\"10:00 \u2013 12:00\" \/><span class=\"wpcf7-list-item-label\">10:00 \u2013 12:00<\/span><\/span><\/span><\/span>\n\t<\/p>\n\t<p><span class=\"wpcf7-form-control-wrap\" data-name=\"when_to_be_called\"><span class=\"wpcf7-form-control wpcf7-radio\"><span class=\"wpcf7-list-item first last\"><input type=\"radio\" name=\"when_to_be_called\" value=\"12:00 \u2013 13:00\" \/><span class=\"wpcf7-list-item-label\">12:00 \u2013 13:00<\/span><\/span><\/span><\/span>\n\t<\/p>\n\t<p><span class=\"wpcf7-form-control-wrap\" data-name=\"when_to_be_called\"><span class=\"wpcf7-form-control wpcf7-radio\"><span class=\"wpcf7-list-item first last\"><input type=\"radio\" name=\"when_to_be_called\" value=\"13:00 \u2013 15:00\" \/><span class=\"wpcf7-list-item-label\">13:00 \u2013 15:00<\/span><\/span><\/span><\/span>\n\t<\/p>\n\t<p><span class=\"wpcf7-form-control-wrap\" data-name=\"when_to_be_called\"><span class=\"wpcf7-form-control wpcf7-radio\"><span class=\"wpcf7-list-item first last\"><input type=\"radio\" name=\"when_to_be_called\" value=\"15:00 \u2013 18:00\" \/><span class=\"wpcf7-list-item-label\">15:00 \u2013 18:00<\/span><\/span><\/span><\/span>\n\t<\/p>\n\t<p><span class=\"wpcf7-form-control-wrap\" data-name=\"when_to_be_called\"><span class=\"wpcf7-form-control wpcf7-radio\"><span class=\"wpcf7-list-item first last\"><input type=\"radio\" name=\"when_to_be_called\" value=\"18:00 \u2013 19:30\" \/><span class=\"wpcf7-list-item-label\">18:00 \u2013 19:30<\/span><\/span><\/span><\/span>\n\t<\/p>\n\t<p><span class=\"wpcf7-form-control-wrap\" data-name=\"mesajiniz\"><textarea cols=\"40\" rows=\"10\" class=\"wpcf7-form-control wpcf7-textarea wpcf7-validates-as-required\" aria-required=\"true\" aria-invalid=\"false\" placeholder=\"Message\" name=\"mesajiniz\"><\/textarea><\/span>\n\t<\/p>\n\t<div class=\"cl\">\n\t<\/div>\n\t<p><span class=\"wpcf7-form-control-wrap\" data-name=\"newsletterTermsAccepted\"><span class=\"wpcf7-form-control wpcf7-checkbox wpcf7-validates-as-required newsletter-terms-accepted\"><span class=\"wpcf7-list-item first last\"><input type=\"checkbox\" name=\"newsletterTermsAccepted[]\" value=\"I have read the informative article. I allow\"\/><span class=\"wpcf7-list-item-label\">I have read the <a href=\"https:\/\/merkezzekeriyakoy.com\/en\/information\/\" target=\"_blank\" class=\"noajax\">informative article<\/a>. I allow<\/span><\/span><\/span><\/span><span class=\"wpcf7-form-control-wrap\" data-name=\"newsletterByPhone\"><span class=\"wpcf7-form-control wpcf7-checkbox newsletter-checkbox\"><span class=\"wpcf7-list-item first last\"><input type=\"checkbox\" name=\"newsletterByPhone[]\" value=\"Phone\" \/><span class=\"wpcf7-list-item-label\">Phone<\/span><\/span><\/span><\/span><span class=\"wpcf7-form-control-wrap\" data-name=\"newsletterBySMSandMMS\"><span class=\"wpcf7-form-control wpcf7-checkbox newsletter-checkbox\"><span class=\"wpcf7-list-item first last\"><input type=\"checkbox\" name=\"newsletterBySMSandMMS[]\" value=\"SMS\/MMS\" \/><span class=\"wpcf7-list-item-label\">SMS\/MMS<\/span><\/span><\/span><\/span><span class=\"wpcf7-form-control-wrap\" data-name=\"newsletterByEmail\"><span class=\"wpcf7-form-control wpcf7-checkbox newsletter-checkbox\"><span class=\"wpcf7-list-item first last\"><input type=\"checkbox\" name=\"newsletterByEmail[]\" value=\"E-mail\" \/><span class=\"wpcf7-list-item-label\">E-mail<\/span><\/span><\/span><\/span>\n\t<\/p>\n\t<div class=\"cl\">\n\t<\/div>\n\t<p><span class=\"wpcf7-form-control-wrap\" data-name=\"captcha-424\"><input size=\"40\" class=\"wpcf7-form-control wpcf7-captchar\" autocomplete=\"off\" aria-invalid=\"false\" value=\"\" type=\"text\" name=\"captcha-424\" \/><\/span>\n\t<\/p>\n\t<div class=\"cl\">\n\t<\/div>\n\t<p><input class=\"wpcf7-form-control has-spinner wpcf7-submit\" type=\"submit\" value=\"Send\" \/>\n\t<\/p>\n\t<div class=\"cl\">\n\t<\/div>\n<\/div><div class=\"wpcf7-response-output\" aria-hidden=\"true\"><\/div>\n<\/form>\n<\/div>\n\n","protected":false},"excerpt":{"rendered":"<p>ADDRESS Zekeriyak\u00f6y Mah. 2. Cadde \u2013 Sar\u0131yer (Just Beside G\u00f6\u00e7men\u2019s Ranch Riding) Our Sales Office is open at 10:00 \u2013 19:30 at weekdays and weekends. CONTACT and INFO FORM<\/p>\n","protected":false},"author":1,"featured_media":0,"parent":0,"menu_order":0,"comment_status":"open","ping_status":"open","template":"","meta":[],"yoast_head":"<!-- This site is optimized with the Yoast SEO plugin v20.2.1 - https:\/\/yoast.com\/wordpress\/plugins\/seo\/ -->\n<title>REACH US &laquo; Merkez Zekeriyak\u00f6y<\/title>\n<meta name=\"robots\" content=\"index, follow, max-snippet:-1, max-image-preview:large, max-video-preview:-1\" \/>\n<link rel=\"canonical\" href=\"https:\/\/merkezzekeriyakoy.com\/bize-ulasin\/\" \/>\n<meta property=\"og:locale\" content=\"en_US\" \/>\n<meta property=\"og:type\" content=\"article\" \/>\n<meta property=\"og:title\" content=\"B\u0130ZE ULA\u015eINREACH US &laquo; Merkez Zekeriyak\u00f6y\" \/>\n<meta property=\"og:description\" content=\"ADDRESS Zekeriyak\u00f6y Mah. 2. Cadde \u2013 Sar\u0131yer (Just Beside G\u00f6\u00e7men\u2019s Ranch Riding) Our Sales Office is open at 10:00 \u2013 19:30 at weekdays and weekends. CONTACT and INFO FORM\" \/>\n<meta property=\"og:url\" content=\"https:\/\/merkezzekeriyakoy.com\/bize-ulasin\/\" \/>\n<meta property=\"og:site_name\" content=\"Merkez Zekeriyak\u00f6y\" \/>\n<meta property=\"article:modified_time\" content=\"2015-12-14T09:06:23+00:00\" \/>\n<meta name=\"twitter:label1\" content=\"Est. reading time\" \/>\n\t<meta name=\"twitter:data1\" content=\"1 minute\" \/>\n<script type=\"application\/ld+json\" class=\"yoast-schema-graph\">{\"@context\":\"https:\/\/schema.org\",\"@graph\":[{\"@type\":\"WebPage\",\"@id\":\"https:\/\/merkezzekeriyakoy.com\/bize-ulasin\/\",\"url\":\"https:\/\/merkezzekeriyakoy.com\/bize-ulasin\/\",\"name\":\"B\u0130ZE ULA\u015eINREACH US &laquo; Merkez Zekeriyak\u00f6y\",\"isPartOf\":{\"@id\":\"https:\/\/merkezzekeriyakoy.com\/#website\"},\"datePublished\":\"2013-05-01T19:44:17+00:00\",\"dateModified\":\"2015-12-14T09:06:23+00:00\",\"breadcrumb\":{\"@id\":\"https:\/\/merkezzekeriyakoy.com\/bize-ulasin\/#breadcrumb\"},\"inLanguage\":\"en-US\",\"potentialAction\":[{\"@type\":\"ReadAction\",\"target\":[\"https:\/\/merkezzekeriyakoy.com\/bize-ulasin\/\"]}]},{\"@type\":\"BreadcrumbList\",\"@id\":\"https:\/\/merkezzekeriyakoy.com\/bize-ulasin\/#breadcrumb\",\"itemListElement\":[{\"@type\":\"ListItem\",\"position\":1,\"name\":\"Home\",\"item\":\"https:\/\/merkezzekeriyakoy.com\/\"},{\"@type\":\"ListItem\",\"position\":2,\"name\":\"B\u0130ZE ULA\u015eIN\"}]},{\"@type\":\"WebSite\",\"@id\":\"https:\/\/merkezzekeriyakoy.com\/#website\",\"url\":\"https:\/\/merkezzekeriyakoy.com\/\",\"name\":\"Merkez Zekeriyak\u00f6y\",\"description\":\"Merkez Zekeriyak\u00f6y\u2019de ya\u015famak, \u0130stanbul gibi tempolu bir \u015fehirde ya\u015faman\u0131n ger\u00e7ek \u00f6d\u00fcl\u00fc\",\"potentialAction\":[{\"@type\":\"SearchAction\",\"target\":{\"@type\":\"EntryPoint\",\"urlTemplate\":\"https:\/\/merkezzekeriyakoy.com\/?s={search_term_string}\"},\"query-input\":\"required name=search_term_string\"}],\"inLanguage\":\"en-US\"}]}<\/script>\n<!-- \/ Yoast SEO plugin. -->","yoast_head_json":{"title":"REACH US &laquo; Merkez Zekeriyak\u00f6y","robots":{"index":"index","follow":"follow","max-snippet":"max-snippet:-1","max-image-preview":"max-image-preview:large","max-video-preview":"max-video-preview:-1"},"canonical":"https:\/\/merkezzekeriyakoy.com\/bize-ulasin\/","og_locale":"en_US","og_type":"article","og_title":"B\u0130ZE ULA\u015eINREACH US &laquo; Merkez Zekeriyak\u00f6y","og_description":"ADDRESS Zekeriyak\u00f6y Mah. 2. Cadde \u2013 Sar\u0131yer (Just Beside G\u00f6\u00e7men\u2019s Ranch Riding) Our Sales Office is open at 10:00 \u2013 19:30 at weekdays and weekends. CONTACT and INFO FORM","og_url":"https:\/\/merkezzekeriyakoy.com\/bize-ulasin\/","og_site_name":"Merkez Zekeriyak\u00f6y","article_modified_time":"2015-12-14T09:06:23+00:00","twitter_misc":{"Est. reading time":"1 minute"},"schema":{"@context":"https:\/\/schema.org","@graph":[{"@type":"WebPage","@id":"https:\/\/merkezzekeriyakoy.com\/bize-ulasin\/","url":"https:\/\/merkezzekeriyakoy.com\/bize-ulasin\/","name":"B\u0130ZE ULA\u015eINREACH US &laquo; Merkez Zekeriyak\u00f6y","isPartOf":{"@id":"https:\/\/merkezzekeriyakoy.com\/#website"},"datePublished":"2013-05-01T19:44:17+00:00","dateModified":"2015-12-14T09:06:23+00:00","breadcrumb":{"@id":"https:\/\/merkezzekeriyakoy.com\/bize-ulasin\/#breadcrumb"},"inLanguage":"en-US","potentialAction":[{"@type":"ReadAction","target":["https:\/\/merkezzekeriyakoy.com\/bize-ulasin\/"]}]},{"@type":"BreadcrumbList","@id":"https:\/\/merkezzekeriyakoy.com\/bize-ulasin\/#breadcrumb","itemListElement":[{"@type":"ListItem","position":1,"name":"Home","item":"https:\/\/merkezzekeriyakoy.com\/"},{"@type":"ListItem","position":2,"name":"B\u0130ZE ULA\u015eIN"}]},{"@type":"WebSite","@id":"https:\/\/merkezzekeriyakoy.com\/#website","url":"https:\/\/merkezzekeriyakoy.com\/","name":"Merkez Zekeriyak\u00f6y","description":"Merkez Zekeriyak\u00f6y\u2019de ya\u015famak, \u0130stanbul gibi tempolu bir \u015fehirde ya\u015faman\u0131n ger\u00e7ek \u00f6d\u00fcl\u00fc","potentialAction":[{"@type":"SearchAction","target":{"@type":"EntryPoint","urlTemplate":"https:\/\/merkezzekeriyakoy.com\/?s={search_term_string}"},"query-input":"required name=search_term_string"}],"inLanguage":"en-US"}]}},"_links":{"self":[{"href":"https:\/\/merkezzekeriyakoy.com\/en\/wp-json\/wp\/v2\/pages\/7"}],"collection":[{"href":"https:\/\/merkezzekeriyakoy.com\/en\/wp-json\/wp\/v2\/pages"}],"about":[{"href":"https:\/\/merkezzekeriyakoy.com\/en\/wp-json\/wp\/v2\/types\/page"}],"author":[{"embeddable":true,"href":"https:\/\/merkezzekeriyakoy.com\/en\/wp-json\/wp\/v2\/users\/1"}],"replies":[{"embeddable":true,"href":"https:\/\/merkezzekeriyakoy.com\/en\/wp-json\/wp\/v2\/comments?post=7"}],"version-history":[{"count":40,"href":"https:\/\/merkezzekeriyakoy.com\/en\/wp-json\/wp\/v2\/pages\/7\/revisions"}],"predecessor-version":[{"id":2608,"href":"https:\/\/merkezzekeriyakoy.com\/en\/wp-json\/wp\/v2\/pages\/7\/revisions\/2608"}],"wp:attachment":[{"href":"https:\/\/merkezzekeriyakoy.com\/en\/wp-json\/wp\/v2\/media?parent=7"}],"curies":[{"name":"wp","href":"https:\/\/api.w.org\/{rel}","templated":true}]}}