{"id":8,"date":"2013-05-01T19:44:27","date_gmt":"2013-05-01T19:44:27","guid":{"rendered":"http:\/\/merkezzekeriyakoy.com\/?page_id=8"},"modified":"2016-10-31T12:26:57","modified_gmt":"2016-10-31T10:26:57","slug":"finansal-avantajlar","status":"publish","type":"page","link":"https:\/\/merkezzekeriyakoy.com\/en\/finansal-avantajlar\/","title":{"rendered":"Financial Advantages"},"content":{"rendered":"<h3>Most Important Thing is \u201cSQM Price\u201d<\/h3>\n<table border=\"0\" width=\"\" cellspacing=\"0\" cellpadding=\"0\">\n<tbody>\n<tr>\n<th style=\"width: 175px;\" valign=\"top\">House Type<\/th>\n<th style=\"width: 60px;\" valign=\"top\">Sqm<\/th>\n<th style=\"width: 60px;\" valign=\"top\">Min Sqm Price<\/th>\n<\/tr>\n<tr>\n<td style=\"width: 175px;\" valign=\"top\">2+1 Penthouse Duplex<\/td>\n<td style=\"width: 60px;\" valign=\"top\">140<\/td>\n<td style=\"width: 60px;\" valign=\"top\">6.138 TL<\/td>\n<\/tr>\n<tr>\n<td style=\"width: 175px;\" valign=\"top\">3+1 Garden Duplex (*)<\/td>\n<td style=\"width: 60px;\" valign=\"top\">179<\/td>\n<td style=\"width: 60px;\" valign=\"top\">7.980 TL<\/td>\n<\/tr>\n<\/tbody>\n<\/table>\n<p>(*) Garden Duplexes become as 4+1 with their Multi Purpose Lounge which changes between 18 sqm and 21 sqm. <a href=\"http:\/\/merkezzekeriyakoy.com\/wp-content\/uploads\/ORTADOG\u0306U-banner-Eylu\u0308l.gif\"><img decoding=\"async\" loading=\"lazy\" class=\"alignnone size-full wp-image-2653\" src=\"http:\/\/merkezzekeriyakoy.com\/wp-content\/uploads\/ORTADOG\u0306U-banner-Eylu\u0308l.gif\" alt=\"ORTADOG\u0306U-banner-Eylu\u0308l\" width=\"300\" height=\"250\" \/><\/a><\/p>\n","protected":false},"excerpt":{"rendered":"<p>Most Important Thing is \u201cSQM Price\u201d House Type Sqm Min Sqm Price 2+1 Penthouse Duplex 140 6.138 TL 3+1 Garden Duplex (*) 179 7.980 TL (*) Garden Duplexes become as 4+1 with their Multi Purpose Lounge which changes between 18 sqm and 21 sqm.<\/p>\n","protected":false},"author":1,"featured_media":0,"parent":0,"menu_order":0,"comment_status":"open","ping_status":"open","template":"page-financial-benefits.php","meta":[],"yoast_head":"<!-- This site is optimized with the Yoast SEO plugin v20.2.1 - https:\/\/yoast.com\/wordpress\/plugins\/seo\/ -->\n<title>Financial Advantages &laquo; Merkez Zekeriyak\u00f6y<\/title>\n<meta name=\"robots\" content=\"index, follow, max-snippet:-1, max-image-preview:large, max-video-preview:-1\" \/>\n<link rel=\"canonical\" href=\"https:\/\/merkezzekeriyakoy.com\/finansal-avantajlar\/\" \/>\n<meta property=\"og:locale\" content=\"en_US\" \/>\n<meta property=\"og:type\" content=\"article\" \/>\n<meta property=\"og:title\" content=\"Finansal AvantajlarFinancial Advantages &laquo; Merkez Zekeriyak\u00f6y\" \/>\n<meta property=\"og:description\" content=\"Most Important Thing is \u201cSQM Price\u201d House Type Sqm Min Sqm Price 2+1 Penthouse Duplex 140 6.138 TL 3+1 Garden Duplex (*) 179 7.980 TL (*) Garden Duplexes become as 4+1 with their Multi Purpose Lounge which changes between 18 sqm and 21 sqm.\" \/>\n<meta property=\"og:url\" content=\"https:\/\/merkezzekeriyakoy.com\/finansal-avantajlar\/\" \/>\n<meta property=\"og:site_name\" content=\"Merkez Zekeriyak\u00f6y\" \/>\n<meta property=\"article:modified_time\" content=\"2016-10-31T10:26:57+00:00\" \/>\n<script type=\"application\/ld+json\" class=\"yoast-schema-graph\">{\"@context\":\"https:\/\/schema.org\",\"@graph\":[{\"@type\":\"WebPage\",\"@id\":\"https:\/\/merkezzekeriyakoy.com\/finansal-avantajlar\/\",\"url\":\"https:\/\/merkezzekeriyakoy.com\/finansal-avantajlar\/\",\"name\":\"Finansal AvantajlarFinancial Advantages &laquo; Merkez Zekeriyak\u00f6y\",\"isPartOf\":{\"@id\":\"https:\/\/merkezzekeriyakoy.com\/#website\"},\"datePublished\":\"2013-05-01T19:44:27+00:00\",\"dateModified\":\"2016-10-31T10:26:57+00:00\",\"breadcrumb\":{\"@id\":\"https:\/\/merkezzekeriyakoy.com\/finansal-avantajlar\/#breadcrumb\"},\"inLanguage\":\"en-US\",\"potentialAction\":[{\"@type\":\"ReadAction\",\"target\":[\"https:\/\/merkezzekeriyakoy.com\/finansal-avantajlar\/\"]}]},{\"@type\":\"BreadcrumbList\",\"@id\":\"https:\/\/merkezzekeriyakoy.com\/finansal-avantajlar\/#breadcrumb\",\"itemListElement\":[{\"@type\":\"ListItem\",\"position\":1,\"name\":\"Home\",\"item\":\"https:\/\/merkezzekeriyakoy.com\/\"},{\"@type\":\"ListItem\",\"position\":2,\"name\":\"Finansal Avantajlar\"}]},{\"@type\":\"WebSite\",\"@id\":\"https:\/\/merkezzekeriyakoy.com\/#website\",\"url\":\"https:\/\/merkezzekeriyakoy.com\/\",\"name\":\"Merkez Zekeriyak\u00f6y\",\"description\":\"Merkez Zekeriyak\u00f6y\u2019de ya\u015famak, \u0130stanbul gibi tempolu bir \u015fehirde ya\u015faman\u0131n ger\u00e7ek \u00f6d\u00fcl\u00fc\",\"potentialAction\":[{\"@type\":\"SearchAction\",\"target\":{\"@type\":\"EntryPoint\",\"urlTemplate\":\"https:\/\/merkezzekeriyakoy.com\/?s={search_term_string}\"},\"query-input\":\"required name=search_term_string\"}],\"inLanguage\":\"en-US\"}]}<\/script>\n<!-- \/ Yoast SEO plugin. -->","yoast_head_json":{"title":"Financial Advantages &laquo; Merkez Zekeriyak\u00f6y","robots":{"index":"index","follow":"follow","max-snippet":"max-snippet:-1","max-image-preview":"max-image-preview:large","max-video-preview":"max-video-preview:-1"},"canonical":"https:\/\/merkezzekeriyakoy.com\/finansal-avantajlar\/","og_locale":"en_US","og_type":"article","og_title":"Finansal AvantajlarFinancial Advantages &laquo; Merkez Zekeriyak\u00f6y","og_description":"Most Important Thing is \u201cSQM Price\u201d House Type Sqm Min Sqm Price 2+1 Penthouse Duplex 140 6.138 TL 3+1 Garden Duplex (*) 179 7.980 TL (*) Garden Duplexes become as 4+1 with their Multi Purpose Lounge which changes between 18 sqm and 21 sqm.","og_url":"https:\/\/merkezzekeriyakoy.com\/finansal-avantajlar\/","og_site_name":"Merkez Zekeriyak\u00f6y","article_modified_time":"2016-10-31T10:26:57+00:00","schema":{"@context":"https:\/\/schema.org","@graph":[{"@type":"WebPage","@id":"https:\/\/merkezzekeriyakoy.com\/finansal-avantajlar\/","url":"https:\/\/merkezzekeriyakoy.com\/finansal-avantajlar\/","name":"Finansal AvantajlarFinancial Advantages &laquo; Merkez Zekeriyak\u00f6y","isPartOf":{"@id":"https:\/\/merkezzekeriyakoy.com\/#website"},"datePublished":"2013-05-01T19:44:27+00:00","dateModified":"2016-10-31T10:26:57+00:00","breadcrumb":{"@id":"https:\/\/merkezzekeriyakoy.com\/finansal-avantajlar\/#breadcrumb"},"inLanguage":"en-US","potentialAction":[{"@type":"ReadAction","target":["https:\/\/merkezzekeriyakoy.com\/finansal-avantajlar\/"]}]},{"@type":"BreadcrumbList","@id":"https:\/\/merkezzekeriyakoy.com\/finansal-avantajlar\/#breadcrumb","itemListElement":[{"@type":"ListItem","position":1,"name":"Home","item":"https:\/\/merkezzekeriyakoy.com\/"},{"@type":"ListItem","position":2,"name":"Finansal Avantajlar"}]},{"@type":"WebSite","@id":"https:\/\/merkezzekeriyakoy.com\/#website","url":"https:\/\/merkezzekeriyakoy.com\/","name":"Merkez Zekeriyak\u00f6y","description":"Merkez Zekeriyak\u00f6y\u2019de ya\u015famak, \u0130stanbul gibi tempolu bir \u015fehirde ya\u015faman\u0131n ger\u00e7ek \u00f6d\u00fcl\u00fc","potentialAction":[{"@type":"SearchAction","target":{"@type":"EntryPoint","urlTemplate":"https:\/\/merkezzekeriyakoy.com\/?s={search_term_string}"},"query-input":"required name=search_term_string"}],"inLanguage":"en-US"}]}},"_links":{"self":[{"href":"https:\/\/merkezzekeriyakoy.com\/en\/wp-json\/wp\/v2\/pages\/8"}],"collection":[{"href":"https:\/\/merkezzekeriyakoy.com\/en\/wp-json\/wp\/v2\/pages"}],"about":[{"href":"https:\/\/merkezzekeriyakoy.com\/en\/wp-json\/wp\/v2\/types\/page"}],"author":[{"embeddable":true,"href":"https:\/\/merkezzekeriyakoy.com\/en\/wp-json\/wp\/v2\/users\/1"}],"replies":[{"embeddable":true,"href":"https:\/\/merkezzekeriyakoy.com\/en\/wp-json\/wp\/v2\/comments?post=8"}],"version-history":[{"count":90,"href":"https:\/\/merkezzekeriyakoy.com\/en\/wp-json\/wp\/v2\/pages\/8\/revisions"}],"predecessor-version":[{"id":2675,"href":"https:\/\/merkezzekeriyakoy.com\/en\/wp-json\/wp\/v2\/pages\/8\/revisions\/2675"}],"wp:attachment":[{"href":"https:\/\/merkezzekeriyakoy.com\/en\/wp-json\/wp\/v2\/media?parent=8"}],"curies":[{"name":"wp","href":"https:\/\/api.w.org\/{rel}","templated":true}]}}