{"id":82,"date":"2013-05-08T16:29:51","date_gmt":"2013-05-08T16:29:51","guid":{"rendered":"http:\/\/merkezzekeriyakoy.com\/?page_id=82"},"modified":"2013-08-26T18:32:03","modified_gmt":"2013-08-26T16:32:03","slug":"ulasim","status":"publish","type":"page","link":"https:\/\/merkezzekeriyakoy.com\/en\/ulasim\/","title":{"rendered":"TRANSPORTATION"},"content":{"rendered":"<p>To download the overlay in PDF format, please click on the image. To view the map in Google Maps, please click on map image.<\/p>\n<p>To be able to reach Merkez Zekeriyak\u00f6y with ease, please take a look at our <strong><a title=\"YOL TAR\u0130F\u0130\" href=\"http:\/\/merkezzekeriyakoy.com\/yol-tarifi\/\">Directions<\/a> <\/strong>page.<\/p>\n","protected":false},"excerpt":{"rendered":"<p>To download the overlay in PDF format, please click on the image. To view the map in Google Maps, please click on map image. To be able to reach Merkez Zekeriyak\u00f6y with ease, please take a look at our Directions page.<\/p>\n","protected":false},"author":1,"featured_media":0,"parent":0,"menu_order":0,"comment_status":"open","ping_status":"open","template":"page-transport.php","meta":[],"yoast_head":"<!-- This site is optimized with the Yoast SEO plugin v20.2.1 - https:\/\/yoast.com\/wordpress\/plugins\/seo\/ -->\n<title>TRANSPORTATION &laquo; Merkez Zekeriyak\u00f6y<\/title>\n<meta name=\"robots\" content=\"index, follow, max-snippet:-1, max-image-preview:large, max-video-preview:-1\" \/>\n<link rel=\"canonical\" href=\"https:\/\/merkezzekeriyakoy.com\/ulasim\/\" \/>\n<meta property=\"og:locale\" content=\"en_US\" \/>\n<meta property=\"og:type\" content=\"article\" \/>\n<meta property=\"og:title\" content=\"ULA\u015eIMTRANSPORTATION &laquo; Merkez Zekeriyak\u00f6y\" \/>\n<meta property=\"og:description\" content=\"To download the overlay in PDF format, please click on the image. To view the map in Google Maps, please click on map image. To be able to reach Merkez Zekeriyak\u00f6y with ease, please take a look at our Directions page.\" \/>\n<meta property=\"og:url\" content=\"https:\/\/merkezzekeriyakoy.com\/ulasim\/\" \/>\n<meta property=\"og:site_name\" content=\"Merkez Zekeriyak\u00f6y\" \/>\n<meta property=\"article:modified_time\" content=\"2013-08-26T16:32:03+00:00\" \/>\n<script type=\"application\/ld+json\" class=\"yoast-schema-graph\">{\"@context\":\"https:\/\/schema.org\",\"@graph\":[{\"@type\":\"WebPage\",\"@id\":\"https:\/\/merkezzekeriyakoy.com\/ulasim\/\",\"url\":\"https:\/\/merkezzekeriyakoy.com\/ulasim\/\",\"name\":\"ULA\u015eIMTRANSPORTATION &laquo; Merkez Zekeriyak\u00f6y\",\"isPartOf\":{\"@id\":\"https:\/\/merkezzekeriyakoy.com\/#website\"},\"datePublished\":\"2013-05-08T16:29:51+00:00\",\"dateModified\":\"2013-08-26T16:32:03+00:00\",\"breadcrumb\":{\"@id\":\"https:\/\/merkezzekeriyakoy.com\/ulasim\/#breadcrumb\"},\"inLanguage\":\"en-US\",\"potentialAction\":[{\"@type\":\"ReadAction\",\"target\":[\"https:\/\/merkezzekeriyakoy.com\/ulasim\/\"]}]},{\"@type\":\"BreadcrumbList\",\"@id\":\"https:\/\/merkezzekeriyakoy.com\/ulasim\/#breadcrumb\",\"itemListElement\":[{\"@type\":\"ListItem\",\"position\":1,\"name\":\"Home\",\"item\":\"https:\/\/merkezzekeriyakoy.com\/\"},{\"@type\":\"ListItem\",\"position\":2,\"name\":\"ULA\u015eIM\"}]},{\"@type\":\"WebSite\",\"@id\":\"https:\/\/merkezzekeriyakoy.com\/#website\",\"url\":\"https:\/\/merkezzekeriyakoy.com\/\",\"name\":\"Merkez Zekeriyak\u00f6y\",\"description\":\"Merkez Zekeriyak\u00f6y\u2019de ya\u015famak, \u0130stanbul gibi tempolu bir \u015fehirde ya\u015faman\u0131n ger\u00e7ek \u00f6d\u00fcl\u00fc\",\"potentialAction\":[{\"@type\":\"SearchAction\",\"target\":{\"@type\":\"EntryPoint\",\"urlTemplate\":\"https:\/\/merkezzekeriyakoy.com\/?s={search_term_string}\"},\"query-input\":\"required name=search_term_string\"}],\"inLanguage\":\"en-US\"}]}<\/script>\n<!-- \/ Yoast SEO plugin. -->","yoast_head_json":{"title":"TRANSPORTATION &laquo; Merkez Zekeriyak\u00f6y","robots":{"index":"index","follow":"follow","max-snippet":"max-snippet:-1","max-image-preview":"max-image-preview:large","max-video-preview":"max-video-preview:-1"},"canonical":"https:\/\/merkezzekeriyakoy.com\/ulasim\/","og_locale":"en_US","og_type":"article","og_title":"ULA\u015eIMTRANSPORTATION &laquo; Merkez Zekeriyak\u00f6y","og_description":"To download the overlay in PDF format, please click on the image. To view the map in Google Maps, please click on map image. To be able to reach Merkez Zekeriyak\u00f6y with ease, please take a look at our Directions page.","og_url":"https:\/\/merkezzekeriyakoy.com\/ulasim\/","og_site_name":"Merkez Zekeriyak\u00f6y","article_modified_time":"2013-08-26T16:32:03+00:00","schema":{"@context":"https:\/\/schema.org","@graph":[{"@type":"WebPage","@id":"https:\/\/merkezzekeriyakoy.com\/ulasim\/","url":"https:\/\/merkezzekeriyakoy.com\/ulasim\/","name":"ULA\u015eIMTRANSPORTATION &laquo; Merkez Zekeriyak\u00f6y","isPartOf":{"@id":"https:\/\/merkezzekeriyakoy.com\/#website"},"datePublished":"2013-05-08T16:29:51+00:00","dateModified":"2013-08-26T16:32:03+00:00","breadcrumb":{"@id":"https:\/\/merkezzekeriyakoy.com\/ulasim\/#breadcrumb"},"inLanguage":"en-US","potentialAction":[{"@type":"ReadAction","target":["https:\/\/merkezzekeriyakoy.com\/ulasim\/"]}]},{"@type":"BreadcrumbList","@id":"https:\/\/merkezzekeriyakoy.com\/ulasim\/#breadcrumb","itemListElement":[{"@type":"ListItem","position":1,"name":"Home","item":"https:\/\/merkezzekeriyakoy.com\/"},{"@type":"ListItem","position":2,"name":"ULA\u015eIM"}]},{"@type":"WebSite","@id":"https:\/\/merkezzekeriyakoy.com\/#website","url":"https:\/\/merkezzekeriyakoy.com\/","name":"Merkez Zekeriyak\u00f6y","description":"Merkez Zekeriyak\u00f6y\u2019de ya\u015famak, \u0130stanbul gibi tempolu bir \u015fehirde ya\u015faman\u0131n ger\u00e7ek \u00f6d\u00fcl\u00fc","potentialAction":[{"@type":"SearchAction","target":{"@type":"EntryPoint","urlTemplate":"https:\/\/merkezzekeriyakoy.com\/?s={search_term_string}"},"query-input":"required name=search_term_string"}],"inLanguage":"en-US"}]}},"_links":{"self":[{"href":"https:\/\/merkezzekeriyakoy.com\/en\/wp-json\/wp\/v2\/pages\/82"}],"collection":[{"href":"https:\/\/merkezzekeriyakoy.com\/en\/wp-json\/wp\/v2\/pages"}],"about":[{"href":"https:\/\/merkezzekeriyakoy.com\/en\/wp-json\/wp\/v2\/types\/page"}],"author":[{"embeddable":true,"href":"https:\/\/merkezzekeriyakoy.com\/en\/wp-json\/wp\/v2\/users\/1"}],"replies":[{"embeddable":true,"href":"https:\/\/merkezzekeriyakoy.com\/en\/wp-json\/wp\/v2\/comments?post=82"}],"version-history":[{"count":47,"href":"https:\/\/merkezzekeriyakoy.com\/en\/wp-json\/wp\/v2\/pages\/82\/revisions"}],"predecessor-version":[{"id":1873,"href":"https:\/\/merkezzekeriyakoy.com\/en\/wp-json\/wp\/v2\/pages\/82\/revisions\/1873"}],"wp:attachment":[{"href":"https:\/\/merkezzekeriyakoy.com\/en\/wp-json\/wp\/v2\/media?parent=82"}],"curies":[{"name":"wp","href":"https:\/\/api.w.org\/{rel}","templated":true}]}}