{"id":83,"date":"2013-05-08T16:30:04","date_gmt":"2013-05-08T16:30:04","guid":{"rendered":"http:\/\/merkezzekeriyakoy.com\/?page_id=83"},"modified":"2015-02-11T10:48:37","modified_gmt":"2015-02-11T08:48:37","slug":"e-katalog","status":"publish","type":"page","link":"https:\/\/merkezzekeriyakoy.com\/en\/e-katalog\/","title":{"rendered":"E-Prospectus"},"content":{"rendered":"<p>Merkez Zekeriyakoy e-prospectus can be downloaded in PDF format and it can be printed as you require.<\/p>\n<p><a href=\"http:\/\/www.merkezzekeriyakoy.com\/catalog\/merkez-zekeriyakoy-katalog.pdf\" target=\"_blank\" class=\"noajax\"><img decoding=\"async\" loading=\"lazy\" class=\"alignnone size-full wp-image-612\" alt=\"pdf_icon\" src=\"http:\/\/merkezzekeriyakoy.com\/wp-content\/uploads\/pdf_icon.gif\" width=\"25\" height=\"25\" \/>\u00a0PDF Catalog<\/a><\/p>\n","protected":false},"excerpt":{"rendered":"<p>Merkez Zekeriyakoy e-prospectus can be downloaded in PDF format and it can be printed as you require. \u00a0PDF Catalog<\/p>\n","protected":false},"author":1,"featured_media":0,"parent":0,"menu_order":0,"comment_status":"open","ping_status":"open","template":"","meta":[],"yoast_head":"<!-- This site is optimized with the Yoast SEO plugin v20.2.1 - https:\/\/yoast.com\/wordpress\/plugins\/seo\/ -->\n<title>E-Prospectus  &laquo; Merkez Zekeriyak\u00f6y<\/title>\n<meta name=\"robots\" content=\"index, follow, max-snippet:-1, max-image-preview:large, max-video-preview:-1\" \/>\n<link rel=\"canonical\" href=\"https:\/\/merkezzekeriyakoy.com\/e-katalog\/\" \/>\n<meta property=\"og:locale\" content=\"en_US\" \/>\n<meta property=\"og:type\" content=\"article\" \/>\n<meta property=\"og:title\" content=\"E-KatalogE-Prospectus  &laquo; Merkez Zekeriyak\u00f6y\" \/>\n<meta property=\"og:description\" content=\"Merkez Zekeriyakoy e-prospectus can be downloaded in PDF format and it can be printed as you require. \u00a0PDF Catalog\" \/>\n<meta property=\"og:url\" content=\"https:\/\/merkezzekeriyakoy.com\/e-katalog\/\" \/>\n<meta property=\"og:site_name\" content=\"Merkez Zekeriyak\u00f6y\" \/>\n<meta property=\"article:modified_time\" content=\"2015-02-11T08:48:37+00:00\" \/>\n<meta property=\"og:image\" content=\"http:\/\/merkezzekeriyakoy.com\/wp-content\/uploads\/pdf_icon.gif\" \/>\n<script type=\"application\/ld+json\" class=\"yoast-schema-graph\">{\"@context\":\"https:\/\/schema.org\",\"@graph\":[{\"@type\":\"WebPage\",\"@id\":\"https:\/\/merkezzekeriyakoy.com\/e-katalog\/\",\"url\":\"https:\/\/merkezzekeriyakoy.com\/e-katalog\/\",\"name\":\"E-KatalogE-Prospectus &laquo; Merkez Zekeriyak\u00f6y\",\"isPartOf\":{\"@id\":\"https:\/\/merkezzekeriyakoy.com\/#website\"},\"datePublished\":\"2013-05-08T16:30:04+00:00\",\"dateModified\":\"2015-02-11T08:48:37+00:00\",\"breadcrumb\":{\"@id\":\"https:\/\/merkezzekeriyakoy.com\/e-katalog\/#breadcrumb\"},\"inLanguage\":\"en-US\",\"potentialAction\":[{\"@type\":\"ReadAction\",\"target\":[\"https:\/\/merkezzekeriyakoy.com\/e-katalog\/\"]}]},{\"@type\":\"BreadcrumbList\",\"@id\":\"https:\/\/merkezzekeriyakoy.com\/e-katalog\/#breadcrumb\",\"itemListElement\":[{\"@type\":\"ListItem\",\"position\":1,\"name\":\"Home\",\"item\":\"https:\/\/merkezzekeriyakoy.com\/\"},{\"@type\":\"ListItem\",\"position\":2,\"name\":\"E-Katalog\"}]},{\"@type\":\"WebSite\",\"@id\":\"https:\/\/merkezzekeriyakoy.com\/#website\",\"url\":\"https:\/\/merkezzekeriyakoy.com\/\",\"name\":\"Merkez Zekeriyak\u00f6y\",\"description\":\"Merkez Zekeriyak\u00f6y\u2019de ya\u015famak, \u0130stanbul gibi tempolu bir \u015fehirde ya\u015faman\u0131n ger\u00e7ek \u00f6d\u00fcl\u00fc\",\"potentialAction\":[{\"@type\":\"SearchAction\",\"target\":{\"@type\":\"EntryPoint\",\"urlTemplate\":\"https:\/\/merkezzekeriyakoy.com\/?s={search_term_string}\"},\"query-input\":\"required name=search_term_string\"}],\"inLanguage\":\"en-US\"}]}<\/script>\n<!-- \/ Yoast SEO plugin. -->","yoast_head_json":{"title":"E-Prospectus  &laquo; Merkez Zekeriyak\u00f6y","robots":{"index":"index","follow":"follow","max-snippet":"max-snippet:-1","max-image-preview":"max-image-preview:large","max-video-preview":"max-video-preview:-1"},"canonical":"https:\/\/merkezzekeriyakoy.com\/e-katalog\/","og_locale":"en_US","og_type":"article","og_title":"E-KatalogE-Prospectus  &laquo; Merkez Zekeriyak\u00f6y","og_description":"Merkez Zekeriyakoy e-prospectus can be downloaded in PDF format and it can be printed as you require. \u00a0PDF Catalog","og_url":"https:\/\/merkezzekeriyakoy.com\/e-katalog\/","og_site_name":"Merkez Zekeriyak\u00f6y","article_modified_time":"2015-02-11T08:48:37+00:00","og_image":[{"url":"http:\/\/merkezzekeriyakoy.com\/wp-content\/uploads\/pdf_icon.gif"}],"schema":{"@context":"https:\/\/schema.org","@graph":[{"@type":"WebPage","@id":"https:\/\/merkezzekeriyakoy.com\/e-katalog\/","url":"https:\/\/merkezzekeriyakoy.com\/e-katalog\/","name":"E-KatalogE-Prospectus &laquo; Merkez Zekeriyak\u00f6y","isPartOf":{"@id":"https:\/\/merkezzekeriyakoy.com\/#website"},"datePublished":"2013-05-08T16:30:04+00:00","dateModified":"2015-02-11T08:48:37+00:00","breadcrumb":{"@id":"https:\/\/merkezzekeriyakoy.com\/e-katalog\/#breadcrumb"},"inLanguage":"en-US","potentialAction":[{"@type":"ReadAction","target":["https:\/\/merkezzekeriyakoy.com\/e-katalog\/"]}]},{"@type":"BreadcrumbList","@id":"https:\/\/merkezzekeriyakoy.com\/e-katalog\/#breadcrumb","itemListElement":[{"@type":"ListItem","position":1,"name":"Home","item":"https:\/\/merkezzekeriyakoy.com\/"},{"@type":"ListItem","position":2,"name":"E-Katalog"}]},{"@type":"WebSite","@id":"https:\/\/merkezzekeriyakoy.com\/#website","url":"https:\/\/merkezzekeriyakoy.com\/","name":"Merkez Zekeriyak\u00f6y","description":"Merkez Zekeriyak\u00f6y\u2019de ya\u015famak, \u0130stanbul gibi tempolu bir \u015fehirde ya\u015faman\u0131n ger\u00e7ek \u00f6d\u00fcl\u00fc","potentialAction":[{"@type":"SearchAction","target":{"@type":"EntryPoint","urlTemplate":"https:\/\/merkezzekeriyakoy.com\/?s={search_term_string}"},"query-input":"required name=search_term_string"}],"inLanguage":"en-US"}]}},"_links":{"self":[{"href":"https:\/\/merkezzekeriyakoy.com\/en\/wp-json\/wp\/v2\/pages\/83"}],"collection":[{"href":"https:\/\/merkezzekeriyakoy.com\/en\/wp-json\/wp\/v2\/pages"}],"about":[{"href":"https:\/\/merkezzekeriyakoy.com\/en\/wp-json\/wp\/v2\/types\/page"}],"author":[{"embeddable":true,"href":"https:\/\/merkezzekeriyakoy.com\/en\/wp-json\/wp\/v2\/users\/1"}],"replies":[{"embeddable":true,"href":"https:\/\/merkezzekeriyakoy.com\/en\/wp-json\/wp\/v2\/comments?post=83"}],"version-history":[{"count":29,"href":"https:\/\/merkezzekeriyakoy.com\/en\/wp-json\/wp\/v2\/pages\/83\/revisions"}],"predecessor-version":[{"id":2394,"href":"https:\/\/merkezzekeriyakoy.com\/en\/wp-json\/wp\/v2\/pages\/83\/revisions\/2394"}],"wp:attachment":[{"href":"https:\/\/merkezzekeriyakoy.com\/en\/wp-json\/wp\/v2\/media?parent=83"}],"curies":[{"name":"wp","href":"https:\/\/api.w.org\/{rel}","templated":true}]}}